{"id":3885,"date":"2017-04-11T16:07:23","date_gmt":"2017-04-11T16:07:23","guid":{"rendered":"https:\/\/nutsyllaspallas.com\/2013-2\/"},"modified":"2025-01-31T09:03:35","modified_gmt":"2025-01-31T09:03:35","slug":"2013-2","status":"publish","type":"page","link":"https:\/\/nutsyllaspallas.com\/en\/history\/2013-2\/","title":{"rendered":"2013"},"content":{"rendered":"\n<h2 class=\"wp-block-heading\">Results<\/h2>\n\n\n\n<!--more-->\n\n\n\n<figure class=\"wp-block-table\"><table class=\"has-fixed-layout\"><tbody><tr><td><strong>&nbsp;Bib &nbsp; &nbsp;<\/strong><\/td><td><strong>&nbsp;Nimi\/Name<\/strong><\/td><td><strong>&nbsp;Club<\/strong><\/td><td><strong>&nbsp;Nationality<\/strong><\/td><td><strong>&nbsp;Time&nbsp;<\/strong><\/td><\/tr><tr><td>&nbsp;<\/td><td>&nbsp;<\/td><td>&nbsp;<\/td><td>&nbsp;<\/td><td>&nbsp;<\/td><\/tr><tr><td>&nbsp;<\/td><td><strong>N\/W<\/strong><\/td><td>&nbsp;<\/td><td>&nbsp;<\/td><td>&nbsp;<\/td><\/tr><tr><td>1.<\/td><td>Teija Honkonen<\/td><td>Perhon Kiri<\/td><td>FIN<\/td><td>6:31<\/td><\/tr><tr><td>&nbsp;<\/td><td>&nbsp;<\/td><td>&nbsp;<\/td><td>&nbsp;<\/td><td>&nbsp;<\/td><\/tr><tr><td>&nbsp;<\/td><td><strong>M\/M<\/strong><\/td><td>&nbsp;<\/td><td>&nbsp;<\/td><td>&nbsp;<\/td><\/tr><tr><td>&nbsp;1.<\/td><td>Jouko H\u00f6yn\u00e4l\u00e4<\/td><td>Paksumahat<\/td><td>FIN<\/td><td>5:09<\/td><\/tr><tr><td>2.<\/td><td>Timo Autto<\/td><td>Arctic Circle Adventure<\/td><td>FIN<\/td><td>5:38<\/td><\/tr><tr><td>3.<\/td><td>Timo Ollila<\/td><td>Paksumahat<\/td><td>FIN<\/td><td>5:53<\/td><\/tr><tr><td>4.<\/td><td>Markus Ilmonen<\/td><td>Kempele<\/td><td>FIN<\/td><td>6:21<\/td><\/tr><tr><td>5.<\/td><td>Timo Heikkil\u00e4<\/td><td>Paksumamat<\/td><td>FIN<\/td><td>6:43<\/td><\/tr><tr><td>6.<\/td><td>Marko Honkonen<\/td><td>Pirunvuoren Ponnistus<\/td><td>FIN<\/td><td>DNS<\/td><\/tr><\/tbody><\/table><\/figure>\n","protected":false},"excerpt":{"rendered":"<p>Results<\/p>\n","protected":false},"author":1,"featured_media":0,"parent":3847,"menu_order":40,"comment_status":"closed","ping_status":"closed","template":"","meta":{"_kad_blocks_custom_css":"","_kad_blocks_head_custom_js":"","_kad_blocks_body_custom_js":"","_kad_blocks_footer_custom_js":"","_kad_post_transparent":"","_kad_post_title":"","_kad_post_layout":"","_kad_post_sidebar_id":"","_kad_post_content_style":"","_kad_post_vertical_padding":"","_kad_post_feature":"","_kad_post_feature_position":"","_kad_post_header":false,"_kad_post_footer":false,"_kad_post_classname":"","footnotes":""},"class_list":["post-3885","page","type-page","status-publish","hentry"],"yoast_head":"<!-- This site is optimized with the Yoast SEO plugin v26.8 - https:\/\/yoast.com\/product\/yoast-seo-wordpress\/ -->\n<title>2013 - NUTS Yll\u00e4s Pallas Polkujuoksu<\/title>\n<meta name=\"robots\" content=\"index, follow, max-snippet:-1, max-image-preview:large, max-video-preview:-1\" \/>\n<link rel=\"canonical\" href=\"https:\/\/nutsyllaspallas.com\/en\/history\/2013-2\/\" \/>\n<meta property=\"og:locale\" content=\"en_US\" \/>\n<meta property=\"og:type\" content=\"article\" \/>\n<meta property=\"og:title\" content=\"2013 - NUTS Yll\u00e4s Pallas Polkujuoksu\" \/>\n<meta property=\"og:description\" content=\"Results\" \/>\n<meta property=\"og:url\" content=\"https:\/\/nutsyllaspallas.com\/en\/history\/2013-2\/\" \/>\n<meta property=\"og:site_name\" content=\"NUTS Yll\u00e4s Pallas Polkujuoksu\" \/>\n<meta property=\"article:modified_time\" content=\"2025-01-31T09:03:35+00:00\" \/>\n<meta name=\"twitter:card\" content=\"summary_large_image\" \/>\n<script type=\"application\/ld+json\" class=\"yoast-schema-graph\">{\"@context\":\"https:\/\/schema.org\",\"@graph\":[{\"@type\":\"WebPage\",\"@id\":\"https:\/\/nutsyllaspallas.com\/en\/history\/2013-2\/\",\"url\":\"https:\/\/nutsyllaspallas.com\/en\/history\/2013-2\/\",\"name\":\"2013 - NUTS Yll\u00e4s Pallas Polkujuoksu\",\"isPartOf\":{\"@id\":\"https:\/\/nutsyllaspallas.com\/en\/#website\"},\"datePublished\":\"2017-04-11T16:07:23+00:00\",\"dateModified\":\"2025-01-31T09:03:35+00:00\",\"breadcrumb\":{\"@id\":\"https:\/\/nutsyllaspallas.com\/en\/history\/2013-2\/#breadcrumb\"},\"inLanguage\":\"en-US\",\"potentialAction\":[{\"@type\":\"ReadAction\",\"target\":[\"https:\/\/nutsyllaspallas.com\/en\/history\/2013-2\/\"]}]},{\"@type\":\"BreadcrumbList\",\"@id\":\"https:\/\/nutsyllaspallas.com\/en\/history\/2013-2\/#breadcrumb\",\"itemListElement\":[{\"@type\":\"ListItem\",\"position\":1,\"name\":\"Etusivu\",\"item\":\"https:\/\/nutsyllaspallas.com\/en\/\"},{\"@type\":\"ListItem\",\"position\":2,\"name\":\"History\",\"item\":\"https:\/\/nutsyllaspallas.com\/en\/historia\/\"},{\"@type\":\"ListItem\",\"position\":3,\"name\":\"2013\"}]},{\"@type\":\"WebSite\",\"@id\":\"https:\/\/nutsyllaspallas.com\/en\/#website\",\"url\":\"https:\/\/nutsyllaspallas.com\/en\/\",\"name\":\"NUTS Yll\u00e4s Pallas Polkujuoksu\",\"description\":\"Polkujuoksu 15, 37, 66, 100 ja 160 km Tunturi-Lapissa\",\"publisher\":{\"@id\":\"https:\/\/nutsyllaspallas.com\/en\/#organization\"},\"potentialAction\":[{\"@type\":\"SearchAction\",\"target\":{\"@type\":\"EntryPoint\",\"urlTemplate\":\"https:\/\/nutsyllaspallas.com\/en\/?s={search_term_string}\"},\"query-input\":{\"@type\":\"PropertyValueSpecification\",\"valueRequired\":true,\"valueName\":\"search_term_string\"}}],\"inLanguage\":\"en-US\"},{\"@type\":\"Organization\",\"@id\":\"https:\/\/nutsyllaspallas.com\/en\/#organization\",\"name\":\"NUTS Yll\u00e4s Pallas Polkujuoksu\",\"url\":\"https:\/\/nutsyllaspallas.com\/en\/\",\"logo\":{\"@type\":\"ImageObject\",\"inLanguage\":\"en-US\",\"@id\":\"https:\/\/nutsyllaspallas.com\/en\/#\/schema\/logo\/image\/\",\"url\":\"https:\/\/media.nuts.fi\/wp-content\/uploads\/sites\/7\/2025\/01\/28141425\/nuts-yllas-pallas-white.svg\",\"contentUrl\":\"https:\/\/media.nuts.fi\/wp-content\/uploads\/sites\/7\/2025\/01\/28141425\/nuts-yllas-pallas-white.svg\",\"caption\":\"NUTS Yll\u00e4s Pallas Polkujuoksu\"},\"image\":{\"@id\":\"https:\/\/nutsyllaspallas.com\/en\/#\/schema\/logo\/image\/\"}}]}<\/script>\n<!-- \/ Yoast SEO plugin. -->","yoast_head_json":{"title":"2013 - NUTS Yll\u00e4s Pallas Polkujuoksu","robots":{"index":"index","follow":"follow","max-snippet":"max-snippet:-1","max-image-preview":"max-image-preview:large","max-video-preview":"max-video-preview:-1"},"canonical":"https:\/\/nutsyllaspallas.com\/en\/history\/2013-2\/","og_locale":"en_US","og_type":"article","og_title":"2013 - NUTS Yll\u00e4s Pallas Polkujuoksu","og_description":"Results","og_url":"https:\/\/nutsyllaspallas.com\/en\/history\/2013-2\/","og_site_name":"NUTS Yll\u00e4s Pallas Polkujuoksu","article_modified_time":"2025-01-31T09:03:35+00:00","twitter_card":"summary_large_image","schema":{"@context":"https:\/\/schema.org","@graph":[{"@type":"WebPage","@id":"https:\/\/nutsyllaspallas.com\/en\/history\/2013-2\/","url":"https:\/\/nutsyllaspallas.com\/en\/history\/2013-2\/","name":"2013 - NUTS Yll\u00e4s Pallas Polkujuoksu","isPartOf":{"@id":"https:\/\/nutsyllaspallas.com\/en\/#website"},"datePublished":"2017-04-11T16:07:23+00:00","dateModified":"2025-01-31T09:03:35+00:00","breadcrumb":{"@id":"https:\/\/nutsyllaspallas.com\/en\/history\/2013-2\/#breadcrumb"},"inLanguage":"en-US","potentialAction":[{"@type":"ReadAction","target":["https:\/\/nutsyllaspallas.com\/en\/history\/2013-2\/"]}]},{"@type":"BreadcrumbList","@id":"https:\/\/nutsyllaspallas.com\/en\/history\/2013-2\/#breadcrumb","itemListElement":[{"@type":"ListItem","position":1,"name":"Etusivu","item":"https:\/\/nutsyllaspallas.com\/en\/"},{"@type":"ListItem","position":2,"name":"History","item":"https:\/\/nutsyllaspallas.com\/en\/historia\/"},{"@type":"ListItem","position":3,"name":"2013"}]},{"@type":"WebSite","@id":"https:\/\/nutsyllaspallas.com\/en\/#website","url":"https:\/\/nutsyllaspallas.com\/en\/","name":"NUTS Yll\u00e4s Pallas Polkujuoksu","description":"Polkujuoksu 15, 37, 66, 100 ja 160 km Tunturi-Lapissa","publisher":{"@id":"https:\/\/nutsyllaspallas.com\/en\/#organization"},"potentialAction":[{"@type":"SearchAction","target":{"@type":"EntryPoint","urlTemplate":"https:\/\/nutsyllaspallas.com\/en\/?s={search_term_string}"},"query-input":{"@type":"PropertyValueSpecification","valueRequired":true,"valueName":"search_term_string"}}],"inLanguage":"en-US"},{"@type":"Organization","@id":"https:\/\/nutsyllaspallas.com\/en\/#organization","name":"NUTS Yll\u00e4s Pallas Polkujuoksu","url":"https:\/\/nutsyllaspallas.com\/en\/","logo":{"@type":"ImageObject","inLanguage":"en-US","@id":"https:\/\/nutsyllaspallas.com\/en\/#\/schema\/logo\/image\/","url":"https:\/\/media.nuts.fi\/wp-content\/uploads\/sites\/7\/2025\/01\/28141425\/nuts-yllas-pallas-white.svg","contentUrl":"https:\/\/media.nuts.fi\/wp-content\/uploads\/sites\/7\/2025\/01\/28141425\/nuts-yllas-pallas-white.svg","caption":"NUTS Yll\u00e4s Pallas Polkujuoksu"},"image":{"@id":"https:\/\/nutsyllaspallas.com\/en\/#\/schema\/logo\/image\/"}}]}},"taxonomy_info":[],"featured_image_src_large":false,"author_info":{"display_name":"NUTS","author_link":"https:\/\/nutsyllaspallas.com\/en\/author\/user\/"},"comment_info":0,"_links":{"self":[{"href":"https:\/\/nutsyllaspallas.com\/en\/wp-json\/wp\/v2\/pages\/3885","targetHints":{"allow":["GET"]}}],"collection":[{"href":"https:\/\/nutsyllaspallas.com\/en\/wp-json\/wp\/v2\/pages"}],"about":[{"href":"https:\/\/nutsyllaspallas.com\/en\/wp-json\/wp\/v2\/types\/page"}],"author":[{"embeddable":true,"href":"https:\/\/nutsyllaspallas.com\/en\/wp-json\/wp\/v2\/users\/1"}],"replies":[{"embeddable":true,"href":"https:\/\/nutsyllaspallas.com\/en\/wp-json\/wp\/v2\/comments?post=3885"}],"version-history":[{"count":1,"href":"https:\/\/nutsyllaspallas.com\/en\/wp-json\/wp\/v2\/pages\/3885\/revisions"}],"predecessor-version":[{"id":4305,"href":"https:\/\/nutsyllaspallas.com\/en\/wp-json\/wp\/v2\/pages\/3885\/revisions\/4305"}],"up":[{"embeddable":true,"href":"https:\/\/nutsyllaspallas.com\/en\/wp-json\/wp\/v2\/pages\/3847"}],"wp:attachment":[{"href":"https:\/\/nutsyllaspallas.com\/en\/wp-json\/wp\/v2\/media?parent=3885"}],"curies":[{"name":"wp","href":"https:\/\/api.w.org\/{rel}","templated":true}]}}