{"id":3949,"date":"2022-03-15T14:06:12","date_gmt":"2022-03-15T12:06:12","guid":{"rendered":"https:\/\/nutsyllaspallas.com\/nuts-kids-juniors\/"},"modified":"2026-02-13T12:15:26","modified_gmt":"2026-02-13T10:15:26","slug":"juniors","status":"publish","type":"page","link":"https:\/\/nutsyllaspallas.com\/en\/juniors\/","title":{"rendered":"NUTS Kids &amp; Juniors"},"content":{"rendered":"\n<h1 class=\"wp-block-heading\">NUTS Kids &amp; Juniors<\/h1>\n\n\n\n<p>NUTS Kids &amp; Juniors Yll\u00e4s will take place once again on <strong>Thursday, 16 July 2026<\/strong>! The start and finish are located in <strong>\u00c4k\u00e4slompolo<\/strong>. The route offers a fun challenge for both little feet and speedy runners alike!<br><br>\ud83d\ude4c <strong>Registration for the KIDS run will open closer to the event.<\/strong><\/p>\n\n\n\n<p>\ud83d\udccdThe KIDS race of NUTS Yll\u00e4s Pallas is a loop course.<br>\ud83c\udfc1The start and finish are located in \u00c4k\u00e4slompolo at the same race center (\u00c4k\u00e4slompolo).<br>\ud83d\ude8cOn Saturday, you can take a shuttle bus from Yll\u00e4sj\u00e4rvi (Yll\u00e4sj\u00e4rvi), departing from Saaga (Lapland Hotels Saaga), to \u00c4k\u00e4slompolo:<br>\ud83d\udc49<a href=\"https:\/\/nutsyllaspallas.com\/en\/bus-departures-for-starts-and-parking\/#yllasjarviakaslompoloshutle\" target=\"_blank\" rel=\"noreferrer noopener\">https:\/\/nutsyllaspallas.com\/en\/bus-departures-for-starts-and-parking\/#yllasjarviakaslompoloshutle<\/a><\/p>\n\n\n\n<h2 class=\"wp-block-heading\">\ud83d\udccdEVENT LOCATION<\/h2>\n\n\n\n<p><strong>NUTS Kids &amp; Juniors Yll\u00e4s<\/strong> will take place once again on <strong>Thursday, 16 July 2026<\/strong>! The start and finish areas are located in <strong>\u00c4k\u00e4slompolo<\/strong>. The route offers just the right amount of challenge for both tiny feet and speedy runners!<\/p>\n\n\n\n<h2 class=\"wp-block-heading\">\ud83d\udd52 Schedule<\/h2>\n\n\n\n<p><strong>12:00<\/strong>\u2003Bib pick-up opens at the bib distribution tent in the expo area<br><strong>13:00<\/strong>\u20032.5 km start \u2013 Start 1: <em>\u201cNUTS: The Trail Runner\u2019s First Step\u201d<\/em><br><strong>14:00<\/strong>\u20035 km start \u2013 Start 2: <em>\u201cNUTS: The Trail Runner\u2019s Challenge\u201d<\/em><\/p>\n\n\n\n<h2 class=\"wp-block-heading\">\ud83c\udfc3\u200d\u2642\ufe0f Routes<\/h2>\n\n\n\n<p>The route is marked with orange flag markers and blue arrow signs. There will also be course marshals guiding participants at intersections and other key points.<\/p>\n\n\n\n<h2 class=\"wp-block-heading\">\ud83c\udfc1 Categories\/Starts<\/h2>\n\n\n\n<p><strong>Start 1 (~2.5 km):<\/strong> \u201cNUTS: The Trail Runner\u2019s First Step\u201d<br><strong>Start 2 (~5 km):<\/strong> \u201cNUTS: The Trail Runner\u2019s Challenge\u201d<\/p>\n\n\n\n<p>All cheerful participants will receive a personal bib number for timing, and after finishing the route, a race keepsake as well as a drink and a small snack from the aid station. At NUTS Kids &amp; Juniors events, everyone is a winner\u2014there are no placement-based awards.<\/p>\n","protected":false},"excerpt":{"rendered":"<p>Young Runners&#8217; Adventure: In conjunction with NUTS Yll\u00e4s Pallas, we host a fun and accessible trail running event for children and youth. Filled with joy and the spirit of outdoor activities, runners of all ages and abilities are welcome to join the fun and challenge themselves. The event takes place near \u00c4k\u00e4slompolo in the Yll\u00e4s area and is part of the Yll\u00e4s Outdoor Week, with the trail run scheduled for Thursday, July 11, 2024.<\/p>\n","protected":false},"author":1,"featured_media":4169,"parent":0,"menu_order":0,"comment_status":"closed","ping_status":"closed","template":"","meta":{"_kad_blocks_custom_css":"","_kad_blocks_head_custom_js":"","_kad_blocks_body_custom_js":"","_kad_blocks_footer_custom_js":"","_kad_post_transparent":"","_kad_post_title":"","_kad_post_layout":"","_kad_post_sidebar_id":"","_kad_post_content_style":"","_kad_post_vertical_padding":"","_kad_post_feature":"","_kad_post_feature_position":"","_kad_post_header":false,"_kad_post_footer":false,"_kad_post_classname":"","footnotes":""},"class_list":["post-3949","page","type-page","status-publish","has-post-thumbnail","hentry"],"yoast_head":"<!-- This site is optimized with the Yoast SEO plugin v26.8 - https:\/\/yoast.com\/product\/yoast-seo-wordpress\/ -->\n<title>NUTS Kids &amp; Juniors - NUTS Yll\u00e4s Pallas Polkujuoksu<\/title>\n<meta name=\"robots\" content=\"index, follow, max-snippet:-1, max-image-preview:large, max-video-preview:-1\" \/>\n<link rel=\"canonical\" href=\"https:\/\/nutsyllaspallas.com\/en\/juniors\/\" \/>\n<meta property=\"og:locale\" content=\"en_US\" \/>\n<meta property=\"og:type\" content=\"article\" \/>\n<meta property=\"og:title\" content=\"NUTS Kids &amp; Juniors - NUTS Yll\u00e4s Pallas Polkujuoksu\" \/>\n<meta property=\"og:description\" content=\"Young Runners&#039; Adventure: In conjunction with NUTS Yll\u00e4s Pallas, we host a fun and accessible trail running event for children and youth. Filled with joy and the spirit of outdoor activities, runners of all ages and abilities are welcome to join the fun and challenge themselves. The event takes place near \u00c4k\u00e4slompolo in the Yll\u00e4s area and is part of the Yll\u00e4s Outdoor Week, with the trail run scheduled for Thursday, July 11, 2024.\" \/>\n<meta property=\"og:url\" content=\"https:\/\/nutsyllaspallas.com\/en\/juniors\/\" \/>\n<meta property=\"og:site_name\" content=\"NUTS Yll\u00e4s Pallas Polkujuoksu\" \/>\n<meta property=\"article:modified_time\" content=\"2026-02-13T10:15:26+00:00\" \/>\n<meta property=\"og:image\" content=\"https:\/\/media.nuts.fi\/wp-content\/uploads\/sites\/7\/2022\/03\/28141438\/D47A8317-1-scaled-1.jpg\" \/>\n\t<meta property=\"og:image:width\" content=\"2560\" \/>\n\t<meta property=\"og:image:height\" content=\"1707\" \/>\n\t<meta property=\"og:image:type\" content=\"image\/jpeg\" \/>\n<meta name=\"twitter:card\" content=\"summary_large_image\" \/>\n<meta name=\"twitter:label1\" content=\"Est. reading time\" \/>\n\t<meta name=\"twitter:data1\" content=\"2 minutes\" \/>\n<script type=\"application\/ld+json\" class=\"yoast-schema-graph\">{\"@context\":\"https:\/\/schema.org\",\"@graph\":[{\"@type\":\"WebPage\",\"@id\":\"https:\/\/nutsyllaspallas.com\/en\/juniors\/\",\"url\":\"https:\/\/nutsyllaspallas.com\/en\/juniors\/\",\"name\":\"NUTS Kids &amp; Juniors - NUTS Yll\u00e4s Pallas Polkujuoksu\",\"isPartOf\":{\"@id\":\"https:\/\/nutsyllaspallas.com\/en\/#website\"},\"primaryImageOfPage\":{\"@id\":\"https:\/\/nutsyllaspallas.com\/en\/juniors\/#primaryimage\"},\"image\":{\"@id\":\"https:\/\/nutsyllaspallas.com\/en\/juniors\/#primaryimage\"},\"thumbnailUrl\":\"https:\/\/media.nuts.fi\/wp-content\/uploads\/sites\/7\/2022\/03\/28141438\/D47A8317-1-scaled-1.jpg\",\"datePublished\":\"2022-03-15T12:06:12+00:00\",\"dateModified\":\"2026-02-13T10:15:26+00:00\",\"breadcrumb\":{\"@id\":\"https:\/\/nutsyllaspallas.com\/en\/juniors\/#breadcrumb\"},\"inLanguage\":\"en-US\",\"potentialAction\":[{\"@type\":\"ReadAction\",\"target\":[\"https:\/\/nutsyllaspallas.com\/en\/juniors\/\"]}]},{\"@type\":\"ImageObject\",\"inLanguage\":\"en-US\",\"@id\":\"https:\/\/nutsyllaspallas.com\/en\/juniors\/#primaryimage\",\"url\":\"https:\/\/media.nuts.fi\/wp-content\/uploads\/sites\/7\/2022\/03\/28141438\/D47A8317-1-scaled-1.jpg\",\"contentUrl\":\"https:\/\/media.nuts.fi\/wp-content\/uploads\/sites\/7\/2022\/03\/28141438\/D47A8317-1-scaled-1.jpg\",\"width\":2560,\"height\":1707},{\"@type\":\"BreadcrumbList\",\"@id\":\"https:\/\/nutsyllaspallas.com\/en\/juniors\/#breadcrumb\",\"itemListElement\":[{\"@type\":\"ListItem\",\"position\":1,\"name\":\"Etusivu\",\"item\":\"https:\/\/nutsyllaspallas.com\/en\/\"},{\"@type\":\"ListItem\",\"position\":2,\"name\":\"NUTS Kids &amp; Juniors\"}]},{\"@type\":\"WebSite\",\"@id\":\"https:\/\/nutsyllaspallas.com\/en\/#website\",\"url\":\"https:\/\/nutsyllaspallas.com\/en\/\",\"name\":\"NUTS Yll\u00e4s Pallas Polkujuoksu\",\"description\":\"Polkujuoksu 15, 37, 66, 100 ja 160 km Tunturi-Lapissa\",\"publisher\":{\"@id\":\"https:\/\/nutsyllaspallas.com\/en\/#organization\"},\"potentialAction\":[{\"@type\":\"SearchAction\",\"target\":{\"@type\":\"EntryPoint\",\"urlTemplate\":\"https:\/\/nutsyllaspallas.com\/en\/?s={search_term_string}\"},\"query-input\":{\"@type\":\"PropertyValueSpecification\",\"valueRequired\":true,\"valueName\":\"search_term_string\"}}],\"inLanguage\":\"en-US\"},{\"@type\":\"Organization\",\"@id\":\"https:\/\/nutsyllaspallas.com\/en\/#organization\",\"name\":\"NUTS Yll\u00e4s Pallas Polkujuoksu\",\"url\":\"https:\/\/nutsyllaspallas.com\/en\/\",\"logo\":{\"@type\":\"ImageObject\",\"inLanguage\":\"en-US\",\"@id\":\"https:\/\/nutsyllaspallas.com\/en\/#\/schema\/logo\/image\/\",\"url\":\"https:\/\/media.nuts.fi\/wp-content\/uploads\/sites\/7\/2025\/01\/28141425\/nuts-yllas-pallas-white.svg\",\"contentUrl\":\"https:\/\/media.nuts.fi\/wp-content\/uploads\/sites\/7\/2025\/01\/28141425\/nuts-yllas-pallas-white.svg\",\"caption\":\"NUTS Yll\u00e4s Pallas Polkujuoksu\"},\"image\":{\"@id\":\"https:\/\/nutsyllaspallas.com\/en\/#\/schema\/logo\/image\/\"}}]}<\/script>\n<!-- \/ Yoast SEO plugin. -->","yoast_head_json":{"title":"NUTS Kids &amp; Juniors - NUTS Yll\u00e4s Pallas Polkujuoksu","robots":{"index":"index","follow":"follow","max-snippet":"max-snippet:-1","max-image-preview":"max-image-preview:large","max-video-preview":"max-video-preview:-1"},"canonical":"https:\/\/nutsyllaspallas.com\/en\/juniors\/","og_locale":"en_US","og_type":"article","og_title":"NUTS Kids &amp; Juniors - NUTS Yll\u00e4s Pallas Polkujuoksu","og_description":"Young Runners' Adventure: In conjunction with NUTS Yll\u00e4s Pallas, we host a fun and accessible trail running event for children and youth. Filled with joy and the spirit of outdoor activities, runners of all ages and abilities are welcome to join the fun and challenge themselves. The event takes place near \u00c4k\u00e4slompolo in the Yll\u00e4s area and is part of the Yll\u00e4s Outdoor Week, with the trail run scheduled for Thursday, July 11, 2024.","og_url":"https:\/\/nutsyllaspallas.com\/en\/juniors\/","og_site_name":"NUTS Yll\u00e4s Pallas Polkujuoksu","article_modified_time":"2026-02-13T10:15:26+00:00","og_image":[{"width":2560,"height":1707,"url":"https:\/\/media.nuts.fi\/wp-content\/uploads\/sites\/7\/2022\/03\/28141438\/D47A8317-1-scaled-1.jpg","type":"image\/jpeg"}],"twitter_card":"summary_large_image","twitter_misc":{"Est. reading time":"2 minutes"},"schema":{"@context":"https:\/\/schema.org","@graph":[{"@type":"WebPage","@id":"https:\/\/nutsyllaspallas.com\/en\/juniors\/","url":"https:\/\/nutsyllaspallas.com\/en\/juniors\/","name":"NUTS Kids &amp; Juniors - NUTS Yll\u00e4s Pallas Polkujuoksu","isPartOf":{"@id":"https:\/\/nutsyllaspallas.com\/en\/#website"},"primaryImageOfPage":{"@id":"https:\/\/nutsyllaspallas.com\/en\/juniors\/#primaryimage"},"image":{"@id":"https:\/\/nutsyllaspallas.com\/en\/juniors\/#primaryimage"},"thumbnailUrl":"https:\/\/media.nuts.fi\/wp-content\/uploads\/sites\/7\/2022\/03\/28141438\/D47A8317-1-scaled-1.jpg","datePublished":"2022-03-15T12:06:12+00:00","dateModified":"2026-02-13T10:15:26+00:00","breadcrumb":{"@id":"https:\/\/nutsyllaspallas.com\/en\/juniors\/#breadcrumb"},"inLanguage":"en-US","potentialAction":[{"@type":"ReadAction","target":["https:\/\/nutsyllaspallas.com\/en\/juniors\/"]}]},{"@type":"ImageObject","inLanguage":"en-US","@id":"https:\/\/nutsyllaspallas.com\/en\/juniors\/#primaryimage","url":"https:\/\/media.nuts.fi\/wp-content\/uploads\/sites\/7\/2022\/03\/28141438\/D47A8317-1-scaled-1.jpg","contentUrl":"https:\/\/media.nuts.fi\/wp-content\/uploads\/sites\/7\/2022\/03\/28141438\/D47A8317-1-scaled-1.jpg","width":2560,"height":1707},{"@type":"BreadcrumbList","@id":"https:\/\/nutsyllaspallas.com\/en\/juniors\/#breadcrumb","itemListElement":[{"@type":"ListItem","position":1,"name":"Etusivu","item":"https:\/\/nutsyllaspallas.com\/en\/"},{"@type":"ListItem","position":2,"name":"NUTS Kids &amp; Juniors"}]},{"@type":"WebSite","@id":"https:\/\/nutsyllaspallas.com\/en\/#website","url":"https:\/\/nutsyllaspallas.com\/en\/","name":"NUTS Yll\u00e4s Pallas Polkujuoksu","description":"Polkujuoksu 15, 37, 66, 100 ja 160 km Tunturi-Lapissa","publisher":{"@id":"https:\/\/nutsyllaspallas.com\/en\/#organization"},"potentialAction":[{"@type":"SearchAction","target":{"@type":"EntryPoint","urlTemplate":"https:\/\/nutsyllaspallas.com\/en\/?s={search_term_string}"},"query-input":{"@type":"PropertyValueSpecification","valueRequired":true,"valueName":"search_term_string"}}],"inLanguage":"en-US"},{"@type":"Organization","@id":"https:\/\/nutsyllaspallas.com\/en\/#organization","name":"NUTS Yll\u00e4s Pallas Polkujuoksu","url":"https:\/\/nutsyllaspallas.com\/en\/","logo":{"@type":"ImageObject","inLanguage":"en-US","@id":"https:\/\/nutsyllaspallas.com\/en\/#\/schema\/logo\/image\/","url":"https:\/\/media.nuts.fi\/wp-content\/uploads\/sites\/7\/2025\/01\/28141425\/nuts-yllas-pallas-white.svg","contentUrl":"https:\/\/media.nuts.fi\/wp-content\/uploads\/sites\/7\/2025\/01\/28141425\/nuts-yllas-pallas-white.svg","caption":"NUTS Yll\u00e4s Pallas Polkujuoksu"},"image":{"@id":"https:\/\/nutsyllaspallas.com\/en\/#\/schema\/logo\/image\/"}}]}},"taxonomy_info":[],"featured_image_src_large":["https:\/\/media.nuts.fi\/wp-content\/uploads\/sites\/7\/2022\/03\/28141438\/D47A8317-1-scaled-1-1024x683.jpg",1024,683,true],"author_info":{"display_name":"NUTS","author_link":"https:\/\/nutsyllaspallas.com\/en\/author\/user\/"},"comment_info":0,"_links":{"self":[{"href":"https:\/\/nutsyllaspallas.com\/en\/wp-json\/wp\/v2\/pages\/3949","targetHints":{"allow":["GET"]}}],"collection":[{"href":"https:\/\/nutsyllaspallas.com\/en\/wp-json\/wp\/v2\/pages"}],"about":[{"href":"https:\/\/nutsyllaspallas.com\/en\/wp-json\/wp\/v2\/types\/page"}],"author":[{"embeddable":true,"href":"https:\/\/nutsyllaspallas.com\/en\/wp-json\/wp\/v2\/users\/1"}],"replies":[{"embeddable":true,"href":"https:\/\/nutsyllaspallas.com\/en\/wp-json\/wp\/v2\/comments?post=3949"}],"version-history":[{"count":7,"href":"https:\/\/nutsyllaspallas.com\/en\/wp-json\/wp\/v2\/pages\/3949\/revisions"}],"predecessor-version":[{"id":5217,"href":"https:\/\/nutsyllaspallas.com\/en\/wp-json\/wp\/v2\/pages\/3949\/revisions\/5217"}],"wp:featuredmedia":[{"embeddable":true,"href":"https:\/\/nutsyllaspallas.com\/en\/wp-json\/wp\/v2\/media\/4169"}],"wp:attachment":[{"href":"https:\/\/nutsyllaspallas.com\/en\/wp-json\/wp\/v2\/media?parent=3949"}],"curies":[{"name":"wp","href":"https:\/\/api.w.org\/{rel}","templated":true}]}}