{"id":3957,"date":"2023-06-27T13:45:20","date_gmt":"2023-06-27T10:45:20","guid":{"rendered":"https:\/\/nutsyllaspallas.com\/bus-departures-for-starts-and-parking\/"},"modified":"2026-04-02T09:04:56","modified_gmt":"2026-04-02T06:04:56","slug":"bus-departures-for-starts-and-parking","status":"publish","type":"page","link":"https:\/\/nutsyllaspallas.com\/en\/bus-departures-for-starts-and-parking\/","title":{"rendered":"Bus departures for starts and parking"},"content":{"rendered":"\n<h2 class=\"wp-block-heading\">2026 Timetables<\/h2>\n\n\n    <div id=\"ankkuripilvi\" class=\"nuts-ankkuripilvi\"><\/div>\n    <script>\n    document.addEventListener(\"DOMContentLoaded\", function () {\n        const container = document.querySelector(\".entry-content\");\n        if (!container) return;\n\n        \/\/ Etsit\u00e4\u00e4n H2:t, napit ja nyt my\u00f6s divit, joilla on id\n        const elements = container.querySelectorAll(\"h2[id], button[id], div[id]\");\n\n        const pilvi = document.getElementById(\"ankkuripilvi\");\n        const k\u00e4ytetytIDt = new Set(); \/\/ estet\u00e4\u00e4n duplikaatit\n\n        elements.forEach(el => {\n            const id = el.id;\n            if (!id || k\u00e4ytetytIDt.has(id)) return; \/\/ skipataan jos ei id:t\u00e4 tai jo k\u00e4ytetty\n            k\u00e4ytetytIDt.add(id);\n\n            const link = document.createElement(\"a\");\n            link.href = \"#\" + id;\n\n            \/\/ Yritet\u00e4\u00e4n l\u00f6yt\u00e4\u00e4 fiksu otsikkoelementti sis\u00e4ll\u00e4\n            let otsikko = el.querySelector(\".kt-blocks-accordion-title, h2, button\");\n            link.textContent = otsikko ? otsikko.textContent.trim() : el.textContent.trim();\n\n            \/\/ Skipataan jos otsikkoteksti on tyhj\u00e4 tai roskaa\n            if (!link.textContent || link.textContent.length < 2 || link.textContent.includes(\"scroll\") || link.textContent.includes(\"menu\")) return;\n\n            link.className = \"ankkuri-linkki\";\n            pilvi.appendChild(link);\n        });\n    });\n    <\/script>\n    <style>\n    .nuts-ankkuripilvi {\n        display: flex;\n        flex-wrap: wrap;\n        gap: 10px;\n        margin-bottom: 20px;\n    }\n    .nuts-ankkuripilvi .ankkuri-linkki {\n        background-color: #2d430d;\n        color: #ffffff;\n        padding: 6px 12px;\n        border-radius: 15px;\n        text-decoration: none;\n        font-size: 0.9em;\n    }\n    .nuts-ankkuripilvi .ankkuri-linkki:hover {\n        background-color: #3a5b1a;\n    }\n    <\/style>\n    \n\n\n\n<h2 class=\"wp-block-heading\" id=\"parking\">\ud83c\udd7f\ufe0f Park &amp; Ride<\/h2>\n\n\n\n<p>In \u00c4k\u00e4slompolo for runners it is recommended to park your vehicle to P2 Ihmisen Rinki parking lot. Transports to starting points will depart from the north side\/bottom corner of this parking lot<\/p>\n\n\n\n<p>There are two parking areas for event participants. There is <strong>no parking for participants at the event center at Jounin Kauppa, as the parking area is reserved for store customers.<\/strong> <\/p>\n\n\n\n<p>P1: Lapland Hotels Yll\u00e4skaltio parking area <a href=\"https:\/\/goo.gl\/maps\/PNgQPf7x9nvrGF937\">Google Maps<strong> \u203a<\/strong><\/a><\/p>\n\n\n\n<p>P2: Ihmisen Rinki, Tunturintie 56 parking lot <a href=\"https:\/\/maps.app.goo.gl\/HG2wuGksU1ZR5GcV6\">Google Maps \u203a<\/a><\/p>\n\n\n\n\n\n<h2 class=\"wp-block-heading\" id=\"busestostarts\">\ud83d\ude8cBuses to <strong>Starting Points<\/strong> Hetta and Pallas<\/h2>\n\n\n\n<p>NUTS Yll\u00e4s Pallas bus schedules by distances:<\/p>\n\n\n\n<h3 class=\"wp-block-heading\">160 km starts bus to Hetta<\/h3>\n\n\n\n<p>Park &amp; Ride for those arriving by car for bus transport at Ihmisen Rinki parking lot (marked as P2)<\/p>\n\n\n\n<ul class=\"wp-block-list\">\n<li>10.10 Yll\u00e4sj\u00e4rvi Lapland Hotel Saaga<\/li>\n\n\n\n<li>10.30 Ihmisen Rinki parking area<\/li>\n\n\n\n<li>10.40 \u00c4k\u00e4shotelli<\/li>\n\n\n\n<li>10.45 <a href=\"https:\/\/maps.app.goo.gl\/5SLgdHWtqiv6vNri9\">Jounin kauppa I Bus stop<\/a><\/li>\n<\/ul>\n\n\n\n<h3 class=\"wp-block-heading\">66 km starts bus to Hetta<\/h3>\n\n\n\n<p>Park &amp; Ride for those arriving by car for bus transport at Ihmisen Rinki parking lot (marked as P2)<\/p>\n\n\n\n<ul class=\"wp-block-list\">\n<li>12.10 Yll\u00e4sj\u00e4rvi Lapland Hotel Saaga<\/li>\n\n\n\n<li>12.30 Ihmisen Rinki parking area<\/li>\n\n\n\n<li>12.40 \u00c4k\u00e4shotelli<\/li>\n\n\n\n<li>12.45 <a href=\"https:\/\/maps.app.goo.gl\/5SLgdHWtqiv6vNri9\">Jounin kauppa I Bus stop<\/a><\/li>\n<\/ul>\n\n\n\n<h3 class=\"wp-block-heading\">100 km starts bus to Pallas<\/h3>\n\n\n\n<p>Park &amp; Ride for those arriving by car for bus transport at Ihmisen Rinki parking lot (marked as P2)<\/p>\n\n\n\n<ul class=\"wp-block-list\">\n<li>21.00 Yll\u00e4sj\u00e4rvi Lapland Hotel Saaga<\/li>\n\n\n\n<li>21.20 Ihmisen Rinki parking area<\/li>\n\n\n\n<li>21.30 \u00c4k\u00e4shotelli<\/li>\n\n\n\n<li>21.35 <a href=\"https:\/\/maps.app.goo.gl\/5SLgdHWtqiv6vNri9\">Jounin kauppa I Bus stop<\/a><\/li>\n<\/ul>\n\n\n\n<h2 class=\"wp-block-heading\" id=\"returnbus\">\u21a9\ufe0f\ud83d\ude8cReturn Transportation for 66 km Participants from Pallastunturi to \u00c4k\u00e4slompolo and Yll\u00e4sj\u00e4rvi<\/h2>\n\n\n\n<p>Return transportation for 66 km participants from the finish area at Pallastunturi to Yll\u00e4s is arranged with shuttle buses, and it is included in the participation fee. Buses will depart once they are full of passengers, so you might need to wait a while for the departure. The buses will operate approximately between 11:00 PM and 5:30 AM.<\/p>\n\n\n\n<p>The last buses of the night will wait for all runners, so wait times may be longer than earlier in the evening. Plan wisely: pack some snacks and a change of clothes in your drop bag. The travel time from Pallastunturi to Jounin kauppa in \u00c4k\u00e4slompolo is about an hour.<\/p>\n\n\n\n<p><strong>During night a separate circulating forward connection:<\/strong><br>Jounin kauppa \u2192 Lapland Hotels \u00c4k\u00e4shotelli \u2192 P2 Ihmisen Rinki parking lot \u2192 Lapland Hotels Saaga, approximately 30 minute round trip.<\/p>\n\n\n\n<figure class=\"wp-block-image size-large\"><img loading=\"lazy\" decoding=\"async\" width=\"1024\" height=\"724\" src=\"https:\/\/media.nuts.fi\/wp-content\/uploads\/sites\/7\/2026\/03\/31094719\/YP-2026-yobussi-1024x724.jpg\" alt=\"\" class=\"wp-image-5263\" srcset=\"https:\/\/media.nuts.fi\/wp-content\/uploads\/sites\/7\/2026\/03\/31094719\/YP-2026-yobussi-1024x724.jpg 1024w, https:\/\/media.nuts.fi\/wp-content\/uploads\/sites\/7\/2026\/03\/31094719\/YP-2026-yobussi-300x212.jpg 300w, https:\/\/media.nuts.fi\/wp-content\/uploads\/sites\/7\/2026\/03\/31094719\/YP-2026-yobussi-768x543.jpg 768w, https:\/\/media.nuts.fi\/wp-content\/uploads\/sites\/7\/2026\/03\/31094719\/YP-2026-yobussi-1536x1086.jpg 1536w, https:\/\/media.nuts.fi\/wp-content\/uploads\/sites\/7\/2026\/03\/31094719\/YP-2026-yobussi.jpg 2000w\" sizes=\"auto, (max-width: 1024px) 100vw, 1024px\" \/><\/figure>\n\n\n\n<h2 class=\"wp-block-heading\" id=\"yllasjarviakaslompoloshutle\">\ud83c\udd93 Free Yll\u00e4sj\u00e4rvi\u2013\u00c4k\u00e4slompolo shuttle bus on Saturday:<\/h2>\n\n\n\n<p>On Saturday, the shuttle bus will run between the event center in \u00c4k\u00e4slompolo and the Lapland Hotels Saaga near the Yll\u00e4sj\u00e4rvi aid station from 10 am to 8 pm. You can leave your car at the cottage without worry! No ticket is needed for the bus, just hop on!<\/p>\n\n\n\n<p>Yll\u00e4sj\u00e4rvi Taiga \u2192 Lapland Hotel Saaga, Ihmisen Rinki P2 parking lot, \u00c4k\u00e4shotelli, Lapland Hotels Yll\u00e4skaltio (P1 parking), \u00c4k\u00e4slompolo Jounin kaupp I Bus stop<\/p>\n\n\n\n<figure class=\"wp-block-image size-large\"><img loading=\"lazy\" decoding=\"async\" width=\"1024\" height=\"724\" src=\"https:\/\/media.nuts.fi\/wp-content\/uploads\/sites\/7\/2026\/03\/31111237\/YP-shuttle-bus-2026-1024x724.jpg\" alt=\"\" class=\"wp-image-5284\" srcset=\"https:\/\/media.nuts.fi\/wp-content\/uploads\/sites\/7\/2026\/03\/31111237\/YP-shuttle-bus-2026-1024x724.jpg 1024w, https:\/\/media.nuts.fi\/wp-content\/uploads\/sites\/7\/2026\/03\/31111237\/YP-shuttle-bus-2026-300x212.jpg 300w, https:\/\/media.nuts.fi\/wp-content\/uploads\/sites\/7\/2026\/03\/31111237\/YP-shuttle-bus-2026-768x543.jpg 768w, https:\/\/media.nuts.fi\/wp-content\/uploads\/sites\/7\/2026\/03\/31111237\/YP-shuttle-bus-2026-1536x1086.jpg 1536w, https:\/\/media.nuts.fi\/wp-content\/uploads\/sites\/7\/2026\/03\/31111237\/YP-shuttle-bus-2026.jpg 2000w\" sizes=\"auto, (max-width: 1024px) 100vw, 1024px\" \/><\/figure>\n\n\n\n<figure class=\"wp-block-table is-style-stripes\"><table class=\"has-fixed-layout\"><thead><tr><th>Departure<\/th><th>From<\/th><th>Departure <strong>Taiga<\/strong><\/th><th>Departure <strong>Yll\u00e4skaltio<\/strong><\/th><\/tr><\/thead><tbody><tr><td><em>LA 18.7. klo 10.00 &#8211; 14<\/em><\/td><td><em>Yll\u00e4sj\u00e4rvi Taiga \u2192 Hotel Saaga<\/em><br><br><em>Ihmisen Rinki P2<\/em><br><br><em>\u00c4k\u00e4shotelli<\/em><br><br><em>Yll\u00e4skaltio<\/em><br><\/td><td><em>On the hour<\/em><\/td><td><em>Every half hour<\/em><\/td><\/tr><tr><td><em>LA 18.7. klo 10.30 &#8211; 14.30<\/em><\/td><td><em>Yll\u00e4sj\u00e4rvi Taiga \u2192 Hotel Saaga<\/em><br><br><em>Ihmisen Rinki P2<\/em><br><br><em>\u00c4k\u00e4shotelli<\/em><br><br><em>Yll\u00e4skaltio<\/em><br><\/td><td><em>Every half hour<\/em><\/td><td><em>On the hour<\/em><\/td><\/tr><tr><td><em>LA 18.7. klo 15.30 &#8211; 20<\/em><\/td><td><em>Yll\u00e4sj\u00e4rvi Taiga \u2192 Hotel Saaga<\/em><br><br><em>Ihmisen Rinki P2<\/em><br><br><em>\u00c4k\u00e4shotelli<\/em><br><br><em>Yll\u00e4skaltio<\/em><br><\/td><td><em>On the hour<\/em><\/td><td><em>Every half hour<\/em><\/td><\/tr><tr><td><em>LA 18.7. klo 16 &#8211; 20.30<\/em><\/td><td><em>Yll\u00e4sj\u00e4rvi Taiga \u2192 Hotel Saaga<\/em><br><br><em>Ihmisen Rinki P2<\/em><br><br><em>\u00c4k\u00e4shotelli<\/em><br><br><em>Yll\u00e4skaltio<\/em><br><\/td><td><em>Every half hour<\/em><\/td><td><em>On the hour<\/em><\/td><\/tr><\/tbody><\/table><\/figure>\n\n\n\n<h2 class=\"wp-block-heading\" id=\"eventbus\">Event bus from Oulu &amp; Rovaniemi to \u00c4k\u00e4slompolo (Yll\u00e4s)<\/h2>\n\n\n\n<p>Pohjolan Matka will arrange bus transports from Oulu and Rovaniemi to Yll\u00e4s.<\/p>\n\n\n\n<p>\ud83d\udc49<a href=\"https:\/\/pohjolanmatka.fi\/kohde\/#!\/nuts-yllas-pallas-2026\/departure\/OBNUTP1\/2026-7-16\/2026-7-19\/2\/0\/0\">Book here!<\/a><\/p>\n\n\n\n<figure class=\"wp-block-image size-large is-resized\"><img loading=\"lazy\" decoding=\"async\" width=\"1024\" height=\"724\" src=\"https:\/\/media.nuts.fi\/wp-content\/uploads\/sites\/7\/2026\/04\/02085943\/Pohjolan-matka-logo-1024x724.jpg\" alt=\"\" class=\"wp-image-5302\" style=\"aspect-ratio:1.4144222415291052;width:332px;height:auto\" srcset=\"https:\/\/media.nuts.fi\/wp-content\/uploads\/sites\/7\/2026\/04\/02085943\/Pohjolan-matka-logo-1024x724.jpg 1024w, https:\/\/media.nuts.fi\/wp-content\/uploads\/sites\/7\/2026\/04\/02085943\/Pohjolan-matka-logo-300x212.jpg 300w, https:\/\/media.nuts.fi\/wp-content\/uploads\/sites\/7\/2026\/04\/02085943\/Pohjolan-matka-logo-768x543.jpg 768w, https:\/\/media.nuts.fi\/wp-content\/uploads\/sites\/7\/2026\/04\/02085943\/Pohjolan-matka-logo-1536x1086.jpg 1536w, https:\/\/media.nuts.fi\/wp-content\/uploads\/sites\/7\/2026\/04\/02085943\/Pohjolan-matka-logo.jpg 2000w\" sizes=\"auto, (max-width: 1024px) 100vw, 1024px\" \/><\/figure>\n\n\n\n<h2 class=\"wp-block-heading\" id=\"addresses\">\ud83d\udccdAddresses<\/h2>\n\n\n\n<h3 class=\"wp-block-heading\">\u00c4k\u00e4slompolo<br>Event Center \/ Jounin Kauppa:<\/h3>\n\n\n\n<p>Sannanrannantie 3, 95970 \u00c4k\u00e4slompolo<br>\ud83d\udccd <a href=\"https:\/\/www.google.com\/maps\/place\/K-Market+Jounin+Kauppa\/@67.6041967,24.1553805,16.71z\/data=!4m6!3m5!1s0x45d3b8c886ec14ab:0x46f411eb46425ad8!8m2!3d67.6052778!4d24.1547222!16s%2Fg%2F1td51_qw?entry=ttu\">K-Market Jounin Kauppa<\/a><\/p>\n\n\n\n<p><strong>No parking, parking area reserved for store customers.<\/strong><\/p>\n\n\n\n<h3 class=\"wp-block-heading\"><strong>P1<\/strong> Parking: Lapland Hotels Yll\u00e4skaltio<\/h3>\n\n\n\n<p>Kaltiontie 5, 95970 Kolari<br>\ud83d\udccd <a href=\"https:\/\/goo.gl\/maps\/PNgQPf7x9nvrGF937\">https:\/\/goo.gl\/maps\/PNgQPf7x9nvrGF937<\/a><\/p>\n\n\n\n<h3 class=\"wp-block-heading has--font-size\"><strong>Ihmisen Rinki<\/strong> <strong>P2 <\/strong>Parking and KIDS event Tunturintie 56 parking area<\/h3>\n\n\n\n<p>Tunturintie 56, 95970 Kolari<br>\ud83d\udccd <a href=\"https:\/\/maps.app.goo.gl\/wSdBC1TZ7HBe1W9s6\">https:\/\/maps.app.goo.gl\/wSdBC1TZ7HBe1W9s6<\/a><\/p>\n\n\n\n<h2 class=\"wp-block-heading\">Pallas parking for Supporters<\/h2>\n\n\n\n<h3 class=\"wp-block-heading\">Lapland Hotel Pallas<\/h3>\n\n\n\n<p>Pallastunturintie 560, 99330 Pallastunturi<br>\ud83d\udccd <a href=\"https:\/\/www.google.com\/maps\/search\/68.041857,+24.067823?entry=tts&amp;shorturl=1\">https:\/\/goo.gl\/maps\/mc1CHoEic3bik2ai8<\/a><\/p>\n\n\n\n<p>\u26a0\ufe0f No event parking in the hotel yard<\/p>\n\n\n\n<p>Pallas parking Pallastunturintie 497<br>\ud83d\udccd <a href=\"https:\/\/goo.gl\/maps\/Wpu1m1j3frT7nuyMA\">https:\/\/goo.gl\/maps\/Wpu1m1j3frT7nuyMA<\/a><\/p>\n\n\n\n<h2 class=\"wp-block-heading\">Hetta<\/h2>\n\n\n\n<h3 class=\"wp-block-heading\">Enonteki\u00f6 School Center<\/h3>\n\n\n\n<p>Puistom\u00e4entie 3, 99400 Enonteki\u00f6<br>\ud83d\udccd <a href=\"https:\/\/goo.gl\/maps\/nXLWaUqrqUreGAhA8\">https:\/\/goo.gl\/maps\/nXLWaUqrqUreGAhA8<\/a><\/p>\n\n\n\n<p>\ud83d\udc49 Most aid stations are located along forest service roads without proper parking facilities. For this reason, <strong>we recommend carpooling for supporters<\/strong> and <strong>avoiding unnecessary visits to aid stations<\/strong>. There are plenty of parking spaces near the Yll\u00e4sj\u00e4rvi (Taiga) and Kellokas (Ihmisen Rinki P2) aid stations.<\/p>\n","protected":false},"excerpt":{"rendered":"<p>Array<\/p>\n","protected":false},"author":1,"featured_media":4192,"parent":0,"menu_order":0,"comment_status":"closed","ping_status":"closed","template":"","meta":{"_kad_blocks_custom_css":"","_kad_blocks_head_custom_js":"","_kad_blocks_body_custom_js":"","_kad_blocks_footer_custom_js":"","_kad_post_transparent":"","_kad_post_title":"","_kad_post_layout":"","_kad_post_sidebar_id":"","_kad_post_content_style":"","_kad_post_vertical_padding":"","_kad_post_feature":"","_kad_post_feature_position":"","_kad_post_header":false,"_kad_post_footer":false,"_kad_post_classname":"","footnotes":""},"class_list":["post-3957","page","type-page","status-publish","has-post-thumbnail","hentry"],"yoast_head":"<!-- This site is optimized with the Yoast SEO plugin v26.8 - https:\/\/yoast.com\/product\/yoast-seo-wordpress\/ -->\n<title>Bus departures for starts and parking - NUTS Yll\u00e4s Pallas Polkujuoksu<\/title>\n<meta name=\"robots\" content=\"index, follow, max-snippet:-1, max-image-preview:large, max-video-preview:-1\" \/>\n<link rel=\"canonical\" href=\"https:\/\/nutsyllaspallas.com\/en\/bus-departures-for-starts-and-parking\/\" \/>\n<meta property=\"og:locale\" content=\"en_US\" \/>\n<meta property=\"og:type\" content=\"article\" \/>\n<meta property=\"og:title\" content=\"Bus departures for starts and parking - NUTS Yll\u00e4s Pallas Polkujuoksu\" \/>\n<meta property=\"og:description\" content=\"Array\" \/>\n<meta property=\"og:url\" content=\"https:\/\/nutsyllaspallas.com\/en\/bus-departures-for-starts-and-parking\/\" \/>\n<meta property=\"og:site_name\" content=\"NUTS Yll\u00e4s Pallas Polkujuoksu\" \/>\n<meta property=\"article:modified_time\" content=\"2026-04-02T06:04:56+00:00\" \/>\n<meta property=\"og:image\" content=\"https:\/\/media.nuts.fi\/wp-content\/uploads\/sites\/7\/2023\/07\/28141430\/nuts-yllas-pallas-kannustajille2.jpg\" \/>\n\t<meta property=\"og:image:width\" content=\"1024\" \/>\n\t<meta property=\"og:image:height\" content=\"683\" \/>\n\t<meta property=\"og:image:type\" content=\"image\/jpeg\" \/>\n<meta name=\"twitter:card\" content=\"summary_large_image\" \/>\n<meta name=\"twitter:label1\" content=\"Est. reading time\" \/>\n\t<meta name=\"twitter:data1\" content=\"6 minutes\" \/>\n<script type=\"application\/ld+json\" class=\"yoast-schema-graph\">{\"@context\":\"https:\/\/schema.org\",\"@graph\":[{\"@type\":\"WebPage\",\"@id\":\"https:\/\/nutsyllaspallas.com\/en\/bus-departures-for-starts-and-parking\/\",\"url\":\"https:\/\/nutsyllaspallas.com\/en\/bus-departures-for-starts-and-parking\/\",\"name\":\"Bus departures for starts and parking - NUTS Yll\u00e4s Pallas Polkujuoksu\",\"isPartOf\":{\"@id\":\"https:\/\/nutsyllaspallas.com\/en\/#website\"},\"primaryImageOfPage\":{\"@id\":\"https:\/\/nutsyllaspallas.com\/en\/bus-departures-for-starts-and-parking\/#primaryimage\"},\"image\":{\"@id\":\"https:\/\/nutsyllaspallas.com\/en\/bus-departures-for-starts-and-parking\/#primaryimage\"},\"thumbnailUrl\":\"https:\/\/media.nuts.fi\/wp-content\/uploads\/sites\/7\/2023\/07\/28141430\/nuts-yllas-pallas-kannustajille2.jpg\",\"datePublished\":\"2023-06-27T10:45:20+00:00\",\"dateModified\":\"2026-04-02T06:04:56+00:00\",\"breadcrumb\":{\"@id\":\"https:\/\/nutsyllaspallas.com\/en\/bus-departures-for-starts-and-parking\/#breadcrumb\"},\"inLanguage\":\"en-US\",\"potentialAction\":[{\"@type\":\"ReadAction\",\"target\":[\"https:\/\/nutsyllaspallas.com\/en\/bus-departures-for-starts-and-parking\/\"]}]},{\"@type\":\"ImageObject\",\"inLanguage\":\"en-US\",\"@id\":\"https:\/\/nutsyllaspallas.com\/en\/bus-departures-for-starts-and-parking\/#primaryimage\",\"url\":\"https:\/\/media.nuts.fi\/wp-content\/uploads\/sites\/7\/2023\/07\/28141430\/nuts-yllas-pallas-kannustajille2.jpg\",\"contentUrl\":\"https:\/\/media.nuts.fi\/wp-content\/uploads\/sites\/7\/2023\/07\/28141430\/nuts-yllas-pallas-kannustajille2.jpg\",\"width\":1024,\"height\":683},{\"@type\":\"BreadcrumbList\",\"@id\":\"https:\/\/nutsyllaspallas.com\/en\/bus-departures-for-starts-and-parking\/#breadcrumb\",\"itemListElement\":[{\"@type\":\"ListItem\",\"position\":1,\"name\":\"Etusivu\",\"item\":\"https:\/\/nutsyllaspallas.com\/en\/\"},{\"@type\":\"ListItem\",\"position\":2,\"name\":\"Bus departures for starts and parking\"}]},{\"@type\":\"WebSite\",\"@id\":\"https:\/\/nutsyllaspallas.com\/en\/#website\",\"url\":\"https:\/\/nutsyllaspallas.com\/en\/\",\"name\":\"NUTS Yll\u00e4s Pallas Polkujuoksu\",\"description\":\"Polkujuoksu 15, 37, 66, 100 ja 160 km Tunturi-Lapissa\",\"publisher\":{\"@id\":\"https:\/\/nutsyllaspallas.com\/en\/#organization\"},\"potentialAction\":[{\"@type\":\"SearchAction\",\"target\":{\"@type\":\"EntryPoint\",\"urlTemplate\":\"https:\/\/nutsyllaspallas.com\/en\/?s={search_term_string}\"},\"query-input\":{\"@type\":\"PropertyValueSpecification\",\"valueRequired\":true,\"valueName\":\"search_term_string\"}}],\"inLanguage\":\"en-US\"},{\"@type\":\"Organization\",\"@id\":\"https:\/\/nutsyllaspallas.com\/en\/#organization\",\"name\":\"NUTS Yll\u00e4s Pallas Polkujuoksu\",\"url\":\"https:\/\/nutsyllaspallas.com\/en\/\",\"logo\":{\"@type\":\"ImageObject\",\"inLanguage\":\"en-US\",\"@id\":\"https:\/\/nutsyllaspallas.com\/en\/#\/schema\/logo\/image\/\",\"url\":\"https:\/\/media.nuts.fi\/wp-content\/uploads\/sites\/7\/2025\/01\/28141425\/nuts-yllas-pallas-white.svg\",\"contentUrl\":\"https:\/\/media.nuts.fi\/wp-content\/uploads\/sites\/7\/2025\/01\/28141425\/nuts-yllas-pallas-white.svg\",\"caption\":\"NUTS Yll\u00e4s Pallas Polkujuoksu\"},\"image\":{\"@id\":\"https:\/\/nutsyllaspallas.com\/en\/#\/schema\/logo\/image\/\"}}]}<\/script>\n<!-- \/ Yoast SEO plugin. -->","yoast_head_json":{"title":"Bus departures for starts and parking - NUTS Yll\u00e4s Pallas Polkujuoksu","robots":{"index":"index","follow":"follow","max-snippet":"max-snippet:-1","max-image-preview":"max-image-preview:large","max-video-preview":"max-video-preview:-1"},"canonical":"https:\/\/nutsyllaspallas.com\/en\/bus-departures-for-starts-and-parking\/","og_locale":"en_US","og_type":"article","og_title":"Bus departures for starts and parking - NUTS Yll\u00e4s Pallas Polkujuoksu","og_description":"Array","og_url":"https:\/\/nutsyllaspallas.com\/en\/bus-departures-for-starts-and-parking\/","og_site_name":"NUTS Yll\u00e4s Pallas Polkujuoksu","article_modified_time":"2026-04-02T06:04:56+00:00","og_image":[{"width":1024,"height":683,"url":"https:\/\/media.nuts.fi\/wp-content\/uploads\/sites\/7\/2023\/07\/28141430\/nuts-yllas-pallas-kannustajille2.jpg","type":"image\/jpeg"}],"twitter_card":"summary_large_image","twitter_misc":{"Est. reading time":"6 minutes"},"schema":{"@context":"https:\/\/schema.org","@graph":[{"@type":"WebPage","@id":"https:\/\/nutsyllaspallas.com\/en\/bus-departures-for-starts-and-parking\/","url":"https:\/\/nutsyllaspallas.com\/en\/bus-departures-for-starts-and-parking\/","name":"Bus departures for starts and parking - NUTS Yll\u00e4s Pallas Polkujuoksu","isPartOf":{"@id":"https:\/\/nutsyllaspallas.com\/en\/#website"},"primaryImageOfPage":{"@id":"https:\/\/nutsyllaspallas.com\/en\/bus-departures-for-starts-and-parking\/#primaryimage"},"image":{"@id":"https:\/\/nutsyllaspallas.com\/en\/bus-departures-for-starts-and-parking\/#primaryimage"},"thumbnailUrl":"https:\/\/media.nuts.fi\/wp-content\/uploads\/sites\/7\/2023\/07\/28141430\/nuts-yllas-pallas-kannustajille2.jpg","datePublished":"2023-06-27T10:45:20+00:00","dateModified":"2026-04-02T06:04:56+00:00","breadcrumb":{"@id":"https:\/\/nutsyllaspallas.com\/en\/bus-departures-for-starts-and-parking\/#breadcrumb"},"inLanguage":"en-US","potentialAction":[{"@type":"ReadAction","target":["https:\/\/nutsyllaspallas.com\/en\/bus-departures-for-starts-and-parking\/"]}]},{"@type":"ImageObject","inLanguage":"en-US","@id":"https:\/\/nutsyllaspallas.com\/en\/bus-departures-for-starts-and-parking\/#primaryimage","url":"https:\/\/media.nuts.fi\/wp-content\/uploads\/sites\/7\/2023\/07\/28141430\/nuts-yllas-pallas-kannustajille2.jpg","contentUrl":"https:\/\/media.nuts.fi\/wp-content\/uploads\/sites\/7\/2023\/07\/28141430\/nuts-yllas-pallas-kannustajille2.jpg","width":1024,"height":683},{"@type":"BreadcrumbList","@id":"https:\/\/nutsyllaspallas.com\/en\/bus-departures-for-starts-and-parking\/#breadcrumb","itemListElement":[{"@type":"ListItem","position":1,"name":"Etusivu","item":"https:\/\/nutsyllaspallas.com\/en\/"},{"@type":"ListItem","position":2,"name":"Bus departures for starts and parking"}]},{"@type":"WebSite","@id":"https:\/\/nutsyllaspallas.com\/en\/#website","url":"https:\/\/nutsyllaspallas.com\/en\/","name":"NUTS Yll\u00e4s Pallas Polkujuoksu","description":"Polkujuoksu 15, 37, 66, 100 ja 160 km Tunturi-Lapissa","publisher":{"@id":"https:\/\/nutsyllaspallas.com\/en\/#organization"},"potentialAction":[{"@type":"SearchAction","target":{"@type":"EntryPoint","urlTemplate":"https:\/\/nutsyllaspallas.com\/en\/?s={search_term_string}"},"query-input":{"@type":"PropertyValueSpecification","valueRequired":true,"valueName":"search_term_string"}}],"inLanguage":"en-US"},{"@type":"Organization","@id":"https:\/\/nutsyllaspallas.com\/en\/#organization","name":"NUTS Yll\u00e4s Pallas Polkujuoksu","url":"https:\/\/nutsyllaspallas.com\/en\/","logo":{"@type":"ImageObject","inLanguage":"en-US","@id":"https:\/\/nutsyllaspallas.com\/en\/#\/schema\/logo\/image\/","url":"https:\/\/media.nuts.fi\/wp-content\/uploads\/sites\/7\/2025\/01\/28141425\/nuts-yllas-pallas-white.svg","contentUrl":"https:\/\/media.nuts.fi\/wp-content\/uploads\/sites\/7\/2025\/01\/28141425\/nuts-yllas-pallas-white.svg","caption":"NUTS Yll\u00e4s Pallas Polkujuoksu"},"image":{"@id":"https:\/\/nutsyllaspallas.com\/en\/#\/schema\/logo\/image\/"}}]}},"taxonomy_info":[],"featured_image_src_large":["https:\/\/media.nuts.fi\/wp-content\/uploads\/sites\/7\/2023\/07\/28141430\/nuts-yllas-pallas-kannustajille2.jpg",1024,683,false],"author_info":{"display_name":"NUTS","author_link":"https:\/\/nutsyllaspallas.com\/en\/author\/user\/"},"comment_info":0,"_links":{"self":[{"href":"https:\/\/nutsyllaspallas.com\/en\/wp-json\/wp\/v2\/pages\/3957","targetHints":{"allow":["GET"]}}],"collection":[{"href":"https:\/\/nutsyllaspallas.com\/en\/wp-json\/wp\/v2\/pages"}],"about":[{"href":"https:\/\/nutsyllaspallas.com\/en\/wp-json\/wp\/v2\/types\/page"}],"author":[{"embeddable":true,"href":"https:\/\/nutsyllaspallas.com\/en\/wp-json\/wp\/v2\/users\/1"}],"replies":[{"embeddable":true,"href":"https:\/\/nutsyllaspallas.com\/en\/wp-json\/wp\/v2\/comments?post=3957"}],"version-history":[{"count":20,"href":"https:\/\/nutsyllaspallas.com\/en\/wp-json\/wp\/v2\/pages\/3957\/revisions"}],"predecessor-version":[{"id":5305,"href":"https:\/\/nutsyllaspallas.com\/en\/wp-json\/wp\/v2\/pages\/3957\/revisions\/5305"}],"wp:featuredmedia":[{"embeddable":true,"href":"https:\/\/nutsyllaspallas.com\/en\/wp-json\/wp\/v2\/media\/4192"}],"wp:attachment":[{"href":"https:\/\/nutsyllaspallas.com\/en\/wp-json\/wp\/v2\/media?parent=3957"}],"curies":[{"name":"wp","href":"https:\/\/api.w.org\/{rel}","templated":true}]}}