{"id":3959,"date":"2023-07-03T22:57:22","date_gmt":"2023-07-03T19:57:22","guid":{"rendered":"https:\/\/nutsyllaspallas.com\/ohjeita-kannustusjoukoille\/"},"modified":"2026-04-02T08:44:05","modified_gmt":"2026-04-02T05:44:05","slug":"crew","status":"publish","type":"page","link":"https:\/\/nutsyllaspallas.com\/en\/crew\/","title":{"rendered":"Guidelines for Support Crews"},"content":{"rendered":"\n<h2 class=\"wp-block-heading\">\ud83d\ude4c Cheering is allowed and even encouraged!<\/h2>\n\n\n\n<p>As a reminder, any other assistance or support for competitors is only permitted at the official aid stations. <a href=\"https:\/\/trailtourfinland.fi\/fi\/polkujuoksijan-etiketti-kilpailusaannot\/\">We follow the trail runner\u2019s code of conduct.<\/a> Of course, participants who have announced that they are withdrawing from the race may be helped.<\/p>\n\n\n\n<p>Please avoid using private cars around the Jounin Kauppa area in \u00c4k\u00e4slompolo, as parking spaces are limited. We encourage everyone to move around the village on foot or by bike.<\/p>\n\n\n\n<p><strong>Supporting runners is only allowed at official aid stations:<\/strong><br>\u26fa\ufe0f Mustavaara\/Pyh\u00e4kero (accessible only on foot or by bicycle)<br>\u26fa\ufe0f Ketomella<br>\u26fa\ufe0f Pallas<br>\u26fa\ufe0f Rauhala<br>\u26fa\ufe0f Peurakaltio<br>\u26fa\ufe0f Yll\u00e4sj\u00e4rvi<br>\u26fa\ufe0f Kellokas<br>\u274c Personal support is NOT allowed at Pahtavuoma.<\/p>\n\n\n\n<h2 class=\"wp-block-heading\">\ud83c\udd7f\ufe0f Parking in Yll\u00e4s, Pallas &amp; Air Condition<\/h2>\n\n\n\n<ul class=\"wp-block-list\">\n<li>Store Parking are if for costumers only. <\/li>\n\n\n\n<li>Alternative parking in \u00c4k\u00e4slompolo:\n<ul class=\"wp-block-list\">\n<li><strong>P1<\/strong> Lapland Hotels Yll\u00e4skaltio<br>Kaltiontie 5,95970 Kolari<br>\ud83d\udccd <a href=\"https:\/\/goo.gl\/maps\/PNgQPf7x9nvrGF937\">https:\/\/goo.gl\/maps\/PNgQPf7x9nvrGF937<\/a><\/li>\n<\/ul>\n<\/li>\n\n\n\n<li>Additional parking further away:\n<ul class=\"wp-block-list\">\n<li><strong>P2<\/strong> Tunturintie 56 parking<br>Tunturintie 56, 95970 Kolari<br>\ud83d\udccd <a href=\"https:\/\/goo.gl\/maps\/AeVEmsSZiQpzLZEfA\">https:\/\/goo.gl\/maps\/AeVEmsSZiQpzLZEfA<\/a><\/li>\n<\/ul>\n<\/li>\n\n\n\n<li><strong>In Yll\u00e4sj\u00e4rvi<\/strong>, there is also plenty of parking available for private cars:\n<ul class=\"wp-block-list\">\n<li>Iso-Yll\u00e4ksentie 44, 95980 Kolari<br>\ud83d\udccd <a href=\"https:\/\/www.google.com\/maps\/place\/Yll%C3%A4s+Ski+Resort+Yll%C3%A4sj%C3%A4rvi+pys%C3%A4k%C3%B6intialue\/@67.5508275,24.2556087,17.75z\/data=!4m6!3m5!1s0x45d3bfe6c4c79561:0x982b11d18889abd8!8m2!3d67.5512056!4d24.2547805!16s%2Fg%2F11h6d73_4v?entry=ttu\">Yll\u00e4s Ski Resort Yll\u00e4j\u00e4rvi Parking Lot<\/a><\/li>\n<\/ul>\n<\/li>\n\n\n\n<li>At the Kellokas Visitor Centre: Private cars should be parked at <strong>Y1 parking area (P2)<\/strong>, from where it\u2019s about a <strong>1 km walk to the aid station<\/strong>.<br><strong>P2<\/strong>\n<ul class=\"wp-block-list\">\n<li>Tunturintie 56, 95970 Kolari<br>\ud83d\udccd <a href=\"https:\/\/goo.gl\/maps\/AeVEmsSZiQpzLZEfA\">https:\/\/goo.gl\/maps\/AeVEmsSZiQpzLZEfA<\/a><\/li>\n<\/ul>\n<\/li>\n<\/ul>\n\n\n\n<h2 class=\"wp-block-heading\">\ud83d\ude8c Free Yll\u00e4sj\u00e4rvi\u2013\u00c4k\u00e4slompolo Shuttle Bus Schedule for Saturday<\/h2>\n\n\n\n<p>On Saturday, the shuttle bus will run between the \u00c4k\u00e4slompolo race center and <strong>Lapland Hotels Saaga<\/strong>, located near the Yll\u00e4sj\u00e4rvi aid station, according to the schedule below.<br>So you can safely leave your car at your cabin! <strong>No ticket needed \u2014 just hop on board!<\/strong><\/p>\n\n\n\n<p>\ud83d\udc49 <a href=\"https:\/\/nutsyllaspallas.com\/en\/bus-departures-for-starts-and-parking\/\">Check here!<\/a><\/p>\n\n\n\n<h2 class=\"wp-block-heading\">\ud83d\ude4c\ud83c\udd7f\ufe0f Parking for Supporters in Pallas<\/h2>\n\n\n\n<ul class=\"wp-block-list\">\n<li>Pallas parking:<br>\ud83d\udccd <a href=\"https:\/\/goo.gl\/maps\/Wpu1m1j3frT7nuyMA\">https:\/\/goo.gl\/maps\/Wpu1m1j3frT7nuyMA<\/a><\/li>\n\n\n\n<li>Please note that the <strong>Pallas Hotel yard is reserved for event traffic only.<\/strong><\/li>\n<\/ul>\n\n\n\n<p>\u26a0\ufe0f <strong>Additional note:<\/strong><br>The <strong>Pahtavuoma aid station<\/strong> is <strong>closed to supporters<\/strong> due to limited accessibility.<\/p>\n\n\n\n<p><\/p>\n","protected":false},"excerpt":{"rendered":"<p>\ud83d\ude4c Cheering is allowed and even encouraged! As a reminder, any other assistance or support for competitors is only permitted at the official aid stations. We follow the trail runner\u2019s code of conduct. Of course, participants who have announced that they are withdrawing from the race may be helped. Please avoid using private cars around&#8230;<\/p>\n","protected":false},"author":1,"featured_media":4190,"parent":0,"menu_order":0,"comment_status":"closed","ping_status":"closed","template":"","meta":{"_kad_blocks_custom_css":"","_kad_blocks_head_custom_js":"","_kad_blocks_body_custom_js":"","_kad_blocks_footer_custom_js":"","_kad_post_transparent":"","_kad_post_title":"","_kad_post_layout":"","_kad_post_sidebar_id":"","_kad_post_content_style":"","_kad_post_vertical_padding":"","_kad_post_feature":"","_kad_post_feature_position":"","_kad_post_header":false,"_kad_post_footer":false,"_kad_post_classname":"","footnotes":""},"class_list":["post-3959","page","type-page","status-publish","has-post-thumbnail","hentry"],"yoast_head":"<!-- This site is optimized with the Yoast SEO plugin v26.8 - https:\/\/yoast.com\/product\/yoast-seo-wordpress\/ -->\n<title>Guidelines for Support Crews - NUTS Yll\u00e4s Pallas Polkujuoksu<\/title>\n<meta name=\"robots\" content=\"index, follow, max-snippet:-1, max-image-preview:large, max-video-preview:-1\" \/>\n<link rel=\"canonical\" href=\"https:\/\/nutsyllaspallas.com\/en\/crew\/\" \/>\n<meta property=\"og:locale\" content=\"en_US\" \/>\n<meta property=\"og:type\" content=\"article\" \/>\n<meta property=\"og:title\" content=\"Guidelines for Support Crews - NUTS Yll\u00e4s Pallas Polkujuoksu\" \/>\n<meta property=\"og:description\" content=\"\ud83d\ude4c Cheering is allowed and even encouraged! As a reminder, any other assistance or support for competitors is only permitted at the official aid stations. We follow the trail runner\u2019s code of conduct. Of course, participants who have announced that they are withdrawing from the race may be helped. Please avoid using private cars around...\" \/>\n<meta property=\"og:url\" content=\"https:\/\/nutsyllaspallas.com\/en\/crew\/\" \/>\n<meta property=\"og:site_name\" content=\"NUTS Yll\u00e4s Pallas Polkujuoksu\" \/>\n<meta property=\"article:modified_time\" content=\"2026-04-02T05:44:05+00:00\" \/>\n<meta property=\"og:image\" content=\"https:\/\/media.nuts.fi\/wp-content\/uploads\/sites\/7\/2023\/07\/28141431\/nuts-yllas-pallas-kannustajille.jpg\" \/>\n\t<meta property=\"og:image:width\" content=\"1024\" \/>\n\t<meta property=\"og:image:height\" content=\"768\" \/>\n\t<meta property=\"og:image:type\" content=\"image\/jpeg\" \/>\n<meta name=\"twitter:card\" content=\"summary_large_image\" \/>\n<meta name=\"twitter:label1\" content=\"Est. reading time\" \/>\n\t<meta name=\"twitter:data1\" content=\"1 minute\" \/>\n<script type=\"application\/ld+json\" class=\"yoast-schema-graph\">{\"@context\":\"https:\/\/schema.org\",\"@graph\":[{\"@type\":\"WebPage\",\"@id\":\"https:\/\/nutsyllaspallas.com\/en\/crew\/\",\"url\":\"https:\/\/nutsyllaspallas.com\/en\/crew\/\",\"name\":\"Guidelines for Support Crews - NUTS Yll\u00e4s Pallas Polkujuoksu\",\"isPartOf\":{\"@id\":\"https:\/\/nutsyllaspallas.com\/en\/#website\"},\"primaryImageOfPage\":{\"@id\":\"https:\/\/nutsyllaspallas.com\/en\/crew\/#primaryimage\"},\"image\":{\"@id\":\"https:\/\/nutsyllaspallas.com\/en\/crew\/#primaryimage\"},\"thumbnailUrl\":\"https:\/\/media.nuts.fi\/wp-content\/uploads\/sites\/7\/2023\/07\/28141431\/nuts-yllas-pallas-kannustajille.jpg\",\"datePublished\":\"2023-07-03T19:57:22+00:00\",\"dateModified\":\"2026-04-02T05:44:05+00:00\",\"breadcrumb\":{\"@id\":\"https:\/\/nutsyllaspallas.com\/en\/crew\/#breadcrumb\"},\"inLanguage\":\"en-US\",\"potentialAction\":[{\"@type\":\"ReadAction\",\"target\":[\"https:\/\/nutsyllaspallas.com\/en\/crew\/\"]}]},{\"@type\":\"ImageObject\",\"inLanguage\":\"en-US\",\"@id\":\"https:\/\/nutsyllaspallas.com\/en\/crew\/#primaryimage\",\"url\":\"https:\/\/media.nuts.fi\/wp-content\/uploads\/sites\/7\/2023\/07\/28141431\/nuts-yllas-pallas-kannustajille.jpg\",\"contentUrl\":\"https:\/\/media.nuts.fi\/wp-content\/uploads\/sites\/7\/2023\/07\/28141431\/nuts-yllas-pallas-kannustajille.jpg\",\"width\":1024,\"height\":768},{\"@type\":\"BreadcrumbList\",\"@id\":\"https:\/\/nutsyllaspallas.com\/en\/crew\/#breadcrumb\",\"itemListElement\":[{\"@type\":\"ListItem\",\"position\":1,\"name\":\"Etusivu\",\"item\":\"https:\/\/nutsyllaspallas.com\/en\/\"},{\"@type\":\"ListItem\",\"position\":2,\"name\":\"Guidelines for Support Crews\"}]},{\"@type\":\"WebSite\",\"@id\":\"https:\/\/nutsyllaspallas.com\/en\/#website\",\"url\":\"https:\/\/nutsyllaspallas.com\/en\/\",\"name\":\"NUTS Yll\u00e4s Pallas Polkujuoksu\",\"description\":\"Polkujuoksu 15, 37, 66, 100 ja 160 km Tunturi-Lapissa\",\"publisher\":{\"@id\":\"https:\/\/nutsyllaspallas.com\/en\/#organization\"},\"potentialAction\":[{\"@type\":\"SearchAction\",\"target\":{\"@type\":\"EntryPoint\",\"urlTemplate\":\"https:\/\/nutsyllaspallas.com\/en\/?s={search_term_string}\"},\"query-input\":{\"@type\":\"PropertyValueSpecification\",\"valueRequired\":true,\"valueName\":\"search_term_string\"}}],\"inLanguage\":\"en-US\"},{\"@type\":\"Organization\",\"@id\":\"https:\/\/nutsyllaspallas.com\/en\/#organization\",\"name\":\"NUTS Yll\u00e4s Pallas Polkujuoksu\",\"url\":\"https:\/\/nutsyllaspallas.com\/en\/\",\"logo\":{\"@type\":\"ImageObject\",\"inLanguage\":\"en-US\",\"@id\":\"https:\/\/nutsyllaspallas.com\/en\/#\/schema\/logo\/image\/\",\"url\":\"https:\/\/media.nuts.fi\/wp-content\/uploads\/sites\/7\/2025\/01\/28141425\/nuts-yllas-pallas-white.svg\",\"contentUrl\":\"https:\/\/media.nuts.fi\/wp-content\/uploads\/sites\/7\/2025\/01\/28141425\/nuts-yllas-pallas-white.svg\",\"caption\":\"NUTS Yll\u00e4s Pallas Polkujuoksu\"},\"image\":{\"@id\":\"https:\/\/nutsyllaspallas.com\/en\/#\/schema\/logo\/image\/\"}}]}<\/script>\n<!-- \/ Yoast SEO plugin. -->","yoast_head_json":{"title":"Guidelines for Support Crews - NUTS Yll\u00e4s Pallas Polkujuoksu","robots":{"index":"index","follow":"follow","max-snippet":"max-snippet:-1","max-image-preview":"max-image-preview:large","max-video-preview":"max-video-preview:-1"},"canonical":"https:\/\/nutsyllaspallas.com\/en\/crew\/","og_locale":"en_US","og_type":"article","og_title":"Guidelines for Support Crews - NUTS Yll\u00e4s Pallas Polkujuoksu","og_description":"\ud83d\ude4c Cheering is allowed and even encouraged! As a reminder, any other assistance or support for competitors is only permitted at the official aid stations. We follow the trail runner\u2019s code of conduct. Of course, participants who have announced that they are withdrawing from the race may be helped. Please avoid using private cars around...","og_url":"https:\/\/nutsyllaspallas.com\/en\/crew\/","og_site_name":"NUTS Yll\u00e4s Pallas Polkujuoksu","article_modified_time":"2026-04-02T05:44:05+00:00","og_image":[{"width":1024,"height":768,"url":"https:\/\/media.nuts.fi\/wp-content\/uploads\/sites\/7\/2023\/07\/28141431\/nuts-yllas-pallas-kannustajille.jpg","type":"image\/jpeg"}],"twitter_card":"summary_large_image","twitter_misc":{"Est. reading time":"1 minute"},"schema":{"@context":"https:\/\/schema.org","@graph":[{"@type":"WebPage","@id":"https:\/\/nutsyllaspallas.com\/en\/crew\/","url":"https:\/\/nutsyllaspallas.com\/en\/crew\/","name":"Guidelines for Support Crews - NUTS Yll\u00e4s Pallas Polkujuoksu","isPartOf":{"@id":"https:\/\/nutsyllaspallas.com\/en\/#website"},"primaryImageOfPage":{"@id":"https:\/\/nutsyllaspallas.com\/en\/crew\/#primaryimage"},"image":{"@id":"https:\/\/nutsyllaspallas.com\/en\/crew\/#primaryimage"},"thumbnailUrl":"https:\/\/media.nuts.fi\/wp-content\/uploads\/sites\/7\/2023\/07\/28141431\/nuts-yllas-pallas-kannustajille.jpg","datePublished":"2023-07-03T19:57:22+00:00","dateModified":"2026-04-02T05:44:05+00:00","breadcrumb":{"@id":"https:\/\/nutsyllaspallas.com\/en\/crew\/#breadcrumb"},"inLanguage":"en-US","potentialAction":[{"@type":"ReadAction","target":["https:\/\/nutsyllaspallas.com\/en\/crew\/"]}]},{"@type":"ImageObject","inLanguage":"en-US","@id":"https:\/\/nutsyllaspallas.com\/en\/crew\/#primaryimage","url":"https:\/\/media.nuts.fi\/wp-content\/uploads\/sites\/7\/2023\/07\/28141431\/nuts-yllas-pallas-kannustajille.jpg","contentUrl":"https:\/\/media.nuts.fi\/wp-content\/uploads\/sites\/7\/2023\/07\/28141431\/nuts-yllas-pallas-kannustajille.jpg","width":1024,"height":768},{"@type":"BreadcrumbList","@id":"https:\/\/nutsyllaspallas.com\/en\/crew\/#breadcrumb","itemListElement":[{"@type":"ListItem","position":1,"name":"Etusivu","item":"https:\/\/nutsyllaspallas.com\/en\/"},{"@type":"ListItem","position":2,"name":"Guidelines for Support Crews"}]},{"@type":"WebSite","@id":"https:\/\/nutsyllaspallas.com\/en\/#website","url":"https:\/\/nutsyllaspallas.com\/en\/","name":"NUTS Yll\u00e4s Pallas Polkujuoksu","description":"Polkujuoksu 15, 37, 66, 100 ja 160 km Tunturi-Lapissa","publisher":{"@id":"https:\/\/nutsyllaspallas.com\/en\/#organization"},"potentialAction":[{"@type":"SearchAction","target":{"@type":"EntryPoint","urlTemplate":"https:\/\/nutsyllaspallas.com\/en\/?s={search_term_string}"},"query-input":{"@type":"PropertyValueSpecification","valueRequired":true,"valueName":"search_term_string"}}],"inLanguage":"en-US"},{"@type":"Organization","@id":"https:\/\/nutsyllaspallas.com\/en\/#organization","name":"NUTS Yll\u00e4s Pallas Polkujuoksu","url":"https:\/\/nutsyllaspallas.com\/en\/","logo":{"@type":"ImageObject","inLanguage":"en-US","@id":"https:\/\/nutsyllaspallas.com\/en\/#\/schema\/logo\/image\/","url":"https:\/\/media.nuts.fi\/wp-content\/uploads\/sites\/7\/2025\/01\/28141425\/nuts-yllas-pallas-white.svg","contentUrl":"https:\/\/media.nuts.fi\/wp-content\/uploads\/sites\/7\/2025\/01\/28141425\/nuts-yllas-pallas-white.svg","caption":"NUTS Yll\u00e4s Pallas Polkujuoksu"},"image":{"@id":"https:\/\/nutsyllaspallas.com\/en\/#\/schema\/logo\/image\/"}}]}},"taxonomy_info":[],"featured_image_src_large":["https:\/\/media.nuts.fi\/wp-content\/uploads\/sites\/7\/2023\/07\/28141431\/nuts-yllas-pallas-kannustajille.jpg",1024,768,false],"author_info":{"display_name":"NUTS","author_link":"https:\/\/nutsyllaspallas.com\/en\/author\/user\/"},"comment_info":0,"_links":{"self":[{"href":"https:\/\/nutsyllaspallas.com\/en\/wp-json\/wp\/v2\/pages\/3959","targetHints":{"allow":["GET"]}}],"collection":[{"href":"https:\/\/nutsyllaspallas.com\/en\/wp-json\/wp\/v2\/pages"}],"about":[{"href":"https:\/\/nutsyllaspallas.com\/en\/wp-json\/wp\/v2\/types\/page"}],"author":[{"embeddable":true,"href":"https:\/\/nutsyllaspallas.com\/en\/wp-json\/wp\/v2\/users\/1"}],"replies":[{"embeddable":true,"href":"https:\/\/nutsyllaspallas.com\/en\/wp-json\/wp\/v2\/comments?post=3959"}],"version-history":[{"count":20,"href":"https:\/\/nutsyllaspallas.com\/en\/wp-json\/wp\/v2\/pages\/3959\/revisions"}],"predecessor-version":[{"id":5299,"href":"https:\/\/nutsyllaspallas.com\/en\/wp-json\/wp\/v2\/pages\/3959\/revisions\/5299"}],"wp:featuredmedia":[{"embeddable":true,"href":"https:\/\/nutsyllaspallas.com\/en\/wp-json\/wp\/v2\/media\/4190"}],"wp:attachment":[{"href":"https:\/\/nutsyllaspallas.com\/en\/wp-json\/wp\/v2\/media?parent=3959"}],"curies":[{"name":"wp","href":"https:\/\/api.w.org\/{rel}","templated":true}]}}