{"id":1007,"date":"2017-11-14T11:25:44","date_gmt":"2017-11-14T09:25:44","guid":{"rendered":"http:\/\/nutsyllaspallas.com\/?page_id=1007"},"modified":"2025-01-31T08:23:15","modified_gmt":"2025-01-31T08:23:15","slug":"2017-2","status":"publish","type":"page","link":"https:\/\/nutsyllaspallas.com\/fi\/historia\/2017-2\/","title":{"rendered":"2017"},"content":{"rendered":"\n<!--more-->\n\n\n\n<h2 class=\"wp-block-heading\">Tulokset<\/h2>\n\n\n\n<p>My\u00f6s <a href=\"http:\/\/my.raceresult.com\/64194\/results?lang=fi\">my.raceresult.com<\/a><\/p>\n\n\n<div id=\"divRRPublish\" class=\"RRPublish\"><\/div><script type=\"text\/javascript\" src=\"https:\/\/my.raceresult.com\/RRPublish\/load.js.php?lang=fi\"><\/script><script type=\"text\/javascript\">\n                var rrp=new RRPublish(document.getElementById(\"divRRPublish\"), 64194, \"results\");\n                rrp.ShowTimerLogo=true;\n                rrp.ShowInfoText=false;\n            <\/script>\n\n\n\n<figure class=\"wp-block-embed is-type-video is-provider-youtube wp-block-embed-youtube wp-embed-aspect-16-9 wp-has-aspect-ratio\"><div class=\"wp-block-embed__wrapper\">\n<iframe loading=\"lazy\" title=\"BUFF\u00ae Trail Tour Finland: NUTS Yll\u00e4s Pallas 55 km race\" width=\"720\" height=\"405\" src=\"https:\/\/www.youtube.com\/embed\/juU92wbaICI?feature=oembed\" frameborder=\"0\" allow=\"accelerometer; autoplay; clipboard-write; encrypted-media; gyroscope; picture-in-picture; web-share\" referrerpolicy=\"strict-origin-when-cross-origin\" allowfullscreen><\/iframe>\n<\/div><\/figure>\n\n\n\n<figure class=\"wp-block-embed is-type-video is-provider-youtube wp-block-embed-youtube wp-embed-aspect-16-9 wp-has-aspect-ratio\"><div class=\"wp-block-embed__wrapper\">\n<iframe loading=\"lazy\" title=\"UTWT Discovery Race: NUTS Yll\u00e4s Pallas 134 km 14.\u201315.7.2017\" width=\"720\" height=\"405\" src=\"https:\/\/www.youtube.com\/embed\/U0ZP8LIN-VY?feature=oembed\" frameborder=\"0\" allow=\"accelerometer; autoplay; clipboard-write; encrypted-media; gyroscope; picture-in-picture; web-share\" referrerpolicy=\"strict-origin-when-cross-origin\" allowfullscreen><\/iframe>\n<\/div><\/figure>\n\n\n\n<figure class=\"wp-block-embed is-type-rich is-provider-flickr wp-block-embed-flickr\"><div class=\"wp-block-embed__wrapper\">\n<a data-flickr-embed='true' href='https:\/\/www.flickr.com\/photos\/nutsfi\/albums\/72157685710610750' title='NUTS Yll\u00e4s Pallas 2017 \u00a9 Aapo Laiho by NUTSfi, on Flickr'><img src='https:\/\/live.staticflickr.com\/4355\/36097787254_a7f5ddbebb_z.jpg' width='800' height='600' alt='FQ4A8954'><\/a><script async src='https:\/\/embedr.flickr.com\/assets\/client-code.js' charset='utf-8'><\/script>\n<\/div><\/figure>\n\n\n\n<figure class=\"wp-block-embed is-type-rich is-provider-flickr wp-block-embed-flickr\"><div class=\"wp-block-embed__wrapper\">\n<a data-flickr-embed='true' href='https:\/\/www.flickr.com\/photos\/nutsfi\/albums\/72157686312605236' title='NUTS Yll\u00e4s Pallas 2017 \u00a9 David Ari\u00f1o by NUTSfi, on Flickr'><img src='https:\/\/live.staticflickr.com\/4318\/35716662560_b7354039aa_z.jpg' width='800' height='600' alt='6Q6A5965'><\/a><script async src='https:\/\/embedr.flickr.com\/assets\/client-code.js' charset='utf-8'><\/script>\n<\/div><\/figure>\n\n\n\n<figure class=\"wp-block-embed is-type-rich is-provider-flickr wp-block-embed-flickr\"><div class=\"wp-block-embed__wrapper\">\n<a data-flickr-embed='true' href='https:\/\/www.flickr.com\/photos\/nutsfi\/albums\/72157685958306203' title='NUTS Yll\u00e4s Pallas 2017 \u00a9 Juha Saastamoinen \/ ONEVISION by NUTSfi, on Flickr'><img src='https:\/\/live.staticflickr.com\/4387\/36761231712_5433e15322_z.jpg' width='800' height='600' alt='nuts_yllaspallas2017-0057'><\/a><script async src='https:\/\/embedr.flickr.com\/assets\/client-code.js' charset='utf-8'><\/script>\n<\/div><\/figure>\n\n\n\n<h2 class=\"wp-block-heading\">Blogeja<\/h2>\n\n\n\n<h3 class=\"wp-block-heading\">134 km<\/h3>\n\n\n\n<p><a href=\"https:\/\/www.facebook.com\/karo.hamalainen\/posts\/10156386648514951?pnref=story\">Karo H\u00e4m\u00e4l\u00e4inen<\/a><\/p>\n\n\n\n<p><a href=\"http:\/\/vuorenpeikonretket.blogspot.fi\/2017\/07\/nutsia-134km-huoltajan-silmin.html\">Vuorenp\u00e4\u00e4t<\/a><\/p>\n\n\n\n<p><a href=\"http:\/\/mantaultraa.blogspot.fi\/2017\/07\/kolmas-kerta-toden-sanoo-eli-nuts.html\">Kaija J\u00e4rvinen<\/a><\/p>\n\n\n\n<p><a href=\"https:\/\/anttikorttinen.wordpress.com\/2017\/07\/20\/nuts-yllas-pallas-2017-134-km\/\">Antti Korttinen<\/a><\/p>\n\n\n\n<p><a href=\"http:\/\/www.juoksufoorumi.fi\/blogs\/entry\/965-yll%C3%A4s-pallas-hetta-134km\/\">Kimmo Karppinen<\/a><\/p>\n\n\n\n<p><a href=\"http:\/\/wp.me\/p6wPnZ-hW\">Sami Sundstr\u00f6m<\/a><\/p>\n\n\n\n<p><a href=\"http:\/\/wp.me\/p5NYQn-tW\">Satu Uusivirta<\/a><\/p>\n\n\n\n<h3 class=\"wp-block-heading\">55 km<\/h3>\n\n\n\n<p><a href=\"http:\/\/closecallsandlonghauls.blogspot.fi\/2017\/07\/nuts-pallas-55-km-1572017.html\">Jani Rintala<\/a><\/p>\n\n\n\n<p><a href=\"http:\/\/lauranpolut.blogspot.fi\/2017\/07\/nuts-yllas-pallas-1572017-55k.html\">Laura Ruotsalainen<\/a><\/p>\n\n\n\n<p><a href=\"http:\/\/crohnuts.blogspot.fi\/2017\/07\/suolipuoli-sinivalas-nutsaantui-taysin.html\">Sini Astr\u00e9n<\/a><\/p>\n\n\n\n<p><a href=\"https:\/\/hyvakuntoisena-hautaan.blogspot.fi\/2017\/07\/nuts-yllas-pallas-55km-verenvuodatus.html\">Jani Hitonen<\/a><\/p>\n\n\n\n<p><a href=\"https:\/\/paripolkua.blogspot.fi\/2017\/07\/nuts-yllas-pallas-55km-hienoja-maisemia.html\">Hanna Junttila<\/a> (DNF)<\/p>\n\n\n\n<p><a href=\"https:\/\/samivalima.blogspot.fi\/2017\/07\/nuts-pallas-2017-55kmei-muuta-kuin.html\">Sami V\u00e4limaa<\/a><\/p>\n\n\n\n<p><a href=\"https:\/\/hiilaritreenit.wordpress.com\/2017\/07\/22\/nuts-pallas-huumaa\/\">Maria Luoma-Aho<\/a><\/p>\n\n\n\n<p><a href=\"http:\/\/www.supersankarigeeni.fi\/2017\/07\/juoksin-55-km-ja-itkin-nuts-yllas-pallas.html\">Eveliina Yl\u00f6nen<\/a><\/p>\n\n\n\n<p><a href=\"https:\/\/www.facebook.com\/SajaniemenSonnit\/posts\/1777681255581906:0\">Sajaniemen Sonnit &#8211; Joonas<\/a><\/p>\n\n\n\n<p><a href=\"https:\/\/pulinas.com\/2017\/07\/30\/55-kilometria-lapin-taikaa\/\">Pauliina Sj\u00f6lund<\/a><\/p>\n\n\n\n<h3 class=\"wp-block-heading\">30 km<\/h3>\n\n\n\n<p><a href=\"http:\/\/mydirtyfatbike.blogspot.fi\/2017\/07\/nuts-yllas-pallas-kisarapsa.html\">Jarkko Hele\u00e4<\/a><\/p>\n\n\n\n<p><a href=\"https:\/\/yksipaivaelamasta.blogspot.fi\/2017\/07\/nuts-yph-ja-30-kilsaa-tunturia.html\">Tarja Hele\u00e4<\/a><\/p>\n\n\n\n<p><a href=\"https:\/\/ihateruniloverun.blogspot.fi\/2017\/07\/nuts-yllas-pallas-30k-1472017.html\">Mira Aaltonen<\/a><\/p>\n\n\n\n<p><a href=\"https:\/\/metwotraining.blogspot.fi\/2017\/07\/hullut-yllaksella.html\">Eija Keski-S\u00e4ntti<\/a><\/p>\n","protected":false},"excerpt":{"rendered":"","protected":false},"author":1,"featured_media":1081,"parent":277,"menu_order":0,"comment_status":"closed","ping_status":"closed","template":"","meta":{"_kad_blocks_custom_css":"","_kad_blocks_head_custom_js":"","_kad_blocks_body_custom_js":"","_kad_blocks_footer_custom_js":"","_kad_post_transparent":"","_kad_post_title":"","_kad_post_layout":"","_kad_post_sidebar_id":"","_kad_post_content_style":"","_kad_post_vertical_padding":"","_kad_post_feature":"","_kad_post_feature_position":"","_kad_post_header":false,"_kad_post_footer":false,"_kad_post_classname":"","footnotes":""},"class_list":["post-1007","page","type-page","status-publish","has-post-thumbnail","hentry"],"yoast_head":"<!-- This site is optimized with the Yoast SEO plugin v26.8 - https:\/\/yoast.com\/product\/yoast-seo-wordpress\/ -->\n<title>2017 - NUTS Yll\u00e4s Pallas Polkujuoksu<\/title>\n<meta name=\"robots\" content=\"index, follow, max-snippet:-1, max-image-preview:large, max-video-preview:-1\" \/>\n<link rel=\"canonical\" href=\"https:\/\/nutsyllaspallas.com\/fi\/historia\/2017-2\/\" \/>\n<meta property=\"og:locale\" content=\"fi_FI\" \/>\n<meta property=\"og:type\" content=\"article\" \/>\n<meta property=\"og:title\" content=\"2017 - NUTS Yll\u00e4s Pallas Polkujuoksu\" \/>\n<meta property=\"og:url\" content=\"https:\/\/nutsyllaspallas.com\/fi\/historia\/2017-2\/\" \/>\n<meta property=\"og:site_name\" content=\"NUTS Yll\u00e4s Pallas Polkujuoksu\" \/>\n<meta property=\"article:modified_time\" content=\"2025-01-31T08:23:15+00:00\" \/>\n<meta property=\"og:image\" content=\"http:\/\/media.nuts.fi\/wp-content\/uploads\/sites\/7\/2017\/11\/28141528\/35267548674_3f892c792f_k.jpg\" \/>\n\t<meta property=\"og:image:width\" content=\"2048\" \/>\n\t<meta property=\"og:image:height\" content=\"1365\" \/>\n\t<meta property=\"og:image:type\" content=\"image\/jpeg\" \/>\n<meta name=\"twitter:card\" content=\"summary_large_image\" \/>\n<meta name=\"twitter:label1\" content=\"Arvioitu lukuaika\" \/>\n\t<meta name=\"twitter:data1\" content=\"1 minuutti\" \/>\n<script type=\"application\/ld+json\" class=\"yoast-schema-graph\">{\"@context\":\"https:\/\/schema.org\",\"@graph\":[{\"@type\":\"WebPage\",\"@id\":\"https:\/\/nutsyllaspallas.com\/fi\/historia\/2017-2\/\",\"url\":\"https:\/\/nutsyllaspallas.com\/fi\/historia\/2017-2\/\",\"name\":\"2017 - NUTS Yll\u00e4s Pallas Polkujuoksu\",\"isPartOf\":{\"@id\":\"https:\/\/nutsyllaspallas.com\/fi\/#website\"},\"primaryImageOfPage\":{\"@id\":\"https:\/\/nutsyllaspallas.com\/fi\/historia\/2017-2\/#primaryimage\"},\"image\":{\"@id\":\"https:\/\/nutsyllaspallas.com\/fi\/historia\/2017-2\/#primaryimage\"},\"thumbnailUrl\":\"https:\/\/media.nuts.fi\/wp-content\/uploads\/sites\/7\/2017\/11\/28141528\/35267548674_3f892c792f_k.jpg\",\"datePublished\":\"2017-11-14T09:25:44+00:00\",\"dateModified\":\"2025-01-31T08:23:15+00:00\",\"breadcrumb\":{\"@id\":\"https:\/\/nutsyllaspallas.com\/fi\/historia\/2017-2\/#breadcrumb\"},\"inLanguage\":\"fi\",\"potentialAction\":[{\"@type\":\"ReadAction\",\"target\":[\"https:\/\/nutsyllaspallas.com\/fi\/historia\/2017-2\/\"]}]},{\"@type\":\"ImageObject\",\"inLanguage\":\"fi\",\"@id\":\"https:\/\/nutsyllaspallas.com\/fi\/historia\/2017-2\/#primaryimage\",\"url\":\"https:\/\/media.nuts.fi\/wp-content\/uploads\/sites\/7\/2017\/11\/28141528\/35267548674_3f892c792f_k.jpg\",\"contentUrl\":\"https:\/\/media.nuts.fi\/wp-content\/uploads\/sites\/7\/2017\/11\/28141528\/35267548674_3f892c792f_k.jpg\",\"width\":2048,\"height\":1365,\"caption\":\"NUTS Yll\u00e4s Pallas 2017\"},{\"@type\":\"BreadcrumbList\",\"@id\":\"https:\/\/nutsyllaspallas.com\/fi\/historia\/2017-2\/#breadcrumb\",\"itemListElement\":[{\"@type\":\"ListItem\",\"position\":1,\"name\":\"Etusivu\",\"item\":\"https:\/\/nutsyllaspallas.com\/fi\/\"},{\"@type\":\"ListItem\",\"position\":2,\"name\":\"Historia\",\"item\":\"https:\/\/nutsyllaspallas.com\/fi\/historia\/\"},{\"@type\":\"ListItem\",\"position\":3,\"name\":\"2017\"}]},{\"@type\":\"WebSite\",\"@id\":\"https:\/\/nutsyllaspallas.com\/fi\/#website\",\"url\":\"https:\/\/nutsyllaspallas.com\/fi\/\",\"name\":\"NUTS Yll\u00e4s Pallas Polkujuoksu\",\"description\":\"Polkujuoksu 15, 37, 66, 100 ja 160 km Tunturi-Lapissa\",\"publisher\":{\"@id\":\"https:\/\/nutsyllaspallas.com\/fi\/#organization\"},\"potentialAction\":[{\"@type\":\"SearchAction\",\"target\":{\"@type\":\"EntryPoint\",\"urlTemplate\":\"https:\/\/nutsyllaspallas.com\/fi\/?s={search_term_string}\"},\"query-input\":{\"@type\":\"PropertyValueSpecification\",\"valueRequired\":true,\"valueName\":\"search_term_string\"}}],\"inLanguage\":\"fi\"},{\"@type\":\"Organization\",\"@id\":\"https:\/\/nutsyllaspallas.com\/fi\/#organization\",\"name\":\"NUTS Yll\u00e4s Pallas Polkujuoksu\",\"url\":\"https:\/\/nutsyllaspallas.com\/fi\/\",\"logo\":{\"@type\":\"ImageObject\",\"inLanguage\":\"fi\",\"@id\":\"https:\/\/nutsyllaspallas.com\/fi\/#\/schema\/logo\/image\/\",\"url\":\"https:\/\/media.nuts.fi\/wp-content\/uploads\/sites\/7\/2025\/01\/28141425\/nuts-yllas-pallas-white.svg\",\"contentUrl\":\"https:\/\/media.nuts.fi\/wp-content\/uploads\/sites\/7\/2025\/01\/28141425\/nuts-yllas-pallas-white.svg\",\"caption\":\"NUTS Yll\u00e4s Pallas Polkujuoksu\"},\"image\":{\"@id\":\"https:\/\/nutsyllaspallas.com\/fi\/#\/schema\/logo\/image\/\"}}]}<\/script>\n<!-- \/ Yoast SEO plugin. -->","yoast_head_json":{"title":"2017 - NUTS Yll\u00e4s Pallas Polkujuoksu","robots":{"index":"index","follow":"follow","max-snippet":"max-snippet:-1","max-image-preview":"max-image-preview:large","max-video-preview":"max-video-preview:-1"},"canonical":"https:\/\/nutsyllaspallas.com\/fi\/historia\/2017-2\/","og_locale":"fi_FI","og_type":"article","og_title":"2017 - NUTS Yll\u00e4s Pallas Polkujuoksu","og_url":"https:\/\/nutsyllaspallas.com\/fi\/historia\/2017-2\/","og_site_name":"NUTS Yll\u00e4s Pallas Polkujuoksu","article_modified_time":"2025-01-31T08:23:15+00:00","og_image":[{"width":2048,"height":1365,"url":"http:\/\/media.nuts.fi\/wp-content\/uploads\/sites\/7\/2017\/11\/28141528\/35267548674_3f892c792f_k.jpg","type":"image\/jpeg"}],"twitter_card":"summary_large_image","twitter_misc":{"Arvioitu lukuaika":"1 minuutti"},"schema":{"@context":"https:\/\/schema.org","@graph":[{"@type":"WebPage","@id":"https:\/\/nutsyllaspallas.com\/fi\/historia\/2017-2\/","url":"https:\/\/nutsyllaspallas.com\/fi\/historia\/2017-2\/","name":"2017 - NUTS Yll\u00e4s Pallas Polkujuoksu","isPartOf":{"@id":"https:\/\/nutsyllaspallas.com\/fi\/#website"},"primaryImageOfPage":{"@id":"https:\/\/nutsyllaspallas.com\/fi\/historia\/2017-2\/#primaryimage"},"image":{"@id":"https:\/\/nutsyllaspallas.com\/fi\/historia\/2017-2\/#primaryimage"},"thumbnailUrl":"https:\/\/media.nuts.fi\/wp-content\/uploads\/sites\/7\/2017\/11\/28141528\/35267548674_3f892c792f_k.jpg","datePublished":"2017-11-14T09:25:44+00:00","dateModified":"2025-01-31T08:23:15+00:00","breadcrumb":{"@id":"https:\/\/nutsyllaspallas.com\/fi\/historia\/2017-2\/#breadcrumb"},"inLanguage":"fi","potentialAction":[{"@type":"ReadAction","target":["https:\/\/nutsyllaspallas.com\/fi\/historia\/2017-2\/"]}]},{"@type":"ImageObject","inLanguage":"fi","@id":"https:\/\/nutsyllaspallas.com\/fi\/historia\/2017-2\/#primaryimage","url":"https:\/\/media.nuts.fi\/wp-content\/uploads\/sites\/7\/2017\/11\/28141528\/35267548674_3f892c792f_k.jpg","contentUrl":"https:\/\/media.nuts.fi\/wp-content\/uploads\/sites\/7\/2017\/11\/28141528\/35267548674_3f892c792f_k.jpg","width":2048,"height":1365,"caption":"NUTS Yll\u00e4s Pallas 2017"},{"@type":"BreadcrumbList","@id":"https:\/\/nutsyllaspallas.com\/fi\/historia\/2017-2\/#breadcrumb","itemListElement":[{"@type":"ListItem","position":1,"name":"Etusivu","item":"https:\/\/nutsyllaspallas.com\/fi\/"},{"@type":"ListItem","position":2,"name":"Historia","item":"https:\/\/nutsyllaspallas.com\/fi\/historia\/"},{"@type":"ListItem","position":3,"name":"2017"}]},{"@type":"WebSite","@id":"https:\/\/nutsyllaspallas.com\/fi\/#website","url":"https:\/\/nutsyllaspallas.com\/fi\/","name":"NUTS Yll\u00e4s Pallas Polkujuoksu","description":"Polkujuoksu 15, 37, 66, 100 ja 160 km Tunturi-Lapissa","publisher":{"@id":"https:\/\/nutsyllaspallas.com\/fi\/#organization"},"potentialAction":[{"@type":"SearchAction","target":{"@type":"EntryPoint","urlTemplate":"https:\/\/nutsyllaspallas.com\/fi\/?s={search_term_string}"},"query-input":{"@type":"PropertyValueSpecification","valueRequired":true,"valueName":"search_term_string"}}],"inLanguage":"fi"},{"@type":"Organization","@id":"https:\/\/nutsyllaspallas.com\/fi\/#organization","name":"NUTS Yll\u00e4s Pallas Polkujuoksu","url":"https:\/\/nutsyllaspallas.com\/fi\/","logo":{"@type":"ImageObject","inLanguage":"fi","@id":"https:\/\/nutsyllaspallas.com\/fi\/#\/schema\/logo\/image\/","url":"https:\/\/media.nuts.fi\/wp-content\/uploads\/sites\/7\/2025\/01\/28141425\/nuts-yllas-pallas-white.svg","contentUrl":"https:\/\/media.nuts.fi\/wp-content\/uploads\/sites\/7\/2025\/01\/28141425\/nuts-yllas-pallas-white.svg","caption":"NUTS Yll\u00e4s Pallas Polkujuoksu"},"image":{"@id":"https:\/\/nutsyllaspallas.com\/fi\/#\/schema\/logo\/image\/"}}]}},"taxonomy_info":[],"featured_image_src_large":["https:\/\/media.nuts.fi\/wp-content\/uploads\/sites\/7\/2017\/11\/28141528\/35267548674_3f892c792f_k-1024x683.jpg",1024,683,true],"author_info":{"display_name":"NUTS","author_link":"https:\/\/nutsyllaspallas.com\/fi\/author\/user\/"},"comment_info":0,"_links":{"self":[{"href":"https:\/\/nutsyllaspallas.com\/fi\/wp-json\/wp\/v2\/pages\/1007","targetHints":{"allow":["GET"]}}],"collection":[{"href":"https:\/\/nutsyllaspallas.com\/fi\/wp-json\/wp\/v2\/pages"}],"about":[{"href":"https:\/\/nutsyllaspallas.com\/fi\/wp-json\/wp\/v2\/types\/page"}],"author":[{"embeddable":true,"href":"https:\/\/nutsyllaspallas.com\/fi\/wp-json\/wp\/v2\/users\/1"}],"replies":[{"embeddable":true,"href":"https:\/\/nutsyllaspallas.com\/fi\/wp-json\/wp\/v2\/comments?post=1007"}],"version-history":[{"count":3,"href":"https:\/\/nutsyllaspallas.com\/fi\/wp-json\/wp\/v2\/pages\/1007\/revisions"}],"predecessor-version":[{"id":4271,"href":"https:\/\/nutsyllaspallas.com\/fi\/wp-json\/wp\/v2\/pages\/1007\/revisions\/4271"}],"up":[{"embeddable":true,"href":"https:\/\/nutsyllaspallas.com\/fi\/wp-json\/wp\/v2\/pages\/277"}],"wp:featuredmedia":[{"embeddable":true,"href":"https:\/\/nutsyllaspallas.com\/fi\/wp-json\/wp\/v2\/media\/1081"}],"wp:attachment":[{"href":"https:\/\/nutsyllaspallas.com\/fi\/wp-json\/wp\/v2\/media?parent=1007"}],"curies":[{"name":"wp","href":"https:\/\/api.w.org\/{rel}","templated":true}]}}