{"id":1138,"date":"2018-03-12T08:47:59","date_gmt":"2018-03-12T08:47:59","guid":{"rendered":"https:\/\/nutsyllaspallas.com\/?page_id=1138"},"modified":"2025-01-24T21:17:21","modified_gmt":"2025-01-24T21:17:21","slug":"kumppanit","status":"publish","type":"page","link":"https:\/\/nutsyllaspallas.com\/fi\/kumppanit\/","title":{"rendered":"Kumppanit"},"content":{"rendered":"<h2>Presented by<\/h2>\n<p>[su_table responsive=&#8221;yes&#8221;]<\/p>\n<table>\n<tbody>\n<tr>\n<td width=\"200\"><img loading=\"lazy\" decoding=\"async\" class=\"alignnone size-full wp-image-2672\" src=\"https:\/\/nutsyllaspallas.com\/wp-content\/uploads\/sites\/3\/2021\/02\/garmin.png\" alt=\"\" width=\"150\" height=\"70\" \/><\/td>\n<td>Nimikumppanimme\u00a0<strong><a href=\"https:\/\/www.garmin.com\/fi-FI\/\">Garmin<\/a><\/strong> on maailman johtavana navigointituotteiden valmistajana sitoutunut valmistamaan mm. ylivoimaisia ulkoilu- ja urheilutuotteita. Helppok\u00e4ytt\u00f6iset tuotteet ovat suosittuja sek\u00e4 houkuttelevan muotoilunsa, erinomaisen laatunsa ja arvonsa ett\u00e4 innovatiivisten, asiakkaiden el\u00e4m\u00e4nlaatua parantavien ominaisuuksiensa ansiosta. NUTS-tapahtumissa on mahdollisuus ottaa koek\u00e4ytt\u00f6\u00f6n Garmin-urheilukelloja tapahtuman ajaksi.<\/td>\n<\/tr>\n<tr>\n<td width=\"200\"><img loading=\"lazy\" decoding=\"async\" class=\"alignnone size-full wp-image-2673\" src=\"https:\/\/nutsyllaspallas.com\/wp-content\/uploads\/sites\/3\/2021\/02\/la-sportiva.png\" alt=\"\" width=\"150\" height=\"70\" \/><\/td>\n<td>Nimikumppanimme\u00a0<a href=\"https:\/\/www.lasportiva.com\/en\/\"><strong>La Sportivan<\/strong><\/a>\u00a0juuret ovat kenkien valmistuksessa ja k\u00e4sity\u00f6l\u00e4isperinteiss\u00e4 Dolomiiteilla, Italiassa, jossa yhti\u00f6n p\u00e4\u00e4toimipiste on ollut vuodesta 1928. Nyky\u00e4\u00e4n merkki on markkinajohtaja mm. vuoristo- ja kiipeilykengiss\u00e4. Sittemmin valikoimiin on tullut mm. vuoristojuoksuun tarkoitetut keng\u00e4t ja varusteet, joihin p\u00e4\u00e4set tutustumaan tapahtumissamme.<\/td>\n<\/tr>\n<\/tbody>\n<\/table>\n<p>[\/su_table]<\/p>\n<h2>BUFF\u00ae Trail Tour Finland<\/h2>\n<p>[su_table responsive=&#8221;yes&#8221;]<\/p>\n<table>\n<tbody>\n<tr>\n<td width=\"200\"><img loading=\"lazy\" decoding=\"async\" class=\"alignnone size-full wp-image-2687\" src=\"https:\/\/nutsyllaspallas.com\/wp-content\/uploads\/sites\/3\/2021\/05\/buff.png\" alt=\"\" width=\"150\" height=\"70\" \/><\/td>\n<td>BUFF on katalonialainen p\u00e4\u00e4hinevalmistaja. Mallistoon kuuluvat BUFF Sport ja BUFF Lifestyle -kuluttajatuotteet, joita on yhteens\u00e4 1300 erilaista, sek\u00e4 kustomoidut tuotteet ja erillinen ammattip\u00e4\u00e4hineiden BUFF Safety -mallisto. BUFF kehitti putkimallisen p\u00e4\u00e4hineen ensimm\u00e4isen\u00e4 vuonna 1992 ja on nyky\u00e4\u00e4n maailman johtava saumattomien monik\u00e4ytt\u00f6p\u00e4\u00e4hineiden valmistaja. Tuotteita yhdist\u00e4v\u00e4t poikkeuksellisen hyv\u00e4 k\u00e4ytett\u00e4vyys ja toiminnallisuus, innovatiivisuus, modernit materiaalit, perfektionismi, monipuolisuus ja todenn\u00e4k\u00f6isesti paras mahdollinen k\u00e4ytt\u00f6mukavuus. Mallisto laajenee joka vuosi useilla uusilla innovaatioilla. NUTS Yll\u00e4s Pallaksen 37km:n matka on Buff Trail Tourin osakilpailu. Tutustu tarkemmin osoitteessa <a href=\"https:\/\/www.buff.com\/fi\/\" target=\"_blank\" rel=\"noreferrer noopener\" aria-label=\" (opens in a new tab)\">buff.fi<\/a>.<\/td>\n<\/tr>\n<tr>\n<td><\/td>\n<td><\/td>\n<\/tr>\n<tr>\n<td><img loading=\"lazy\" decoding=\"async\" class=\"alignnone size-full wp-image-2685\" src=\"https:\/\/nutsyllaspallas.com\/wp-content\/uploads\/sites\/3\/2021\/05\/bridgedale.png\" alt=\"\" width=\"150\" height=\"70\" \/><\/td>\n<td>Pohjois-Irlannissa Belfastin l\u00e4hell\u00e4 jo yli 100 vuotta sukkia kehitt\u00e4nyt ja valmistanut\u00a0<a href=\"https:\/\/www.bridgedale.com\/\" target=\"_blank\" rel=\"noreferrer noopener\" aria-label=\"Bridgedale (opens in a new tab)\">Bridgedale<\/a>\u00a0on teknisten sukkien markkinajohtaja. Kest\u00e4v\u00e4n kehityksen ajattelua edustavan Bridgedalen parasta osaamista on luonnonkuitujen yhdist\u00e4minen teknisiin kuituihin Woolfusion-tekniikalla.\u00a0Bridgedalen tavoitteena on valmistaa markkinoiden mukavimmat sukat. Johtoasemansa s\u00e4ilytt\u00e4miseksi se k\u00e4ytt\u00e4\u00e4 sukkien valmistukseen aina uusimpia tekniikoita.\u00a0Yrityksen intohimosta kertoo my\u00f6s se, ett\u00e4 osa tuotekehitysryhm\u00e4n j\u00e4senist\u00e4 k\u00e4velee yli 200 km viikossa, ja ett\u00e4 tuotannon laadun kehitt\u00e4miseen k\u00e4ytet\u00e4\u00e4n enemm\u00e4n aikaa kuin itse valmistusprosessiin.<br \/>\nYli 400 tuotteen kokonaisvalikoimaan kuuluvat tekniset sukat k\u00e4velyyn, juoksuun, vaellukseen, ty\u00f6k\u00e4ytt\u00f6\u00f6n, vuoristo-oloihin, talviurheilulajeihin ja p\u00e4ivitt\u00e4iseen yleisk\u00e4ytt\u00f6\u00f6n.<\/td>\n<\/tr>\n<tr>\n<td><\/td>\n<td><\/td>\n<\/tr>\n<tr>\n<td><img loading=\"lazy\" decoding=\"async\" class=\"alignnone size-full wp-image-2686\" src=\"https:\/\/nutsyllaspallas.com\/wp-content\/uploads\/sites\/3\/2021\/05\/camelbak.png\" alt=\"\" width=\"150\" height=\"70\" \/><\/td>\n<td><a href=\"https:\/\/www.camelbak.com\/en\/packs?filters[0].key=activity&amp;filters[0].value=5ca3712fb79c4f4eba88332cc74c8507&amp;sortValue=588d93330b6a4e62809a9f112d7a5177\" target=\"_blank\" rel=\"noreferrer noopener\">CamelBak<\/a>\u00a0on maailman markkinajohtaja juomaratkaisuissa. Yritys on perustettu vuonna 1989 Kaliforniassa, USA:ssa. CamelBak on alun perin kehitt\u00e4nyt k\u00e4det vapaana -nesteytyksen, ja tunnetaan siksi maailmalla juomarepun synonyymina. Tuotteilla on runsaasti patentteja, ja nerokas Big Bite Valve\u2122 -suukappale on alansa tunnetuin tuotekehityksen tulos. CamelBak parantaa nykyisi\u00e4 ja kehitt\u00e4\u00e4 jatkuvasti uusia ratkaisuja, jotka auttavat ihmisi\u00e4 yll\u00e4pit\u00e4m\u00e4\u00e4n suorituskyvyn kannalta optimaalista nestetasapainoa. CamelBakin tuotevalikoima juoman kuljettamiseen on eritt\u00e4in laaja: juomapullot, juomapullovy\u00f6t, juomavy\u00f6t, juomareput, juomas\u00e4ili\u00f6t ja n\u00e4iden tarvikkeet. Tuotteet soveltuvat urheiluk\u00e4yt\u00f6st\u00e4 retkeilyyn, mets\u00e4stykseen, matkustamiseen ja terveelliseen el\u00e4m\u00e4\u00e4n. Sotilask\u00e4ytt\u00f6\u00f6n suunnitellut mallit tunnistat MilSpec-teksteist\u00e4.<\/td>\n<\/tr>\n<tr>\n<td><img loading=\"lazy\" decoding=\"async\" class=\"alignnone size-medium wp-image-1753\" src=\"https:\/\/nutsyllaspallas.com\/wp-content\/uploads\/sites\/3\/2019\/04\/BD_Wordmark_HORIZ_BLK_CMYK.eps_-300x50.png\" alt=\"\" width=\"300\" height=\"50\" srcset=\"https:\/\/media.nuts.fi\/wp-content\/uploads\/sites\/7\/2019\/04\/28141512\/BD_Wordmark_HORIZ_BLK_CMYK.eps_-300x50.png 300w, https:\/\/media.nuts.fi\/wp-content\/uploads\/sites\/7\/2019\/04\/28141512\/BD_Wordmark_HORIZ_BLK_CMYK.eps_-1024x172.png 1024w, https:\/\/media.nuts.fi\/wp-content\/uploads\/sites\/7\/2019\/04\/28141512\/BD_Wordmark_HORIZ_BLK_CMYK.eps_-768x129.png 768w, https:\/\/media.nuts.fi\/wp-content\/uploads\/sites\/7\/2019\/04\/28141512\/BD_Wordmark_HORIZ_BLK_CMYK.eps_-1536x257.png 1536w, https:\/\/media.nuts.fi\/wp-content\/uploads\/sites\/7\/2019\/04\/28141512\/BD_Wordmark_HORIZ_BLK_CMYK.eps_.png 1594w\" sizes=\"auto, (max-width: 300px) 100vw, 300px\" \/><\/td>\n<td>1950-luvulla perustetun Black Diamondin tuotteiden laatu on ensiluokkaista ja tuotekehitys alansa huippua. Kiipeilyyn, hiihtovaeltamiseen, vapaalaskuun ja vuorilla liikkumiseen kehitetyt tuotteet tunnetaan laadustaan ymp\u00e4ri maailmaa. BUFF\u00ae Trail Tourilla p\u00e4\u00e4set tutustumaan kalifornialaisen Black Diamondin korkeatasoiseen <a href=\"https:\/\/eu.blackdiamondequipment.com\/en_FI\/trekking-poles\">sauvavalikoimaan<\/a>, joka on suunnattu polkujuoksija tarpeisiin.<\/td>\n<\/tr>\n<tr>\n<td><\/td>\n<td><\/td>\n<\/tr>\n<\/tbody>\n<\/table>\n<p>[\/su_table]<\/p>\n","protected":false},"excerpt":{"rendered":"<p>Presented by [su_table responsive=&#8221;yes&#8221;] Nimikumppanimme\u00a0Garmin on maailman johtavana navigointituotteiden valmistajana sitoutunut valmistamaan mm. ylivoimaisia ulkoilu- ja urheilutuotteita. Helppok\u00e4ytt\u00f6iset tuotteet ovat suosittuja sek\u00e4 houkuttelevan muotoilunsa, erinomaisen laatunsa ja arvonsa ett\u00e4 innovatiivisten, asiakkaiden el\u00e4m\u00e4nlaatua parantavien ominaisuuksiensa ansiosta. NUTS-tapahtumissa on mahdollisuus ottaa koek\u00e4ytt\u00f6\u00f6n Garmin-urheilukelloja tapahtuman ajaksi. Nimikumppanimme\u00a0La Sportivan\u00a0juuret ovat kenkien valmistuksessa ja k\u00e4sity\u00f6l\u00e4isperinteiss\u00e4 Dolomiiteilla, Italiassa, jossa yhti\u00f6n p\u00e4\u00e4toimipiste&#8230;<\/p>\n","protected":false},"author":1,"featured_media":0,"parent":0,"menu_order":0,"comment_status":"closed","ping_status":"closed","template":"","meta":{"_kad_blocks_custom_css":"","_kad_blocks_head_custom_js":"","_kad_blocks_body_custom_js":"","_kad_blocks_footer_custom_js":"","_kad_post_transparent":"","_kad_post_title":"","_kad_post_layout":"","_kad_post_sidebar_id":"","_kad_post_content_style":"","_kad_post_vertical_padding":"","_kad_post_feature":"","_kad_post_feature_position":"","_kad_post_header":false,"_kad_post_footer":false,"_kad_post_classname":"","footnotes":""},"class_list":["post-1138","page","type-page","status-publish","hentry"],"yoast_head":"<!-- This site is optimized with the Yoast SEO plugin v26.8 - https:\/\/yoast.com\/product\/yoast-seo-wordpress\/ -->\n<title>Kumppanit - NUTS Yll\u00e4s Pallas Polkujuoksu<\/title>\n<meta name=\"robots\" content=\"index, follow, max-snippet:-1, max-image-preview:large, max-video-preview:-1\" \/>\n<link rel=\"canonical\" href=\"https:\/\/nutsyllaspallas.com\/fi\/kumppanit\/\" \/>\n<meta property=\"og:locale\" content=\"fi_FI\" \/>\n<meta property=\"og:type\" content=\"article\" \/>\n<meta property=\"og:title\" content=\"Kumppanit - NUTS Yll\u00e4s Pallas Polkujuoksu\" \/>\n<meta property=\"og:description\" content=\"Presented by [su_table responsive=&#8221;yes&#8221;] Nimikumppanimme\u00a0Garmin on maailman johtavana navigointituotteiden valmistajana sitoutunut valmistamaan mm. ylivoimaisia ulkoilu- ja urheilutuotteita. Helppok\u00e4ytt\u00f6iset tuotteet ovat suosittuja sek\u00e4 houkuttelevan muotoilunsa, erinomaisen laatunsa ja arvonsa ett\u00e4 innovatiivisten, asiakkaiden el\u00e4m\u00e4nlaatua parantavien ominaisuuksiensa ansiosta. NUTS-tapahtumissa on mahdollisuus ottaa koek\u00e4ytt\u00f6\u00f6n Garmin-urheilukelloja tapahtuman ajaksi. Nimikumppanimme\u00a0La Sportivan\u00a0juuret ovat kenkien valmistuksessa ja k\u00e4sity\u00f6l\u00e4isperinteiss\u00e4 Dolomiiteilla, Italiassa, jossa yhti\u00f6n p\u00e4\u00e4toimipiste...\" \/>\n<meta property=\"og:url\" content=\"https:\/\/nutsyllaspallas.com\/fi\/kumppanit\/\" \/>\n<meta property=\"og:site_name\" content=\"NUTS Yll\u00e4s Pallas Polkujuoksu\" \/>\n<meta property=\"article:modified_time\" content=\"2025-01-24T21:17:21+00:00\" \/>\n<meta property=\"og:image\" content=\"https:\/\/nutsyllaspallas.com\/wp-content\/uploads\/sites\/3\/2021\/02\/garmin.png\" \/>\n<meta name=\"twitter:card\" content=\"summary_large_image\" \/>\n<meta name=\"twitter:label1\" content=\"Arvioitu lukuaika\" \/>\n\t<meta name=\"twitter:data1\" content=\"2 minuuttia\" \/>\n<script type=\"application\/ld+json\" class=\"yoast-schema-graph\">{\"@context\":\"https:\/\/schema.org\",\"@graph\":[{\"@type\":\"WebPage\",\"@id\":\"https:\/\/nutsyllaspallas.com\/fi\/kumppanit\/\",\"url\":\"https:\/\/nutsyllaspallas.com\/fi\/kumppanit\/\",\"name\":\"Kumppanit - NUTS Yll\u00e4s Pallas Polkujuoksu\",\"isPartOf\":{\"@id\":\"https:\/\/nutsyllaspallas.com\/fi\/#website\"},\"primaryImageOfPage\":{\"@id\":\"https:\/\/nutsyllaspallas.com\/fi\/kumppanit\/#primaryimage\"},\"image\":{\"@id\":\"https:\/\/nutsyllaspallas.com\/fi\/kumppanit\/#primaryimage\"},\"thumbnailUrl\":\"https:\/\/nutsyllaspallas.com\/wp-content\/uploads\/sites\/3\/2021\/02\/garmin.png\",\"datePublished\":\"2018-03-12T08:47:59+00:00\",\"dateModified\":\"2025-01-24T21:17:21+00:00\",\"breadcrumb\":{\"@id\":\"https:\/\/nutsyllaspallas.com\/fi\/kumppanit\/#breadcrumb\"},\"inLanguage\":\"fi\",\"potentialAction\":[{\"@type\":\"ReadAction\",\"target\":[\"https:\/\/nutsyllaspallas.com\/fi\/kumppanit\/\"]}]},{\"@type\":\"ImageObject\",\"inLanguage\":\"fi\",\"@id\":\"https:\/\/nutsyllaspallas.com\/fi\/kumppanit\/#primaryimage\",\"url\":\"https:\/\/nutsyllaspallas.com\/wp-content\/uploads\/sites\/3\/2021\/02\/garmin.png\",\"contentUrl\":\"https:\/\/nutsyllaspallas.com\/wp-content\/uploads\/sites\/3\/2021\/02\/garmin.png\"},{\"@type\":\"BreadcrumbList\",\"@id\":\"https:\/\/nutsyllaspallas.com\/fi\/kumppanit\/#breadcrumb\",\"itemListElement\":[{\"@type\":\"ListItem\",\"position\":1,\"name\":\"Etusivu\",\"item\":\"https:\/\/nutsyllaspallas.com\/fi\/\"},{\"@type\":\"ListItem\",\"position\":2,\"name\":\"Kumppanit\"}]},{\"@type\":\"WebSite\",\"@id\":\"https:\/\/nutsyllaspallas.com\/fi\/#website\",\"url\":\"https:\/\/nutsyllaspallas.com\/fi\/\",\"name\":\"NUTS Yll\u00e4s Pallas Polkujuoksu\",\"description\":\"Polkujuoksu 15, 37, 66, 100 ja 160 km Tunturi-Lapissa\",\"publisher\":{\"@id\":\"https:\/\/nutsyllaspallas.com\/fi\/#organization\"},\"potentialAction\":[{\"@type\":\"SearchAction\",\"target\":{\"@type\":\"EntryPoint\",\"urlTemplate\":\"https:\/\/nutsyllaspallas.com\/fi\/?s={search_term_string}\"},\"query-input\":{\"@type\":\"PropertyValueSpecification\",\"valueRequired\":true,\"valueName\":\"search_term_string\"}}],\"inLanguage\":\"fi\"},{\"@type\":\"Organization\",\"@id\":\"https:\/\/nutsyllaspallas.com\/fi\/#organization\",\"name\":\"NUTS Yll\u00e4s Pallas Polkujuoksu\",\"url\":\"https:\/\/nutsyllaspallas.com\/fi\/\",\"logo\":{\"@type\":\"ImageObject\",\"inLanguage\":\"fi\",\"@id\":\"https:\/\/nutsyllaspallas.com\/fi\/#\/schema\/logo\/image\/\",\"url\":\"https:\/\/media.nuts.fi\/wp-content\/uploads\/sites\/7\/2025\/01\/28141425\/nuts-yllas-pallas-white.svg\",\"contentUrl\":\"https:\/\/media.nuts.fi\/wp-content\/uploads\/sites\/7\/2025\/01\/28141425\/nuts-yllas-pallas-white.svg\",\"caption\":\"NUTS Yll\u00e4s Pallas Polkujuoksu\"},\"image\":{\"@id\":\"https:\/\/nutsyllaspallas.com\/fi\/#\/schema\/logo\/image\/\"}}]}<\/script>\n<!-- \/ Yoast SEO plugin. -->","yoast_head_json":{"title":"Kumppanit - NUTS Yll\u00e4s Pallas Polkujuoksu","robots":{"index":"index","follow":"follow","max-snippet":"max-snippet:-1","max-image-preview":"max-image-preview:large","max-video-preview":"max-video-preview:-1"},"canonical":"https:\/\/nutsyllaspallas.com\/fi\/kumppanit\/","og_locale":"fi_FI","og_type":"article","og_title":"Kumppanit - NUTS Yll\u00e4s Pallas Polkujuoksu","og_description":"Presented by [su_table responsive=&#8221;yes&#8221;] Nimikumppanimme\u00a0Garmin on maailman johtavana navigointituotteiden valmistajana sitoutunut valmistamaan mm. ylivoimaisia ulkoilu- ja urheilutuotteita. Helppok\u00e4ytt\u00f6iset tuotteet ovat suosittuja sek\u00e4 houkuttelevan muotoilunsa, erinomaisen laatunsa ja arvonsa ett\u00e4 innovatiivisten, asiakkaiden el\u00e4m\u00e4nlaatua parantavien ominaisuuksiensa ansiosta. NUTS-tapahtumissa on mahdollisuus ottaa koek\u00e4ytt\u00f6\u00f6n Garmin-urheilukelloja tapahtuman ajaksi. Nimikumppanimme\u00a0La Sportivan\u00a0juuret ovat kenkien valmistuksessa ja k\u00e4sity\u00f6l\u00e4isperinteiss\u00e4 Dolomiiteilla, Italiassa, jossa yhti\u00f6n p\u00e4\u00e4toimipiste...","og_url":"https:\/\/nutsyllaspallas.com\/fi\/kumppanit\/","og_site_name":"NUTS Yll\u00e4s Pallas Polkujuoksu","article_modified_time":"2025-01-24T21:17:21+00:00","og_image":[{"url":"https:\/\/nutsyllaspallas.com\/wp-content\/uploads\/sites\/3\/2021\/02\/garmin.png","type":"","width":"","height":""}],"twitter_card":"summary_large_image","twitter_misc":{"Arvioitu lukuaika":"2 minuuttia"},"schema":{"@context":"https:\/\/schema.org","@graph":[{"@type":"WebPage","@id":"https:\/\/nutsyllaspallas.com\/fi\/kumppanit\/","url":"https:\/\/nutsyllaspallas.com\/fi\/kumppanit\/","name":"Kumppanit - NUTS Yll\u00e4s Pallas Polkujuoksu","isPartOf":{"@id":"https:\/\/nutsyllaspallas.com\/fi\/#website"},"primaryImageOfPage":{"@id":"https:\/\/nutsyllaspallas.com\/fi\/kumppanit\/#primaryimage"},"image":{"@id":"https:\/\/nutsyllaspallas.com\/fi\/kumppanit\/#primaryimage"},"thumbnailUrl":"https:\/\/nutsyllaspallas.com\/wp-content\/uploads\/sites\/3\/2021\/02\/garmin.png","datePublished":"2018-03-12T08:47:59+00:00","dateModified":"2025-01-24T21:17:21+00:00","breadcrumb":{"@id":"https:\/\/nutsyllaspallas.com\/fi\/kumppanit\/#breadcrumb"},"inLanguage":"fi","potentialAction":[{"@type":"ReadAction","target":["https:\/\/nutsyllaspallas.com\/fi\/kumppanit\/"]}]},{"@type":"ImageObject","inLanguage":"fi","@id":"https:\/\/nutsyllaspallas.com\/fi\/kumppanit\/#primaryimage","url":"https:\/\/nutsyllaspallas.com\/wp-content\/uploads\/sites\/3\/2021\/02\/garmin.png","contentUrl":"https:\/\/nutsyllaspallas.com\/wp-content\/uploads\/sites\/3\/2021\/02\/garmin.png"},{"@type":"BreadcrumbList","@id":"https:\/\/nutsyllaspallas.com\/fi\/kumppanit\/#breadcrumb","itemListElement":[{"@type":"ListItem","position":1,"name":"Etusivu","item":"https:\/\/nutsyllaspallas.com\/fi\/"},{"@type":"ListItem","position":2,"name":"Kumppanit"}]},{"@type":"WebSite","@id":"https:\/\/nutsyllaspallas.com\/fi\/#website","url":"https:\/\/nutsyllaspallas.com\/fi\/","name":"NUTS Yll\u00e4s Pallas Polkujuoksu","description":"Polkujuoksu 15, 37, 66, 100 ja 160 km Tunturi-Lapissa","publisher":{"@id":"https:\/\/nutsyllaspallas.com\/fi\/#organization"},"potentialAction":[{"@type":"SearchAction","target":{"@type":"EntryPoint","urlTemplate":"https:\/\/nutsyllaspallas.com\/fi\/?s={search_term_string}"},"query-input":{"@type":"PropertyValueSpecification","valueRequired":true,"valueName":"search_term_string"}}],"inLanguage":"fi"},{"@type":"Organization","@id":"https:\/\/nutsyllaspallas.com\/fi\/#organization","name":"NUTS Yll\u00e4s Pallas Polkujuoksu","url":"https:\/\/nutsyllaspallas.com\/fi\/","logo":{"@type":"ImageObject","inLanguage":"fi","@id":"https:\/\/nutsyllaspallas.com\/fi\/#\/schema\/logo\/image\/","url":"https:\/\/media.nuts.fi\/wp-content\/uploads\/sites\/7\/2025\/01\/28141425\/nuts-yllas-pallas-white.svg","contentUrl":"https:\/\/media.nuts.fi\/wp-content\/uploads\/sites\/7\/2025\/01\/28141425\/nuts-yllas-pallas-white.svg","caption":"NUTS Yll\u00e4s Pallas Polkujuoksu"},"image":{"@id":"https:\/\/nutsyllaspallas.com\/fi\/#\/schema\/logo\/image\/"}}]}},"taxonomy_info":[],"featured_image_src_large":false,"author_info":{"display_name":"NUTS","author_link":"https:\/\/nutsyllaspallas.com\/fi\/author\/user\/"},"comment_info":0,"_links":{"self":[{"href":"https:\/\/nutsyllaspallas.com\/fi\/wp-json\/wp\/v2\/pages\/1138","targetHints":{"allow":["GET"]}}],"collection":[{"href":"https:\/\/nutsyllaspallas.com\/fi\/wp-json\/wp\/v2\/pages"}],"about":[{"href":"https:\/\/nutsyllaspallas.com\/fi\/wp-json\/wp\/v2\/types\/page"}],"author":[{"embeddable":true,"href":"https:\/\/nutsyllaspallas.com\/fi\/wp-json\/wp\/v2\/users\/1"}],"replies":[{"embeddable":true,"href":"https:\/\/nutsyllaspallas.com\/fi\/wp-json\/wp\/v2\/comments?post=1138"}],"version-history":[{"count":1,"href":"https:\/\/nutsyllaspallas.com\/fi\/wp-json\/wp\/v2\/pages\/1138\/revisions"}],"predecessor-version":[{"id":3897,"href":"https:\/\/nutsyllaspallas.com\/fi\/wp-json\/wp\/v2\/pages\/1138\/revisions\/3897"}],"wp:attachment":[{"href":"https:\/\/nutsyllaspallas.com\/fi\/wp-json\/wp\/v2\/media?parent=1138"}],"curies":[{"name":"wp","href":"https:\/\/api.w.org\/{rel}","templated":true}]}}