{"id":1393,"date":"2018-10-22T07:25:34","date_gmt":"2018-10-22T04:25:34","guid":{"rendered":"https:\/\/nutsyllaspallas.com\/?page_id=1393"},"modified":"2025-01-30T14:46:06","modified_gmt":"2025-01-30T14:46:06","slug":"2018-2","status":"publish","type":"page","link":"https:\/\/nutsyllaspallas.com\/fi\/historia\/2018-2\/","title":{"rendered":"2018"},"content":{"rendered":"<div id=\"divRRPublish\" class=\"RRPublish\"><\/div><script type=\"text\/javascript\" src=\"https:\/\/my.raceresult.com\/RRPublish\/load.js.php?lang=fi\"><\/script><script type=\"text\/javascript\">\n                var rrp=new RRPublish(document.getElementById(\"divRRPublish\"), 86171, \"results\");\n                rrp.ShowTimerLogo=true;\n                rrp.ShowInfoText=false;\n            <\/script>\n\n\n\n<h1 class=\"wp-block-heading\">Blogit<\/h1>\n\n\n\n<h2 class=\"wp-block-heading\">134 km<\/h2>\n\n\n\n<p><a href=\"http:\/\/kauasjapitkalle.blogspot.com\/2018\/07\/nuts-yllas-pallas-134km-2018.html\">Teemu Saranp\u00e4\u00e4<\/a><\/p>\n\n\n\n<p><a href=\"https:\/\/juoksejapysyhengissa.blogspot.com\/2018\/07\/nuts-yph-2018.html\">Juokse ja pysy hengiss\u00e4<\/a><\/p>\n\n\n\n<p><a href=\"\/\/hazor.iki.fi\/2018\/nutsyllaspallas\/\">Hazor<\/a><\/p>\n\n\n\n<p><a href=\"https:\/\/liikeenergiaa.blogi.net\/blog\/5\/nuts-yllas-pallas-hetta-polkujuoksu\/\">Liike-energiaa<\/a><\/p>\n\n\n\n<h2 class=\"wp-block-heading\">55 km<\/h2>\n\n\n\n<figure class=\"wp-block-embed is-type-video is-provider-youtube wp-block-embed-youtube wp-embed-aspect-16-9 wp-has-aspect-ratio\"><div class=\"wp-block-embed__wrapper\">\n<iframe loading=\"lazy\" title=\"FIRST ULTRA TRAIL 55KM - THE EXPERIENCE\" width=\"720\" height=\"405\" src=\"https:\/\/www.youtube.com\/embed\/2PwLkEvXj88?feature=oembed\" frameborder=\"0\" allow=\"accelerometer; autoplay; clipboard-write; encrypted-media; gyroscope; picture-in-picture; web-share\" referrerpolicy=\"strict-origin-when-cross-origin\" allowfullscreen><\/iframe>\n<\/div><\/figure>\n\n\n\n<p><a href=\"https:\/\/hyvaahappeablog.wordpress.com\/2018\/07\/15\/nuts-yllas-pallas-55km\/\">Hyv\u00e4ll\u00e4 hapella<\/a><\/p>\n\n\n\n<p><a href=\"http:\/\/www.lily.fi\/blogit\/maija-meinaa-maralle-and-beyond\/nuts-yllas-pallas-55-km-unelmista-totta\">Maija meinaa maralle..<\/a>.<\/p>\n\n\n\n<p><a href=\"http:\/\/luontoloinen.blogspot.com\/2018\/07\/nuts-pallas-hetta.html\">Luontoloinen<\/a><\/p>\n\n\n\n<p><a href=\"https:\/\/ihateruniloverun.blogspot.com\/2018\/07\/nuts-yllas-pallas-55k-1472018.html\">Mira Aaltonen<\/a><\/p>\n\n\n\n<p><a href=\"https:\/\/osanaluontoa.blogspot.com\/2018\/07\/nuts-yllas-pallas-47.html\">Osana luontoa<\/a><\/p>\n\n\n\n<p><a href=\"http:\/\/www.radaltajapuskista.fi\/juoksu\/team-motikka-kivikossa\/\">Radalta ja puskista<\/a><\/p>\n\n\n\n<p><a href=\"https:\/\/revontulia.com\/2018\/07\/17\/pallakselta-hettaan\/\">Revontulia<\/a><\/p>\n\n\n\n<p><a href=\"https:\/\/revontulia.com\/2018\/07\/17\/pallakselta-hettaan\/\">Jonne Sepp\u00e4nen<\/a> (DNF)<\/p>\n\n\n\n<p><a href=\"https:\/\/revontulia.com\/2018\/07\/17\/pallakselta-hettaan\/\">Pari polkua<\/a><\/p>\n\n\n\n<p><a href=\"https:\/\/www.pianykanen.com\/home\/nuts-yll%C3%A4s-pallas-55-km-ihanat-kamalat-kilometrit\">Pia Nyk\u00e4nen<\/a><\/p>\n\n\n\n<p><a href=\"https:\/\/www.terhimartikainen.com\/home\/2018\/7\/15\/bucket-list-pykl-lyhyemmksi-nuts-ylls-pallas-55k\">Terhi Martikainen<\/a><\/p>\n\n\n\n<p><a href=\"https:\/\/medium.com\/@bulletproofy\/kisaraportti-nuts-yll%C3%A4s-pallas-55-km-oikeasti-56-3-km-41855f13095b\">Jaakko Soudunsaari<\/a><\/p>\n\n\n\n<p><a href=\"https:\/\/www.treeline.fi\/ensimmainenultra\">Treeline<\/a><\/p>\n\n\n\n<p><a href=\"https:\/\/runningrocks9.blogspot.com\/\">Running Rocks<\/a><\/p>\n\n\n\n<p><a href=\"http:\/\/kantapaaopistossa.blogspot.com\/2018\/07\/nuts-pallas-2018-miksi-me-juoksemme.html\">Kantap\u00e4\u00e4opistossa<\/a><\/p>\n\n\n\n<h2 class=\"wp-block-heading\">30 km<\/h2>\n\n\n\n<p><a href=\"https:\/\/poluillaparastaaikaa.fi\/2018\/07\/15\/nuts-yllas-pallas-kameran-molemmilta-puolilta\/\">Poluilla parasta aikaa<\/a> ja <a href=\"https:\/\/poluillaparastaaikaa.fi\/2018\/07\/20\/vesisotaa\/\">&#8221;watergate&#8221;-lis\u00e4ys<\/a><\/p>\n\n\n\n<p><a href=\"https:\/\/poluillaparastaaikaa.fi\/2018\/07\/15\/nuts-yllas-pallas-kameran-molemmilta-puolilta\/\">Mamman parempi p\u00e4iv\u00e4<\/a><\/p>\n\n\n\n<p><a href=\"https:\/\/justrunsanna.blogspot.com\/2018\/07\/nuts-yllas-pallastaytta-lovee.html\">Just. Run.<\/a><\/p>\n\n\n\n<p><a href=\"http:\/\/kirsberry.blogspot.com\/2018\/07\/nutsyllaspallas2018.html\">Endorfiineja<\/a><\/p>\n\n\n\n<p><a href=\"https:\/\/erabimbo.blog\/2018\/07\/23\/nuts-yllas-pallas-2018-nevo-foget\/\">Er\u00e4bimbo<\/a><\/p>\n","protected":false},"excerpt":{"rendered":"<p>Blogit 134 km Teemu Saranp\u00e4\u00e4 Juokse ja pysy hengiss\u00e4 Hazor Liike-energiaa 55 km Hyv\u00e4ll\u00e4 hapella Maija meinaa maralle&#8230; Luontoloinen Mira Aaltonen Osana luontoa Radalta ja puskista Revontulia Jonne Sepp\u00e4nen (DNF) Pari polkua Pia Nyk\u00e4nen Terhi Martikainen Jaakko Soudunsaari Treeline Running Rocks Kantap\u00e4\u00e4opistossa 30 km Poluilla parasta aikaa ja &#8221;watergate&#8221;-lis\u00e4ys Mamman parempi p\u00e4iv\u00e4 Just. Run. Endorfiineja&#8230;<\/p>\n","protected":false},"author":1,"featured_media":1329,"parent":277,"menu_order":0,"comment_status":"closed","ping_status":"closed","template":"","meta":{"_kad_blocks_custom_css":"","_kad_blocks_head_custom_js":"","_kad_blocks_body_custom_js":"","_kad_blocks_footer_custom_js":"","_kad_post_transparent":"","_kad_post_title":"","_kad_post_layout":"","_kad_post_sidebar_id":"","_kad_post_content_style":"","_kad_post_vertical_padding":"","_kad_post_feature":"","_kad_post_feature_position":"","_kad_post_header":false,"_kad_post_footer":false,"_kad_post_classname":"","footnotes":""},"class_list":["post-1393","page","type-page","status-publish","has-post-thumbnail","hentry"],"yoast_head":"<!-- This site is optimized with the Yoast SEO plugin v26.8 - https:\/\/yoast.com\/product\/yoast-seo-wordpress\/ -->\n<title>2018 - NUTS Yll\u00e4s Pallas Polkujuoksu<\/title>\n<meta name=\"robots\" content=\"index, follow, max-snippet:-1, max-image-preview:large, max-video-preview:-1\" \/>\n<link rel=\"canonical\" href=\"https:\/\/nutsyllaspallas.com\/fi\/historia\/2018-2\/\" \/>\n<meta property=\"og:locale\" content=\"fi_FI\" \/>\n<meta property=\"og:type\" content=\"article\" \/>\n<meta property=\"og:title\" content=\"2018 - NUTS Yll\u00e4s Pallas Polkujuoksu\" \/>\n<meta property=\"og:description\" content=\"Blogit 134 km Teemu Saranp\u00e4\u00e4 Juokse ja pysy hengiss\u00e4 Hazor Liike-energiaa 55 km Hyv\u00e4ll\u00e4 hapella Maija meinaa maralle... Luontoloinen Mira Aaltonen Osana luontoa Radalta ja puskista Revontulia Jonne Sepp\u00e4nen (DNF) Pari polkua Pia Nyk\u00e4nen Terhi Martikainen Jaakko Soudunsaari Treeline Running Rocks Kantap\u00e4\u00e4opistossa 30 km Poluilla parasta aikaa ja &#8221;watergate&#8221;-lis\u00e4ys Mamman parempi p\u00e4iv\u00e4 Just. Run. Endorfiineja...\" \/>\n<meta property=\"og:url\" content=\"https:\/\/nutsyllaspallas.com\/fi\/historia\/2018-2\/\" \/>\n<meta property=\"og:site_name\" content=\"NUTS Yll\u00e4s Pallas Polkujuoksu\" \/>\n<meta property=\"article:modified_time\" content=\"2025-01-30T14:46:06+00:00\" \/>\n<meta property=\"og:image\" content=\"https:\/\/media.nuts.fi\/wp-content\/uploads\/sites\/7\/2018\/07\/28141522\/43485267891_a19d5d1d33_o-1-scaled-1.jpg\" \/>\n\t<meta property=\"og:image:width\" content=\"2560\" \/>\n\t<meta property=\"og:image:height\" content=\"1645\" \/>\n\t<meta property=\"og:image:type\" content=\"image\/jpeg\" \/>\n<meta name=\"twitter:card\" content=\"summary_large_image\" \/>\n<meta name=\"twitter:label1\" content=\"Arvioitu lukuaika\" \/>\n\t<meta name=\"twitter:data1\" content=\"1 minuutti\" \/>\n<script type=\"application\/ld+json\" class=\"yoast-schema-graph\">{\"@context\":\"https:\/\/schema.org\",\"@graph\":[{\"@type\":\"WebPage\",\"@id\":\"https:\/\/nutsyllaspallas.com\/fi\/historia\/2018-2\/\",\"url\":\"https:\/\/nutsyllaspallas.com\/fi\/historia\/2018-2\/\",\"name\":\"2018 - NUTS Yll\u00e4s Pallas Polkujuoksu\",\"isPartOf\":{\"@id\":\"https:\/\/nutsyllaspallas.com\/fi\/#website\"},\"primaryImageOfPage\":{\"@id\":\"https:\/\/nutsyllaspallas.com\/fi\/historia\/2018-2\/#primaryimage\"},\"image\":{\"@id\":\"https:\/\/nutsyllaspallas.com\/fi\/historia\/2018-2\/#primaryimage\"},\"thumbnailUrl\":\"https:\/\/media.nuts.fi\/wp-content\/uploads\/sites\/7\/2018\/07\/28141522\/43485267891_a19d5d1d33_o-1-scaled-1.jpg\",\"datePublished\":\"2018-10-22T04:25:34+00:00\",\"dateModified\":\"2025-01-30T14:46:06+00:00\",\"breadcrumb\":{\"@id\":\"https:\/\/nutsyllaspallas.com\/fi\/historia\/2018-2\/#breadcrumb\"},\"inLanguage\":\"fi\",\"potentialAction\":[{\"@type\":\"ReadAction\",\"target\":[\"https:\/\/nutsyllaspallas.com\/fi\/historia\/2018-2\/\"]}]},{\"@type\":\"ImageObject\",\"inLanguage\":\"fi\",\"@id\":\"https:\/\/nutsyllaspallas.com\/fi\/historia\/2018-2\/#primaryimage\",\"url\":\"https:\/\/media.nuts.fi\/wp-content\/uploads\/sites\/7\/2018\/07\/28141522\/43485267891_a19d5d1d33_o-1-scaled-1.jpg\",\"contentUrl\":\"https:\/\/media.nuts.fi\/wp-content\/uploads\/sites\/7\/2018\/07\/28141522\/43485267891_a19d5d1d33_o-1-scaled-1.jpg\",\"width\":2560,\"height\":1645,\"caption\":\"\u00a9 Aapo Laiho\"},{\"@type\":\"BreadcrumbList\",\"@id\":\"https:\/\/nutsyllaspallas.com\/fi\/historia\/2018-2\/#breadcrumb\",\"itemListElement\":[{\"@type\":\"ListItem\",\"position\":1,\"name\":\"Etusivu\",\"item\":\"https:\/\/nutsyllaspallas.com\/fi\/\"},{\"@type\":\"ListItem\",\"position\":2,\"name\":\"Historia\",\"item\":\"https:\/\/nutsyllaspallas.com\/fi\/historia\/\"},{\"@type\":\"ListItem\",\"position\":3,\"name\":\"2018\"}]},{\"@type\":\"WebSite\",\"@id\":\"https:\/\/nutsyllaspallas.com\/fi\/#website\",\"url\":\"https:\/\/nutsyllaspallas.com\/fi\/\",\"name\":\"NUTS Yll\u00e4s Pallas Polkujuoksu\",\"description\":\"Polkujuoksu 15, 37, 66, 100 ja 160 km Tunturi-Lapissa\",\"publisher\":{\"@id\":\"https:\/\/nutsyllaspallas.com\/fi\/#organization\"},\"potentialAction\":[{\"@type\":\"SearchAction\",\"target\":{\"@type\":\"EntryPoint\",\"urlTemplate\":\"https:\/\/nutsyllaspallas.com\/fi\/?s={search_term_string}\"},\"query-input\":{\"@type\":\"PropertyValueSpecification\",\"valueRequired\":true,\"valueName\":\"search_term_string\"}}],\"inLanguage\":\"fi\"},{\"@type\":\"Organization\",\"@id\":\"https:\/\/nutsyllaspallas.com\/fi\/#organization\",\"name\":\"NUTS Yll\u00e4s Pallas Polkujuoksu\",\"url\":\"https:\/\/nutsyllaspallas.com\/fi\/\",\"logo\":{\"@type\":\"ImageObject\",\"inLanguage\":\"fi\",\"@id\":\"https:\/\/nutsyllaspallas.com\/fi\/#\/schema\/logo\/image\/\",\"url\":\"https:\/\/media.nuts.fi\/wp-content\/uploads\/sites\/7\/2025\/01\/28141425\/nuts-yllas-pallas-white.svg\",\"contentUrl\":\"https:\/\/media.nuts.fi\/wp-content\/uploads\/sites\/7\/2025\/01\/28141425\/nuts-yllas-pallas-white.svg\",\"caption\":\"NUTS Yll\u00e4s Pallas Polkujuoksu\"},\"image\":{\"@id\":\"https:\/\/nutsyllaspallas.com\/fi\/#\/schema\/logo\/image\/\"}}]}<\/script>\n<!-- \/ Yoast SEO plugin. -->","yoast_head_json":{"title":"2018 - NUTS Yll\u00e4s Pallas Polkujuoksu","robots":{"index":"index","follow":"follow","max-snippet":"max-snippet:-1","max-image-preview":"max-image-preview:large","max-video-preview":"max-video-preview:-1"},"canonical":"https:\/\/nutsyllaspallas.com\/fi\/historia\/2018-2\/","og_locale":"fi_FI","og_type":"article","og_title":"2018 - NUTS Yll\u00e4s Pallas Polkujuoksu","og_description":"Blogit 134 km Teemu Saranp\u00e4\u00e4 Juokse ja pysy hengiss\u00e4 Hazor Liike-energiaa 55 km Hyv\u00e4ll\u00e4 hapella Maija meinaa maralle... Luontoloinen Mira Aaltonen Osana luontoa Radalta ja puskista Revontulia Jonne Sepp\u00e4nen (DNF) Pari polkua Pia Nyk\u00e4nen Terhi Martikainen Jaakko Soudunsaari Treeline Running Rocks Kantap\u00e4\u00e4opistossa 30 km Poluilla parasta aikaa ja &#8221;watergate&#8221;-lis\u00e4ys Mamman parempi p\u00e4iv\u00e4 Just. Run. Endorfiineja...","og_url":"https:\/\/nutsyllaspallas.com\/fi\/historia\/2018-2\/","og_site_name":"NUTS Yll\u00e4s Pallas Polkujuoksu","article_modified_time":"2025-01-30T14:46:06+00:00","og_image":[{"width":2560,"height":1645,"url":"https:\/\/media.nuts.fi\/wp-content\/uploads\/sites\/7\/2018\/07\/28141522\/43485267891_a19d5d1d33_o-1-scaled-1.jpg","type":"image\/jpeg"}],"twitter_card":"summary_large_image","twitter_misc":{"Arvioitu lukuaika":"1 minuutti"},"schema":{"@context":"https:\/\/schema.org","@graph":[{"@type":"WebPage","@id":"https:\/\/nutsyllaspallas.com\/fi\/historia\/2018-2\/","url":"https:\/\/nutsyllaspallas.com\/fi\/historia\/2018-2\/","name":"2018 - NUTS Yll\u00e4s Pallas Polkujuoksu","isPartOf":{"@id":"https:\/\/nutsyllaspallas.com\/fi\/#website"},"primaryImageOfPage":{"@id":"https:\/\/nutsyllaspallas.com\/fi\/historia\/2018-2\/#primaryimage"},"image":{"@id":"https:\/\/nutsyllaspallas.com\/fi\/historia\/2018-2\/#primaryimage"},"thumbnailUrl":"https:\/\/media.nuts.fi\/wp-content\/uploads\/sites\/7\/2018\/07\/28141522\/43485267891_a19d5d1d33_o-1-scaled-1.jpg","datePublished":"2018-10-22T04:25:34+00:00","dateModified":"2025-01-30T14:46:06+00:00","breadcrumb":{"@id":"https:\/\/nutsyllaspallas.com\/fi\/historia\/2018-2\/#breadcrumb"},"inLanguage":"fi","potentialAction":[{"@type":"ReadAction","target":["https:\/\/nutsyllaspallas.com\/fi\/historia\/2018-2\/"]}]},{"@type":"ImageObject","inLanguage":"fi","@id":"https:\/\/nutsyllaspallas.com\/fi\/historia\/2018-2\/#primaryimage","url":"https:\/\/media.nuts.fi\/wp-content\/uploads\/sites\/7\/2018\/07\/28141522\/43485267891_a19d5d1d33_o-1-scaled-1.jpg","contentUrl":"https:\/\/media.nuts.fi\/wp-content\/uploads\/sites\/7\/2018\/07\/28141522\/43485267891_a19d5d1d33_o-1-scaled-1.jpg","width":2560,"height":1645,"caption":"\u00a9 Aapo Laiho"},{"@type":"BreadcrumbList","@id":"https:\/\/nutsyllaspallas.com\/fi\/historia\/2018-2\/#breadcrumb","itemListElement":[{"@type":"ListItem","position":1,"name":"Etusivu","item":"https:\/\/nutsyllaspallas.com\/fi\/"},{"@type":"ListItem","position":2,"name":"Historia","item":"https:\/\/nutsyllaspallas.com\/fi\/historia\/"},{"@type":"ListItem","position":3,"name":"2018"}]},{"@type":"WebSite","@id":"https:\/\/nutsyllaspallas.com\/fi\/#website","url":"https:\/\/nutsyllaspallas.com\/fi\/","name":"NUTS Yll\u00e4s Pallas Polkujuoksu","description":"Polkujuoksu 15, 37, 66, 100 ja 160 km Tunturi-Lapissa","publisher":{"@id":"https:\/\/nutsyllaspallas.com\/fi\/#organization"},"potentialAction":[{"@type":"SearchAction","target":{"@type":"EntryPoint","urlTemplate":"https:\/\/nutsyllaspallas.com\/fi\/?s={search_term_string}"},"query-input":{"@type":"PropertyValueSpecification","valueRequired":true,"valueName":"search_term_string"}}],"inLanguage":"fi"},{"@type":"Organization","@id":"https:\/\/nutsyllaspallas.com\/fi\/#organization","name":"NUTS Yll\u00e4s Pallas Polkujuoksu","url":"https:\/\/nutsyllaspallas.com\/fi\/","logo":{"@type":"ImageObject","inLanguage":"fi","@id":"https:\/\/nutsyllaspallas.com\/fi\/#\/schema\/logo\/image\/","url":"https:\/\/media.nuts.fi\/wp-content\/uploads\/sites\/7\/2025\/01\/28141425\/nuts-yllas-pallas-white.svg","contentUrl":"https:\/\/media.nuts.fi\/wp-content\/uploads\/sites\/7\/2025\/01\/28141425\/nuts-yllas-pallas-white.svg","caption":"NUTS Yll\u00e4s Pallas Polkujuoksu"},"image":{"@id":"https:\/\/nutsyllaspallas.com\/fi\/#\/schema\/logo\/image\/"}}]}},"taxonomy_info":[],"featured_image_src_large":["https:\/\/media.nuts.fi\/wp-content\/uploads\/sites\/7\/2018\/07\/28141522\/43485267891_a19d5d1d33_o-1-scaled-1-1024x658.jpg",1024,658,true],"author_info":{"display_name":"NUTS","author_link":"https:\/\/nutsyllaspallas.com\/fi\/author\/user\/"},"comment_info":0,"_links":{"self":[{"href":"https:\/\/nutsyllaspallas.com\/fi\/wp-json\/wp\/v2\/pages\/1393","targetHints":{"allow":["GET"]}}],"collection":[{"href":"https:\/\/nutsyllaspallas.com\/fi\/wp-json\/wp\/v2\/pages"}],"about":[{"href":"https:\/\/nutsyllaspallas.com\/fi\/wp-json\/wp\/v2\/types\/page"}],"author":[{"embeddable":true,"href":"https:\/\/nutsyllaspallas.com\/fi\/wp-json\/wp\/v2\/users\/1"}],"replies":[{"embeddable":true,"href":"https:\/\/nutsyllaspallas.com\/fi\/wp-json\/wp\/v2\/comments?post=1393"}],"version-history":[{"count":2,"href":"https:\/\/nutsyllaspallas.com\/fi\/wp-json\/wp\/v2\/pages\/1393\/revisions"}],"predecessor-version":[{"id":4252,"href":"https:\/\/nutsyllaspallas.com\/fi\/wp-json\/wp\/v2\/pages\/1393\/revisions\/4252"}],"up":[{"embeddable":true,"href":"https:\/\/nutsyllaspallas.com\/fi\/wp-json\/wp\/v2\/pages\/277"}],"wp:featuredmedia":[{"embeddable":true,"href":"https:\/\/nutsyllaspallas.com\/fi\/wp-json\/wp\/v2\/media\/1329"}],"wp:attachment":[{"href":"https:\/\/nutsyllaspallas.com\/fi\/wp-json\/wp\/v2\/media?parent=1393"}],"curies":[{"name":"wp","href":"https:\/\/api.w.org\/{rel}","templated":true}]}}