{"id":2228,"date":"2019-10-17T14:30:32","date_gmt":"2019-10-17T11:30:32","guid":{"rendered":"https:\/\/nutsyllaspallas.com\/?page_id=2228"},"modified":"2025-01-31T08:25:16","modified_gmt":"2025-01-31T08:25:16","slug":"2019-2","status":"publish","type":"page","link":"https:\/\/nutsyllaspallas.com\/fi\/historia\/2019-2\/","title":{"rendered":"2019"},"content":{"rendered":"<div id=\"divRRPublish\" class=\"RRPublish\"><\/div><script type=\"text\/javascript\" src=\"https:\/\/my.raceresult.com\/RRPublish\/load.js.php?lang=fi\"><\/script><script type=\"text\/javascript\">\n                var rrp=new RRPublish(document.getElementById(\"divRRPublish\"), 112447, \"results\");\n                rrp.ShowTimerLogo=true;\n                rrp.ShowInfoText=false;\n            <\/script>\n\n\n\n<h2 class=\"wp-block-heading\">160 km<\/h2>\n\n\n\n<figure class=\"wp-block-embed is-type-video is-provider-youtube wp-block-embed-youtube wp-embed-aspect-16-9 wp-has-aspect-ratio\"><div class=\"wp-block-embed__wrapper\">\n<iframe loading=\"lazy\" title=\"NUTS Yll\u00e4s Pallas 2019\" width=\"720\" height=\"405\" src=\"https:\/\/www.youtube.com\/embed\/lYz5kEqlj0M?feature=oembed\" frameborder=\"0\" allow=\"accelerometer; autoplay; clipboard-write; encrypted-media; gyroscope; picture-in-picture\" allowfullscreen><\/iframe>\n<\/div><\/figure>\n\n\n\n<p><a href=\"https:\/\/www.facebook.com\/karohamalainenofficial\/posts\/2312511382117332?__tn__=K-R\">Karo H\u00e4m\u00e4l\u00e4inen<\/a><\/p>\n\n\n\n<p><a href=\"https:\/\/medium.com\/@bulletproofy\/y%C3%B6tt%C3%B6m%C3%A4n-y%C3%B6n-h%C3%B6lkk%C3%A4-nuts-yll%C3%A4s-pallas-160-km-2019-6d1c0231fed4\">Jaakko Soudunsaari<\/a><\/p>\n\n\n\n<p><a href=\"https:\/\/teamduro.wordpress.com\/2019\/07\/14\/nuts-yllas-pallas-160km-1\/\">Tuomas Masala<\/a><\/p>\n\n\n\n<p><a href=\"https:\/\/poluiltatielle.blogspot.com\/2019\/08\/nuts-yllas-pallas-2019-ja-vahan-paalle.html\">Toni Koski<\/a><\/p>\n\n\n\n<h2 class=\"wp-block-heading\">105 km<\/h2>\n\n\n\n<figure class=\"wp-block-embed is-type-video is-provider-youtube wp-block-embed-youtube wp-embed-aspect-16-9 wp-has-aspect-ratio\"><div class=\"wp-block-embed__wrapper\">\n<iframe loading=\"lazy\" title=\"NUTS Yll\u00e4s Pallas 2019\" width=\"720\" height=\"405\" src=\"https:\/\/www.youtube.com\/embed\/kY2xxHjeraU?feature=oembed\" frameborder=\"0\" allow=\"accelerometer; autoplay; clipboard-write; encrypted-media; gyroscope; picture-in-picture\" allowfullscreen><\/iframe>\n<\/div><\/figure>\n\n\n\n<p><a href=\"https:\/\/www.facebook.com\/permalink.php?story_fbid=598704877321319&amp;id=100015454350106\">Antti Lepist\u00f6<\/a><\/p>\n\n\n\n<p><a href=\"http:\/\/www.healthystyleofliving.com\/2019\/07\/nuts-pallas-105-km-kisarapsa.html\">Susanna Kajala<\/a><\/p>\n\n\n\n<p><a href=\"http:\/\/metwotraining.blogspot.com\/2019\/07\/retki-pallakselta-akaslompoloon-105km.html\">Eija Keski-S\u00e4ntti<\/a><\/p>\n\n\n\n<p><a href=\"https:\/\/www.pianykanen.com\/home\/nuts-pallas-105-km-i-did-it\">Pia Nyk\u00e4nen<\/a><\/p>\n\n\n\n<p><a href=\"https:\/\/hyvakuntoisena-hautaan.blogspot.com\/2019\/07\/nuts-yllas-pallas-105-km-2019-oispa.html\">Jani Hitonen<\/a><\/p>\n\n\n\n<p><a href=\"https:\/\/youtu.be\/ToEo0mHvlMY\">Antti Komonen<\/a><\/p>\n\n\n\n<h2 class=\"wp-block-heading\">55 km<\/h2>\n\n\n\n<p><a href=\"https:\/\/www.lily.fi\/blogit\/maija-meinaa-maralle-and-beyond\/nuts-hetta-pallas-55-km-yottoman-yon-aurinkoa-ihastellen\/\">Maija Meinaa<\/a><\/p>\n\n\n\n<p><a href=\"https:\/\/www.lassinreissuvihko.fi\/nuts-yllas-pallas\/\">Lassin Reissuvihko<\/a><\/p>\n\n\n\n<p><a href=\"https:\/\/ihmejuoksija.blogspot.com\/2019\/07\/nuts-yllas-pallas-58-km-hetta-pallas.html\">Tommi Ojala<\/a><\/p>\n\n\n\n<p><a href=\"http:\/\/Kirsin koettelemukset 55 kilometrin reitill\u00e4: http:\/\/kirsberry.blogspot.com\/2019\/07\/yph-55-ensimmainen-ultrajuoksuni-ja.html\">Kirsi Niemi<\/a><\/p>\n\n\n\n<p><a href=\"https:\/\/piposilmilla.fi\/2019\/07\/15\/nuts-hetta-pallas-58km-yhtaaikaa-epaonnistunein-ja-onnistunein-juoksuni-koskaan\/\">Milja Fromholtz<\/a><\/p>\n\n\n\n<p><a href=\"https:\/\/juostentunturissa.blogspot.com\/2019\/07\/nuts-hetta-pallas-55km-ensimmainen.html\">Marita Hulkkonen<\/a><\/p>\n\n\n\n<h2 class=\"wp-block-heading\">37 km<\/h2>\n\n\n\n<p><a href=\"http:\/\/asevelikylassa.com\/2019\/07\/14\/nuts-yllas-pallas-37-km\/\">Anna Suvilaakso<\/a><\/p>\n\n\n\n<p><a href=\"https:\/\/annamannakka.wordpress.com\/2019\/07\/23\/nuts-yllas-pallas-2019\/\">Anna Koveluhta<\/a><\/p>\n","protected":false},"excerpt":{"rendered":"<p>160 km Karo H\u00e4m\u00e4l\u00e4inen Jaakko Soudunsaari Tuomas Masala Toni Koski 105 km Antti Lepist\u00f6 Susanna Kajala Eija Keski-S\u00e4ntti Pia Nyk\u00e4nen Jani Hitonen Antti Komonen 55 km Maija Meinaa Lassin Reissuvihko Tommi Ojala Kirsi Niemi Milja Fromholtz Marita Hulkkonen 37 km Anna Suvilaakso Anna Koveluhta<\/p>\n","protected":false},"author":1,"featured_media":2147,"parent":277,"menu_order":0,"comment_status":"closed","ping_status":"closed","template":"","meta":{"_kad_blocks_custom_css":"","_kad_blocks_head_custom_js":"","_kad_blocks_body_custom_js":"","_kad_blocks_footer_custom_js":"","_kad_post_transparent":"","_kad_post_title":"","_kad_post_layout":"","_kad_post_sidebar_id":"","_kad_post_content_style":"","_kad_post_vertical_padding":"","_kad_post_feature":"","_kad_post_feature_position":"","_kad_post_header":false,"_kad_post_footer":false,"_kad_post_classname":"","footnotes":""},"class_list":["post-2228","page","type-page","status-publish","has-post-thumbnail","hentry"],"yoast_head":"<!-- This site is optimized with the Yoast SEO plugin v26.8 - https:\/\/yoast.com\/product\/yoast-seo-wordpress\/ -->\n<title>2019 - NUTS Yll\u00e4s Pallas Polkujuoksu<\/title>\n<meta name=\"robots\" content=\"index, follow, max-snippet:-1, max-image-preview:large, max-video-preview:-1\" \/>\n<link rel=\"canonical\" href=\"https:\/\/nutsyllaspallas.com\/fi\/historia\/2019-2\/\" \/>\n<meta property=\"og:locale\" content=\"fi_FI\" \/>\n<meta property=\"og:type\" content=\"article\" \/>\n<meta property=\"og:title\" content=\"2019 - NUTS Yll\u00e4s Pallas Polkujuoksu\" \/>\n<meta property=\"og:description\" content=\"160 km Karo H\u00e4m\u00e4l\u00e4inen Jaakko Soudunsaari Tuomas Masala Toni Koski 105 km Antti Lepist\u00f6 Susanna Kajala Eija Keski-S\u00e4ntti Pia Nyk\u00e4nen Jani Hitonen Antti Komonen 55 km Maija Meinaa Lassin Reissuvihko Tommi Ojala Kirsi Niemi Milja Fromholtz Marita Hulkkonen 37 km Anna Suvilaakso Anna Koveluhta\" \/>\n<meta property=\"og:url\" content=\"https:\/\/nutsyllaspallas.com\/fi\/historia\/2019-2\/\" \/>\n<meta property=\"og:site_name\" content=\"NUTS Yll\u00e4s Pallas Polkujuoksu\" \/>\n<meta property=\"article:modified_time\" content=\"2025-01-31T08:25:16+00:00\" \/>\n<meta property=\"og:image\" content=\"https:\/\/media.nuts.fi\/wp-content\/uploads\/sites\/7\/2019\/07\/28141456\/DSF2736-.jpg\" \/>\n\t<meta property=\"og:image:width\" content=\"1024\" \/>\n\t<meta property=\"og:image:height\" content=\"576\" \/>\n\t<meta property=\"og:image:type\" content=\"image\/jpeg\" \/>\n<meta name=\"twitter:card\" content=\"summary_large_image\" \/>\n<script type=\"application\/ld+json\" class=\"yoast-schema-graph\">{\"@context\":\"https:\/\/schema.org\",\"@graph\":[{\"@type\":\"WebPage\",\"@id\":\"https:\/\/nutsyllaspallas.com\/fi\/historia\/2019-2\/\",\"url\":\"https:\/\/nutsyllaspallas.com\/fi\/historia\/2019-2\/\",\"name\":\"2019 - NUTS Yll\u00e4s Pallas Polkujuoksu\",\"isPartOf\":{\"@id\":\"https:\/\/nutsyllaspallas.com\/fi\/#website\"},\"primaryImageOfPage\":{\"@id\":\"https:\/\/nutsyllaspallas.com\/fi\/historia\/2019-2\/#primaryimage\"},\"image\":{\"@id\":\"https:\/\/nutsyllaspallas.com\/fi\/historia\/2019-2\/#primaryimage\"},\"thumbnailUrl\":\"https:\/\/media.nuts.fi\/wp-content\/uploads\/sites\/7\/2019\/07\/28141456\/DSF2736-.jpg\",\"datePublished\":\"2019-10-17T11:30:32+00:00\",\"dateModified\":\"2025-01-31T08:25:16+00:00\",\"breadcrumb\":{\"@id\":\"https:\/\/nutsyllaspallas.com\/fi\/historia\/2019-2\/#breadcrumb\"},\"inLanguage\":\"fi\",\"potentialAction\":[{\"@type\":\"ReadAction\",\"target\":[\"https:\/\/nutsyllaspallas.com\/fi\/historia\/2019-2\/\"]}]},{\"@type\":\"ImageObject\",\"inLanguage\":\"fi\",\"@id\":\"https:\/\/nutsyllaspallas.com\/fi\/historia\/2019-2\/#primaryimage\",\"url\":\"https:\/\/media.nuts.fi\/wp-content\/uploads\/sites\/7\/2019\/07\/28141456\/DSF2736-.jpg\",\"contentUrl\":\"https:\/\/media.nuts.fi\/wp-content\/uploads\/sites\/7\/2019\/07\/28141456\/DSF2736-.jpg\",\"width\":1024,\"height\":576,\"caption\":\"\u24b8 Llu\u00eds Toll Riera\"},{\"@type\":\"BreadcrumbList\",\"@id\":\"https:\/\/nutsyllaspallas.com\/fi\/historia\/2019-2\/#breadcrumb\",\"itemListElement\":[{\"@type\":\"ListItem\",\"position\":1,\"name\":\"Etusivu\",\"item\":\"https:\/\/nutsyllaspallas.com\/fi\/\"},{\"@type\":\"ListItem\",\"position\":2,\"name\":\"Historia\",\"item\":\"https:\/\/nutsyllaspallas.com\/fi\/historia\/\"},{\"@type\":\"ListItem\",\"position\":3,\"name\":\"2019\"}]},{\"@type\":\"WebSite\",\"@id\":\"https:\/\/nutsyllaspallas.com\/fi\/#website\",\"url\":\"https:\/\/nutsyllaspallas.com\/fi\/\",\"name\":\"NUTS Yll\u00e4s Pallas Polkujuoksu\",\"description\":\"Polkujuoksu 15, 37, 66, 100 ja 160 km Tunturi-Lapissa\",\"publisher\":{\"@id\":\"https:\/\/nutsyllaspallas.com\/fi\/#organization\"},\"potentialAction\":[{\"@type\":\"SearchAction\",\"target\":{\"@type\":\"EntryPoint\",\"urlTemplate\":\"https:\/\/nutsyllaspallas.com\/fi\/?s={search_term_string}\"},\"query-input\":{\"@type\":\"PropertyValueSpecification\",\"valueRequired\":true,\"valueName\":\"search_term_string\"}}],\"inLanguage\":\"fi\"},{\"@type\":\"Organization\",\"@id\":\"https:\/\/nutsyllaspallas.com\/fi\/#organization\",\"name\":\"NUTS Yll\u00e4s Pallas Polkujuoksu\",\"url\":\"https:\/\/nutsyllaspallas.com\/fi\/\",\"logo\":{\"@type\":\"ImageObject\",\"inLanguage\":\"fi\",\"@id\":\"https:\/\/nutsyllaspallas.com\/fi\/#\/schema\/logo\/image\/\",\"url\":\"https:\/\/media.nuts.fi\/wp-content\/uploads\/sites\/7\/2025\/01\/28141425\/nuts-yllas-pallas-white.svg\",\"contentUrl\":\"https:\/\/media.nuts.fi\/wp-content\/uploads\/sites\/7\/2025\/01\/28141425\/nuts-yllas-pallas-white.svg\",\"caption\":\"NUTS Yll\u00e4s Pallas Polkujuoksu\"},\"image\":{\"@id\":\"https:\/\/nutsyllaspallas.com\/fi\/#\/schema\/logo\/image\/\"}}]}<\/script>\n<!-- \/ Yoast SEO plugin. -->","yoast_head_json":{"title":"2019 - NUTS Yll\u00e4s Pallas Polkujuoksu","robots":{"index":"index","follow":"follow","max-snippet":"max-snippet:-1","max-image-preview":"max-image-preview:large","max-video-preview":"max-video-preview:-1"},"canonical":"https:\/\/nutsyllaspallas.com\/fi\/historia\/2019-2\/","og_locale":"fi_FI","og_type":"article","og_title":"2019 - NUTS Yll\u00e4s Pallas Polkujuoksu","og_description":"160 km Karo H\u00e4m\u00e4l\u00e4inen Jaakko Soudunsaari Tuomas Masala Toni Koski 105 km Antti Lepist\u00f6 Susanna Kajala Eija Keski-S\u00e4ntti Pia Nyk\u00e4nen Jani Hitonen Antti Komonen 55 km Maija Meinaa Lassin Reissuvihko Tommi Ojala Kirsi Niemi Milja Fromholtz Marita Hulkkonen 37 km Anna Suvilaakso Anna Koveluhta","og_url":"https:\/\/nutsyllaspallas.com\/fi\/historia\/2019-2\/","og_site_name":"NUTS Yll\u00e4s Pallas Polkujuoksu","article_modified_time":"2025-01-31T08:25:16+00:00","og_image":[{"width":1024,"height":576,"url":"https:\/\/media.nuts.fi\/wp-content\/uploads\/sites\/7\/2019\/07\/28141456\/DSF2736-.jpg","type":"image\/jpeg"}],"twitter_card":"summary_large_image","schema":{"@context":"https:\/\/schema.org","@graph":[{"@type":"WebPage","@id":"https:\/\/nutsyllaspallas.com\/fi\/historia\/2019-2\/","url":"https:\/\/nutsyllaspallas.com\/fi\/historia\/2019-2\/","name":"2019 - NUTS Yll\u00e4s Pallas Polkujuoksu","isPartOf":{"@id":"https:\/\/nutsyllaspallas.com\/fi\/#website"},"primaryImageOfPage":{"@id":"https:\/\/nutsyllaspallas.com\/fi\/historia\/2019-2\/#primaryimage"},"image":{"@id":"https:\/\/nutsyllaspallas.com\/fi\/historia\/2019-2\/#primaryimage"},"thumbnailUrl":"https:\/\/media.nuts.fi\/wp-content\/uploads\/sites\/7\/2019\/07\/28141456\/DSF2736-.jpg","datePublished":"2019-10-17T11:30:32+00:00","dateModified":"2025-01-31T08:25:16+00:00","breadcrumb":{"@id":"https:\/\/nutsyllaspallas.com\/fi\/historia\/2019-2\/#breadcrumb"},"inLanguage":"fi","potentialAction":[{"@type":"ReadAction","target":["https:\/\/nutsyllaspallas.com\/fi\/historia\/2019-2\/"]}]},{"@type":"ImageObject","inLanguage":"fi","@id":"https:\/\/nutsyllaspallas.com\/fi\/historia\/2019-2\/#primaryimage","url":"https:\/\/media.nuts.fi\/wp-content\/uploads\/sites\/7\/2019\/07\/28141456\/DSF2736-.jpg","contentUrl":"https:\/\/media.nuts.fi\/wp-content\/uploads\/sites\/7\/2019\/07\/28141456\/DSF2736-.jpg","width":1024,"height":576,"caption":"\u24b8 Llu\u00eds Toll Riera"},{"@type":"BreadcrumbList","@id":"https:\/\/nutsyllaspallas.com\/fi\/historia\/2019-2\/#breadcrumb","itemListElement":[{"@type":"ListItem","position":1,"name":"Etusivu","item":"https:\/\/nutsyllaspallas.com\/fi\/"},{"@type":"ListItem","position":2,"name":"Historia","item":"https:\/\/nutsyllaspallas.com\/fi\/historia\/"},{"@type":"ListItem","position":3,"name":"2019"}]},{"@type":"WebSite","@id":"https:\/\/nutsyllaspallas.com\/fi\/#website","url":"https:\/\/nutsyllaspallas.com\/fi\/","name":"NUTS Yll\u00e4s Pallas Polkujuoksu","description":"Polkujuoksu 15, 37, 66, 100 ja 160 km Tunturi-Lapissa","publisher":{"@id":"https:\/\/nutsyllaspallas.com\/fi\/#organization"},"potentialAction":[{"@type":"SearchAction","target":{"@type":"EntryPoint","urlTemplate":"https:\/\/nutsyllaspallas.com\/fi\/?s={search_term_string}"},"query-input":{"@type":"PropertyValueSpecification","valueRequired":true,"valueName":"search_term_string"}}],"inLanguage":"fi"},{"@type":"Organization","@id":"https:\/\/nutsyllaspallas.com\/fi\/#organization","name":"NUTS Yll\u00e4s Pallas Polkujuoksu","url":"https:\/\/nutsyllaspallas.com\/fi\/","logo":{"@type":"ImageObject","inLanguage":"fi","@id":"https:\/\/nutsyllaspallas.com\/fi\/#\/schema\/logo\/image\/","url":"https:\/\/media.nuts.fi\/wp-content\/uploads\/sites\/7\/2025\/01\/28141425\/nuts-yllas-pallas-white.svg","contentUrl":"https:\/\/media.nuts.fi\/wp-content\/uploads\/sites\/7\/2025\/01\/28141425\/nuts-yllas-pallas-white.svg","caption":"NUTS Yll\u00e4s Pallas Polkujuoksu"},"image":{"@id":"https:\/\/nutsyllaspallas.com\/fi\/#\/schema\/logo\/image\/"}}]}},"taxonomy_info":[],"featured_image_src_large":["https:\/\/media.nuts.fi\/wp-content\/uploads\/sites\/7\/2019\/07\/28141456\/DSF2736-.jpg",1024,576,false],"author_info":{"display_name":"NUTS","author_link":"https:\/\/nutsyllaspallas.com\/fi\/author\/user\/"},"comment_info":0,"_links":{"self":[{"href":"https:\/\/nutsyllaspallas.com\/fi\/wp-json\/wp\/v2\/pages\/2228","targetHints":{"allow":["GET"]}}],"collection":[{"href":"https:\/\/nutsyllaspallas.com\/fi\/wp-json\/wp\/v2\/pages"}],"about":[{"href":"https:\/\/nutsyllaspallas.com\/fi\/wp-json\/wp\/v2\/types\/page"}],"author":[{"embeddable":true,"href":"https:\/\/nutsyllaspallas.com\/fi\/wp-json\/wp\/v2\/users\/1"}],"replies":[{"embeddable":true,"href":"https:\/\/nutsyllaspallas.com\/fi\/wp-json\/wp\/v2\/comments?post=2228"}],"version-history":[{"count":2,"href":"https:\/\/nutsyllaspallas.com\/fi\/wp-json\/wp\/v2\/pages\/2228\/revisions"}],"predecessor-version":[{"id":4272,"href":"https:\/\/nutsyllaspallas.com\/fi\/wp-json\/wp\/v2\/pages\/2228\/revisions\/4272"}],"up":[{"embeddable":true,"href":"https:\/\/nutsyllaspallas.com\/fi\/wp-json\/wp\/v2\/pages\/277"}],"wp:featuredmedia":[{"embeddable":true,"href":"https:\/\/nutsyllaspallas.com\/fi\/wp-json\/wp\/v2\/media\/2147"}],"wp:attachment":[{"href":"https:\/\/nutsyllaspallas.com\/fi\/wp-json\/wp\/v2\/media?parent=2228"}],"curies":[{"name":"wp","href":"https:\/\/api.w.org\/{rel}","templated":true}]}}