{"id":280,"date":"2015-12-22T17:42:09","date_gmt":"2015-12-22T15:42:09","guid":{"rendered":"http:\/\/www.nutsyllaspallas.com\/?page_id=280"},"modified":"2025-01-31T08:58:50","modified_gmt":"2025-01-31T08:58:50","slug":"2015-2","status":"publish","type":"page","link":"https:\/\/nutsyllaspallas.com\/fi\/historia\/2015-2\/","title":{"rendered":"2015"},"content":{"rendered":"\n<!--more-->\n\n\n\n<h3 class=\"wp-block-heading\">Tulokset<\/h3>\n\n\n\n<p><a href=\"http:\/\/my.raceresult.com\/35062\/?lang=fi\">Tulospalvelu<\/a><\/p>\n\n\n<div id=\"divRRPublish\" class=\"RRPublish\"><\/div><script type=\"text\/javascript\" src=\"https:\/\/my.raceresult.com\/RRPublish\/load.js.php?lang=fi\"><\/script><script type=\"text\/javascript\">\n                var rrp=new RRPublish(document.getElementById(\"divRRPublish\"), 35062, \"results\");\n                rrp.ShowTimerLogo=true;\n                rrp.ShowInfoText=false;\n            <\/script>\n\n\n\n<h3 class=\"wp-block-heading\">Instagram-kuvakooste kisap\u00e4iv\u00e4lt\u00e4<\/h3>\n\n\n\n<figure class=\"wp-block-embed\"><div class=\"wp-block-embed__wrapper\">\nhttps:\/\/storify.com\/MarikaAirila\/nuts-pallas-2015\n<\/div><\/figure>\n\n\n\n<h3 class=\"wp-block-heading\">Videot<\/h3>\n\n\n\n<p>Virallinen BUFF\u00ae Trail Tour Finland -kisavideo<\/p>\n\n\n\n<p><a href=\"https:\/\/youtu.be\/dWmUrjm-Tvk\">https:\/\/youtu.be\/dWmUrjm-Tvk<\/a><\/p>\n\n\n\n<p>Mikko Heinonen<\/p>\n\n\n\n<p><a href=\"https:\/\/youtu.be\/aPLoqoUasvE\">https:\/\/youtu.be\/aPLoqoUasvE<\/a><\/p>\n\n\n\n<p>Jaakko Leino<\/p>\n\n\n\n<p><a href=\"https:\/\/vimeo.com\/134896332\">https:\/\/vimeo.com\/134896332<\/a><\/p>\n\n\n\n<h3 class=\"wp-block-heading\">Kuvia<\/h3>\n\n\n\n<p><a href=\"https:\/\/www.flickr.com\/photos\/nutsfi\/albums\/72157657350284104\">NUTS-kuvagalleria, kuvaaja Aapo Laiho<\/a><\/p>\n\n\n\n<h3 class=\"wp-block-heading\">Blogeja<\/h3>\n\n\n\n<h4 class=\"wp-block-heading\">125 km<\/h4>\n\n\n\n<p><a href=\"http:\/\/anttikorttinen.tumblr.com\/post\/126012307513\/nuts-pallas-2015\">Juoksutarinoita &#8211; Antti Korttinen<\/a><\/p>\n\n\n\n<p><a href=\"http:\/\/ninninpolut.blogspot.fi\/2015\/08\/nuts-pallas-125k-2015.html\">Ninnin Poluilla<\/a><\/p>\n\n\n\n<p><a href=\"http:\/\/ultra-stanleypark.blogspot.fi\/2015\/07\/viikko-30-ja-nuts-pallas-125-km.html\">Rogaten ja Ultraten<\/a><\/p>\n\n\n\n<h4 class=\"wp-block-heading\">55 km<\/h4>\n\n\n\n<p><a href=\"http:\/\/sporttaillaan.blogspot.fi\/2015\/07\/nuts-pallas-55km-ultrajuoksu.html\">Sporttaillaan! Hanna Taimen<\/a><\/p>\n\n\n\n<p><a href=\"http:\/\/ultrasisu.com\/2015\/08\/02\/nuts-pallas-55-km-25-7-2015\/\">Ultrajuoksuseura Sisu &#8211; Kimmo<\/a><\/p>\n\n\n\n<p><a href=\"http:\/\/kustaviclimbing.blogspot.fi\/2015\/07\/nuts-pallas-55km-elamani-pisin-juoksu.html\">Kustavi Rock!<\/a><\/p>\n\n\n\n<p><a href=\"http:\/\/timperintaivallus.blogspot.fi\/2015\/08\/kun-jokin-ajatus-syntyy-sisallasi.html\">Timperin Reenil\u00f6iset<\/a><\/p>\n\n\n\n<p><a href=\"https:\/\/poluntaika.wordpress.com\/2015\/07\/28\/nuts-pallas-hetta-55km\/\">Polun Taika &#8211; Tomi Mikkola<\/a><\/p>\n\n\n\n<p><a href=\"http:\/\/ultrajames.blogspot.fi\/2015\/07\/buff-trail-tour-finlandin-neljas.html\">Harrastuksena Kest\u00e4vyys &#8211; Juha Jumisko<\/a><\/p>\n\n\n\n<p><a href=\"http:\/\/kaikki-inkkarit-ahkiossa.blogspot.fi\/2015\/07\/homman-nimi-ihan-nuts-pallas.html\">Kaikki Inkkarit Ahkiossa<\/a><\/p>\n","protected":false},"excerpt":{"rendered":"","protected":false},"author":1,"featured_media":282,"parent":277,"menu_order":20,"comment_status":"closed","ping_status":"closed","template":"","meta":{"_kad_blocks_custom_css":"","_kad_blocks_head_custom_js":"","_kad_blocks_body_custom_js":"","_kad_blocks_footer_custom_js":"","_kad_post_transparent":"","_kad_post_title":"","_kad_post_layout":"","_kad_post_sidebar_id":"","_kad_post_content_style":"","_kad_post_vertical_padding":"","_kad_post_feature":"","_kad_post_feature_position":"","_kad_post_header":false,"_kad_post_footer":false,"_kad_post_classname":"","footnotes":""},"class_list":["post-280","page","type-page","status-publish","has-post-thumbnail","hentry"],"yoast_head":"<!-- This site is optimized with the Yoast SEO plugin v26.8 - https:\/\/yoast.com\/product\/yoast-seo-wordpress\/ -->\n<title>2015 - NUTS Yll\u00e4s Pallas Polkujuoksu<\/title>\n<meta name=\"robots\" content=\"index, follow, max-snippet:-1, max-image-preview:large, max-video-preview:-1\" \/>\n<link rel=\"canonical\" href=\"https:\/\/nutsyllaspallas.com\/fi\/historia\/2015-2\/\" \/>\n<meta property=\"og:locale\" content=\"fi_FI\" \/>\n<meta property=\"og:type\" content=\"article\" \/>\n<meta property=\"og:title\" content=\"2015 - NUTS Yll\u00e4s Pallas Polkujuoksu\" \/>\n<meta property=\"og:url\" content=\"https:\/\/nutsyllaspallas.com\/fi\/historia\/2015-2\/\" \/>\n<meta property=\"og:site_name\" content=\"NUTS Yll\u00e4s Pallas Polkujuoksu\" \/>\n<meta property=\"article:modified_time\" content=\"2025-01-31T08:58:50+00:00\" \/>\n<meta property=\"og:image\" content=\"https:\/\/media.nuts.fi\/wp-content\/uploads\/sites\/7\/2015\/12\/28141542\/21453274423_063995b901_k.jpg\" \/>\n\t<meta property=\"og:image:width\" content=\"2048\" \/>\n\t<meta property=\"og:image:height\" content=\"1364\" \/>\n\t<meta property=\"og:image:type\" content=\"image\/jpeg\" \/>\n<meta name=\"twitter:card\" content=\"summary_large_image\" \/>\n<script type=\"application\/ld+json\" class=\"yoast-schema-graph\">{\"@context\":\"https:\/\/schema.org\",\"@graph\":[{\"@type\":\"WebPage\",\"@id\":\"https:\/\/nutsyllaspallas.com\/fi\/historia\/2015-2\/\",\"url\":\"https:\/\/nutsyllaspallas.com\/fi\/historia\/2015-2\/\",\"name\":\"2015 - NUTS Yll\u00e4s Pallas Polkujuoksu\",\"isPartOf\":{\"@id\":\"https:\/\/nutsyllaspallas.com\/fi\/#website\"},\"primaryImageOfPage\":{\"@id\":\"https:\/\/nutsyllaspallas.com\/fi\/historia\/2015-2\/#primaryimage\"},\"image\":{\"@id\":\"https:\/\/nutsyllaspallas.com\/fi\/historia\/2015-2\/#primaryimage\"},\"thumbnailUrl\":\"https:\/\/media.nuts.fi\/wp-content\/uploads\/sites\/7\/2015\/12\/28141542\/21453274423_063995b901_k.jpg\",\"datePublished\":\"2015-12-22T15:42:09+00:00\",\"dateModified\":\"2025-01-31T08:58:50+00:00\",\"breadcrumb\":{\"@id\":\"https:\/\/nutsyllaspallas.com\/fi\/historia\/2015-2\/#breadcrumb\"},\"inLanguage\":\"fi\",\"potentialAction\":[{\"@type\":\"ReadAction\",\"target\":[\"https:\/\/nutsyllaspallas.com\/fi\/historia\/2015-2\/\"]}]},{\"@type\":\"ImageObject\",\"inLanguage\":\"fi\",\"@id\":\"https:\/\/nutsyllaspallas.com\/fi\/historia\/2015-2\/#primaryimage\",\"url\":\"https:\/\/media.nuts.fi\/wp-content\/uploads\/sites\/7\/2015\/12\/28141542\/21453274423_063995b901_k.jpg\",\"contentUrl\":\"https:\/\/media.nuts.fi\/wp-content\/uploads\/sites\/7\/2015\/12\/28141542\/21453274423_063995b901_k.jpg\",\"width\":2048,\"height\":1364},{\"@type\":\"BreadcrumbList\",\"@id\":\"https:\/\/nutsyllaspallas.com\/fi\/historia\/2015-2\/#breadcrumb\",\"itemListElement\":[{\"@type\":\"ListItem\",\"position\":1,\"name\":\"Etusivu\",\"item\":\"https:\/\/nutsyllaspallas.com\/fi\/\"},{\"@type\":\"ListItem\",\"position\":2,\"name\":\"Historia\",\"item\":\"https:\/\/nutsyllaspallas.com\/fi\/historia\/\"},{\"@type\":\"ListItem\",\"position\":3,\"name\":\"2015\"}]},{\"@type\":\"WebSite\",\"@id\":\"https:\/\/nutsyllaspallas.com\/fi\/#website\",\"url\":\"https:\/\/nutsyllaspallas.com\/fi\/\",\"name\":\"NUTS Yll\u00e4s Pallas Polkujuoksu\",\"description\":\"Polkujuoksu 15, 37, 66, 100 ja 160 km Tunturi-Lapissa\",\"publisher\":{\"@id\":\"https:\/\/nutsyllaspallas.com\/fi\/#organization\"},\"potentialAction\":[{\"@type\":\"SearchAction\",\"target\":{\"@type\":\"EntryPoint\",\"urlTemplate\":\"https:\/\/nutsyllaspallas.com\/fi\/?s={search_term_string}\"},\"query-input\":{\"@type\":\"PropertyValueSpecification\",\"valueRequired\":true,\"valueName\":\"search_term_string\"}}],\"inLanguage\":\"fi\"},{\"@type\":\"Organization\",\"@id\":\"https:\/\/nutsyllaspallas.com\/fi\/#organization\",\"name\":\"NUTS Yll\u00e4s Pallas Polkujuoksu\",\"url\":\"https:\/\/nutsyllaspallas.com\/fi\/\",\"logo\":{\"@type\":\"ImageObject\",\"inLanguage\":\"fi\",\"@id\":\"https:\/\/nutsyllaspallas.com\/fi\/#\/schema\/logo\/image\/\",\"url\":\"https:\/\/media.nuts.fi\/wp-content\/uploads\/sites\/7\/2025\/01\/28141425\/nuts-yllas-pallas-white.svg\",\"contentUrl\":\"https:\/\/media.nuts.fi\/wp-content\/uploads\/sites\/7\/2025\/01\/28141425\/nuts-yllas-pallas-white.svg\",\"caption\":\"NUTS Yll\u00e4s Pallas Polkujuoksu\"},\"image\":{\"@id\":\"https:\/\/nutsyllaspallas.com\/fi\/#\/schema\/logo\/image\/\"}}]}<\/script>\n<!-- \/ Yoast SEO plugin. -->","yoast_head_json":{"title":"2015 - NUTS Yll\u00e4s Pallas Polkujuoksu","robots":{"index":"index","follow":"follow","max-snippet":"max-snippet:-1","max-image-preview":"max-image-preview:large","max-video-preview":"max-video-preview:-1"},"canonical":"https:\/\/nutsyllaspallas.com\/fi\/historia\/2015-2\/","og_locale":"fi_FI","og_type":"article","og_title":"2015 - NUTS Yll\u00e4s Pallas Polkujuoksu","og_url":"https:\/\/nutsyllaspallas.com\/fi\/historia\/2015-2\/","og_site_name":"NUTS Yll\u00e4s Pallas Polkujuoksu","article_modified_time":"2025-01-31T08:58:50+00:00","og_image":[{"width":2048,"height":1364,"url":"https:\/\/media.nuts.fi\/wp-content\/uploads\/sites\/7\/2015\/12\/28141542\/21453274423_063995b901_k.jpg","type":"image\/jpeg"}],"twitter_card":"summary_large_image","schema":{"@context":"https:\/\/schema.org","@graph":[{"@type":"WebPage","@id":"https:\/\/nutsyllaspallas.com\/fi\/historia\/2015-2\/","url":"https:\/\/nutsyllaspallas.com\/fi\/historia\/2015-2\/","name":"2015 - NUTS Yll\u00e4s Pallas Polkujuoksu","isPartOf":{"@id":"https:\/\/nutsyllaspallas.com\/fi\/#website"},"primaryImageOfPage":{"@id":"https:\/\/nutsyllaspallas.com\/fi\/historia\/2015-2\/#primaryimage"},"image":{"@id":"https:\/\/nutsyllaspallas.com\/fi\/historia\/2015-2\/#primaryimage"},"thumbnailUrl":"https:\/\/media.nuts.fi\/wp-content\/uploads\/sites\/7\/2015\/12\/28141542\/21453274423_063995b901_k.jpg","datePublished":"2015-12-22T15:42:09+00:00","dateModified":"2025-01-31T08:58:50+00:00","breadcrumb":{"@id":"https:\/\/nutsyllaspallas.com\/fi\/historia\/2015-2\/#breadcrumb"},"inLanguage":"fi","potentialAction":[{"@type":"ReadAction","target":["https:\/\/nutsyllaspallas.com\/fi\/historia\/2015-2\/"]}]},{"@type":"ImageObject","inLanguage":"fi","@id":"https:\/\/nutsyllaspallas.com\/fi\/historia\/2015-2\/#primaryimage","url":"https:\/\/media.nuts.fi\/wp-content\/uploads\/sites\/7\/2015\/12\/28141542\/21453274423_063995b901_k.jpg","contentUrl":"https:\/\/media.nuts.fi\/wp-content\/uploads\/sites\/7\/2015\/12\/28141542\/21453274423_063995b901_k.jpg","width":2048,"height":1364},{"@type":"BreadcrumbList","@id":"https:\/\/nutsyllaspallas.com\/fi\/historia\/2015-2\/#breadcrumb","itemListElement":[{"@type":"ListItem","position":1,"name":"Etusivu","item":"https:\/\/nutsyllaspallas.com\/fi\/"},{"@type":"ListItem","position":2,"name":"Historia","item":"https:\/\/nutsyllaspallas.com\/fi\/historia\/"},{"@type":"ListItem","position":3,"name":"2015"}]},{"@type":"WebSite","@id":"https:\/\/nutsyllaspallas.com\/fi\/#website","url":"https:\/\/nutsyllaspallas.com\/fi\/","name":"NUTS Yll\u00e4s Pallas Polkujuoksu","description":"Polkujuoksu 15, 37, 66, 100 ja 160 km Tunturi-Lapissa","publisher":{"@id":"https:\/\/nutsyllaspallas.com\/fi\/#organization"},"potentialAction":[{"@type":"SearchAction","target":{"@type":"EntryPoint","urlTemplate":"https:\/\/nutsyllaspallas.com\/fi\/?s={search_term_string}"},"query-input":{"@type":"PropertyValueSpecification","valueRequired":true,"valueName":"search_term_string"}}],"inLanguage":"fi"},{"@type":"Organization","@id":"https:\/\/nutsyllaspallas.com\/fi\/#organization","name":"NUTS Yll\u00e4s Pallas Polkujuoksu","url":"https:\/\/nutsyllaspallas.com\/fi\/","logo":{"@type":"ImageObject","inLanguage":"fi","@id":"https:\/\/nutsyllaspallas.com\/fi\/#\/schema\/logo\/image\/","url":"https:\/\/media.nuts.fi\/wp-content\/uploads\/sites\/7\/2025\/01\/28141425\/nuts-yllas-pallas-white.svg","contentUrl":"https:\/\/media.nuts.fi\/wp-content\/uploads\/sites\/7\/2025\/01\/28141425\/nuts-yllas-pallas-white.svg","caption":"NUTS Yll\u00e4s Pallas Polkujuoksu"},"image":{"@id":"https:\/\/nutsyllaspallas.com\/fi\/#\/schema\/logo\/image\/"}}]}},"taxonomy_info":[],"featured_image_src_large":["https:\/\/media.nuts.fi\/wp-content\/uploads\/sites\/7\/2015\/12\/28141542\/21453274423_063995b901_k-1024x682.jpg",1024,682,true],"author_info":{"display_name":"NUTS","author_link":"https:\/\/nutsyllaspallas.com\/fi\/author\/user\/"},"comment_info":0,"_links":{"self":[{"href":"https:\/\/nutsyllaspallas.com\/fi\/wp-json\/wp\/v2\/pages\/280","targetHints":{"allow":["GET"]}}],"collection":[{"href":"https:\/\/nutsyllaspallas.com\/fi\/wp-json\/wp\/v2\/pages"}],"about":[{"href":"https:\/\/nutsyllaspallas.com\/fi\/wp-json\/wp\/v2\/types\/page"}],"author":[{"embeddable":true,"href":"https:\/\/nutsyllaspallas.com\/fi\/wp-json\/wp\/v2\/users\/1"}],"replies":[{"embeddable":true,"href":"https:\/\/nutsyllaspallas.com\/fi\/wp-json\/wp\/v2\/comments?post=280"}],"version-history":[{"count":2,"href":"https:\/\/nutsyllaspallas.com\/fi\/wp-json\/wp\/v2\/pages\/280\/revisions"}],"predecessor-version":[{"id":4298,"href":"https:\/\/nutsyllaspallas.com\/fi\/wp-json\/wp\/v2\/pages\/280\/revisions\/4298"}],"up":[{"embeddable":true,"href":"https:\/\/nutsyllaspallas.com\/fi\/wp-json\/wp\/v2\/pages\/277"}],"wp:featuredmedia":[{"embeddable":true,"href":"https:\/\/nutsyllaspallas.com\/fi\/wp-json\/wp\/v2\/media\/282"}],"wp:attachment":[{"href":"https:\/\/nutsyllaspallas.com\/fi\/wp-json\/wp\/v2\/media?parent=280"}],"curies":[{"name":"wp","href":"https:\/\/api.w.org\/{rel}","templated":true}]}}