{"id":2896,"date":"2022-03-15T14:06:12","date_gmt":"2022-03-15T12:06:12","guid":{"rendered":"https:\/\/nutsyllaspallas.com\/?page_id=2896"},"modified":"2026-03-27T09:35:07","modified_gmt":"2026-03-27T07:35:07","slug":"juniors","status":"publish","type":"page","link":"https:\/\/nutsyllaspallas.com\/fi\/juniors\/","title":{"rendered":"NUTS Kids &amp; Juniors"},"content":{"rendered":"\n<h1 class=\"wp-block-heading\">NUTS Kids &amp; Juniors<\/h1>\n\n\n\n<p>NUTS Yll\u00e4s Pallaksen yhteydess\u00e4 rallatellaan j\u00e4lleen lasten ja nuorten matalan kynnyksen polkujuoksutapahtuma! Iloa ja ulkoilmaliikunnan riemua t\u00e4ynn\u00e4 oleviin mittel\u00f6ihin ovat tervetulleita kaikenik\u00e4iset ja -tasoiset nuoret. Tule pit\u00e4m\u00e4\u00e4n hauskaa ja haastamaan itse\u00e4si!<br><br>\ud83d\udccdNUTS Yll\u00e4s Pallas KIDS  -juoksumatkat ovat rengasreittej\u00e4.<br>\ud83c\udfc1L\u00e4ht\u00f6 ja maali \u00c4k\u00e4slompolossa samassa kisakeskuksessa. <br>\ud83d\ude8cLauantaina Yll\u00e4sj\u00e4rven puolelta Saagalta p\u00e4\u00e4see \u00c4k\u00e4slompoloon Shuttle-bussilla:\u00a0<br>\ud83d\udc49<a href=\"https:\/\/nutsyllaspallas.com\/fi\/bussit-lahtoihin-ja-liityntapysakointi\/#yllasjarviakaslompoloshutle\" target=\"_blank\" rel=\"noreferrer noopener\">https:\/\/nutsyllaspallas.com\/fi\/bussit-lahtoihin-ja-liityntapysakointi\/#yllasjarviakaslompoloshutle<\/a><\/p>\n\n\n\n<h2 class=\"wp-block-heading\">\ud83d\udccd Tapahtumapaikka<\/h2>\n\n\n\n<p>NUTS Kids &amp; Juniors Yll\u00e4s j\u00e4rjestet\u00e4\u00e4n j\u00e4lleen kerran <strong>torstaina 16.7.2026!<\/strong> L\u00e4ht\u00f6 ja maali sijaitsevat \u00c4k\u00e4slompolossa. Reitti tarjoaa sopivan haasteen niin pienille t\u00f6pp\u00f6sille kuin nopeillekin kirmaajille!<br><br>\ud83d\ude4c Ilmoittautuminen KIDS juoksuun alkaa l\u00e4hemp\u00e4n\u00e4 tapahtumaa <\/p>\n\n\n\n<h2 class=\"wp-block-heading\">\ud83d\udd52 Aikataulu<\/h2>\n\n\n\n<p><strong>Klo 12:00<\/strong> Numerolappujako alkaa expoalueen numerolappujako teltassa<br><strong>Klo 13:00<\/strong> 2,5km l\u00e4ht\u00f6 &#8211; L\u00e4ht\u00f6 1. \u201dNUTS: Polkujuoksijan alkuaskel\u201d<br><strong>Klo&nbsp;14:00<\/strong>&nbsp;5km l\u00e4ht\u00f6 &#8211; L\u00e4ht\u00f6 2. &#8221;NUTS: Polkujuoksijan haaste\u201d<\/p>\n\n\n\n<h2 class=\"wp-block-heading\">\ud83c\udfc3\u200d\u2642\ufe0f Reitit<\/h2>\n\n\n\n<p>Reitti on merkattu maastoon oransseilla lipputikuilla ja sinisill\u00e4 nuolikylteill\u00e4. Reitill\u00e4 on lis\u00e4ksi opastajia ohjaamassa osallistujia muun muassa risteyskohdissa. <\/p>\n\n\n\n<h2 class=\"wp-block-heading\">\ud83c\udfc1 Sarjat\/l\u00e4hd\u00f6t<\/h2>\n\n\n\n<ul class=\"wp-block-list\">\n<li>L\u00e4ht\u00f6 1. \u201dNUTS: Polkujuoksijan alkuaskel\u201d \u2013 n. 2,5 km<\/li>\n\n\n\n<li>L\u00e4ht\u00f6 2. &#8221;NUTS: Polkujuoksijan haaste\u201d \u2013 n. 5 km<\/li>\n<\/ul>\n\n\n\n<p>Jaamme kaikille reippaille osallistujille henkil\u00f6kohtaisen kilpailunumeron ajanottoa varten sek\u00e4 reitin suorittamisen j\u00e4lkeen kisamuiston ja huoltopisteelt\u00e4 juotavaa ja pient\u00e4 naposteltavaa. NUTS Kids &amp; Juniors -tapahtumissa kaikki ovat voittajia emmek\u00e4 palkitse erikseen osallistujia sijoitusten mukaan.<\/p>\n\n\n<style>.wp-block-kadence-advancedbtn.kb-btns2896_d25fb5-81{gap:var(--global-kb-gap-xs, 0.5rem );justify-content:center;align-items:center;}.kt-btns2896_d25fb5-81 .kt-button{font-weight:normal;font-style:normal;}.kt-btns2896_d25fb5-81 .kt-btn-wrap-0{margin-right:5px;}.wp-block-kadence-advancedbtn.kt-btns2896_d25fb5-81 .kt-btn-wrap-0 .kt-button{color:#555555;border-color:#555555;}.wp-block-kadence-advancedbtn.kt-btns2896_d25fb5-81 .kt-btn-wrap-0 .kt-button:hover, .wp-block-kadence-advancedbtn.kt-btns2896_d25fb5-81 .kt-btn-wrap-0 .kt-button:focus{color:#ffffff;border-color:#444444;}.wp-block-kadence-advancedbtn.kt-btns2896_d25fb5-81 .kt-btn-wrap-0 .kt-button::before{display:none;}.wp-block-kadence-advancedbtn.kt-btns2896_d25fb5-81 .kt-btn-wrap-0 .kt-button:hover, .wp-block-kadence-advancedbtn.kt-btns2896_d25fb5-81 .kt-btn-wrap-0 .kt-button:focus{background:#444444;}<\/style>\n<div class=\"wp-block-kadence-advancedbtn kb-buttons-wrap kb-btns2896_d25fb5-81\"><style>ul.menu .wp-block-kadence-advancedbtn .kb-btn2896_548276-33.kb-button{width:initial;}<\/style><a class=\"kb-button kt-button button kb-btn2896_548276-33 kt-btn-size-standard kt-btn-width-type-auto kb-btn-global-fill  kt-btn-has-text-true kt-btn-has-svg-false  wp-block-kadence-singlebtn\" href=\"https:\/\/nutsyllaspallas.com\/fi\/ilmoittaudu\/\"><span class=\"kt-btn-inner-text\">Pist\u00e4 lapsi polulle \u203a<\/span><\/a><\/div>\n\n\n\n<figure class=\"wp-block-gallery has-nested-images columns-default is-cropped wp-block-gallery-1 is-layout-flex wp-block-gallery-is-layout-flex\">\n<figure class=\"wp-block-image size-large wp-image-2904 size-full\"><img loading=\"lazy\" decoding=\"async\" width=\"1024\" height=\"683\" data-id=\"2902\" src=\"https:\/\/media.nuts.fi\/wp-content\/uploads\/sites\/7\/2022\/03\/28141438\/D47A8317-1-scaled-1-1024x683.jpg\" alt=\"\" class=\"wp-image-2902\" srcset=\"https:\/\/media.nuts.fi\/wp-content\/uploads\/sites\/7\/2022\/03\/28141438\/D47A8317-1-scaled-1-1024x683.jpg 1024w, https:\/\/media.nuts.fi\/wp-content\/uploads\/sites\/7\/2022\/03\/28141438\/D47A8317-1-scaled-1-300x200.jpg 300w, https:\/\/media.nuts.fi\/wp-content\/uploads\/sites\/7\/2022\/03\/28141438\/D47A8317-1-scaled-1-768x512.jpg 768w, https:\/\/media.nuts.fi\/wp-content\/uploads\/sites\/7\/2022\/03\/28141438\/D47A8317-1-scaled-1-1536x1024.jpg 1536w, https:\/\/media.nuts.fi\/wp-content\/uploads\/sites\/7\/2022\/03\/28141438\/D47A8317-1-scaled-1-2048x1366.jpg 2048w\" sizes=\"auto, (max-width: 1024px) 100vw, 1024px\" \/><figcaption class=\"wp-element-caption\">\u00a9 Guillem Casanova Photography<\/figcaption><\/figure>\n\n\n\n<figure class=\"wp-block-image size-full\"><img loading=\"lazy\" decoding=\"async\" width=\"1024\" height=\"683\" data-id=\"2904\" src=\"https:\/\/media.nuts.fi\/wp-content\/uploads\/sites\/7\/2022\/03\/28141437\/D47A8620.jpg\" alt=\"\" class=\"wp-image-2904\" srcset=\"https:\/\/media.nuts.fi\/wp-content\/uploads\/sites\/7\/2022\/03\/28141437\/D47A8620.jpg 1024w, https:\/\/media.nuts.fi\/wp-content\/uploads\/sites\/7\/2022\/03\/28141437\/D47A8620-300x200.jpg 300w, https:\/\/media.nuts.fi\/wp-content\/uploads\/sites\/7\/2022\/03\/28141437\/D47A8620-768x512.jpg 768w\" sizes=\"auto, (max-width: 1024px) 100vw, 1024px\" \/><figcaption class=\"wp-element-caption\">\u00a9 Guillem Casanova Photography<\/figcaption><\/figure>\n<\/figure>\n","protected":false},"excerpt":{"rendered":"<p>Nuorten juoksijoiden riemua: NUTS Yll\u00e4s Pallaksen yhteydess\u00e4 j\u00e4rjestet\u00e4\u00e4n lasten ja nuorten polkujuoksutapahtuma. T\u00e4ynn\u00e4 iloa ja liikunnan riemua, t\u00e4m\u00e4 tapahtuma on avoin kaikenik\u00e4isille ja -tasoisille nuorille. Tule mukaan nauttimaan ulkoilmasta ja haastamaan itsesi! Tapahtuma j\u00e4rjestet\u00e4\u00e4n \u00c4k\u00e4slompolon l\u00e4hiseudulla.<\/p>\n","protected":false},"author":1,"featured_media":2902,"parent":0,"menu_order":0,"comment_status":"closed","ping_status":"closed","template":"","meta":{"_kad_blocks_custom_css":"","_kad_blocks_head_custom_js":"","_kad_blocks_body_custom_js":"","_kad_blocks_footer_custom_js":"","_kad_post_transparent":"","_kad_post_title":"hide","_kad_post_layout":"","_kad_post_sidebar_id":"","_kad_post_content_style":"","_kad_post_vertical_padding":"","_kad_post_feature":"","_kad_post_feature_position":"","_kad_post_header":false,"_kad_post_footer":false,"_kad_post_classname":"","footnotes":""},"class_list":["post-2896","page","type-page","status-publish","has-post-thumbnail","hentry"],"yoast_head":"<!-- This site is optimized with the Yoast SEO plugin v26.8 - https:\/\/yoast.com\/product\/yoast-seo-wordpress\/ -->\n<title>NUTS Kids &amp; Juniors - NUTS Yll\u00e4s Pallas Polkujuoksu<\/title>\n<meta name=\"robots\" content=\"index, follow, max-snippet:-1, max-image-preview:large, max-video-preview:-1\" \/>\n<link rel=\"canonical\" href=\"https:\/\/nutsyllaspallas.com\/fi\/juniors\/\" \/>\n<meta property=\"og:locale\" content=\"fi_FI\" \/>\n<meta property=\"og:type\" content=\"article\" \/>\n<meta property=\"og:title\" content=\"NUTS Kids &amp; Juniors - NUTS Yll\u00e4s Pallas Polkujuoksu\" \/>\n<meta property=\"og:description\" content=\"Nuorten juoksijoiden riemua: NUTS Yll\u00e4s Pallaksen yhteydess\u00e4 j\u00e4rjestet\u00e4\u00e4n lasten ja nuorten polkujuoksutapahtuma. T\u00e4ynn\u00e4 iloa ja liikunnan riemua, t\u00e4m\u00e4 tapahtuma on avoin kaikenik\u00e4isille ja -tasoisille nuorille. Tule mukaan nauttimaan ulkoilmasta ja haastamaan itsesi! Tapahtuma j\u00e4rjestet\u00e4\u00e4n \u00c4k\u00e4slompolon l\u00e4hiseudulla.\" \/>\n<meta property=\"og:url\" content=\"https:\/\/nutsyllaspallas.com\/fi\/juniors\/\" \/>\n<meta property=\"og:site_name\" content=\"NUTS Yll\u00e4s Pallas Polkujuoksu\" \/>\n<meta property=\"article:modified_time\" content=\"2026-03-27T07:35:07+00:00\" \/>\n<meta property=\"og:image\" content=\"https:\/\/media.nuts.fi\/wp-content\/uploads\/sites\/7\/2022\/03\/28141438\/D47A8317-1-scaled-1.jpg\" \/>\n\t<meta property=\"og:image:width\" content=\"2560\" \/>\n\t<meta property=\"og:image:height\" content=\"1707\" \/>\n\t<meta property=\"og:image:type\" content=\"image\/jpeg\" \/>\n<meta name=\"twitter:card\" content=\"summary_large_image\" \/>\n<meta name=\"twitter:label1\" content=\"Arvioitu lukuaika\" \/>\n\t<meta name=\"twitter:data1\" content=\"2 minuuttia\" \/>\n<script type=\"application\/ld+json\" class=\"yoast-schema-graph\">{\"@context\":\"https:\/\/schema.org\",\"@graph\":[{\"@type\":\"WebPage\",\"@id\":\"https:\/\/nutsyllaspallas.com\/fi\/juniors\/\",\"url\":\"https:\/\/nutsyllaspallas.com\/fi\/juniors\/\",\"name\":\"NUTS Kids &amp; Juniors - NUTS Yll\u00e4s Pallas Polkujuoksu\",\"isPartOf\":{\"@id\":\"https:\/\/nutsyllaspallas.com\/fi\/#website\"},\"primaryImageOfPage\":{\"@id\":\"https:\/\/nutsyllaspallas.com\/fi\/juniors\/#primaryimage\"},\"image\":{\"@id\":\"https:\/\/nutsyllaspallas.com\/fi\/juniors\/#primaryimage\"},\"thumbnailUrl\":\"https:\/\/media.nuts.fi\/wp-content\/uploads\/sites\/7\/2022\/03\/28141438\/D47A8317-1-scaled-1.jpg\",\"datePublished\":\"2022-03-15T12:06:12+00:00\",\"dateModified\":\"2026-03-27T07:35:07+00:00\",\"breadcrumb\":{\"@id\":\"https:\/\/nutsyllaspallas.com\/fi\/juniors\/#breadcrumb\"},\"inLanguage\":\"fi\",\"potentialAction\":[{\"@type\":\"ReadAction\",\"target\":[\"https:\/\/nutsyllaspallas.com\/fi\/juniors\/\"]}]},{\"@type\":\"ImageObject\",\"inLanguage\":\"fi\",\"@id\":\"https:\/\/nutsyllaspallas.com\/fi\/juniors\/#primaryimage\",\"url\":\"https:\/\/media.nuts.fi\/wp-content\/uploads\/sites\/7\/2022\/03\/28141438\/D47A8317-1-scaled-1.jpg\",\"contentUrl\":\"https:\/\/media.nuts.fi\/wp-content\/uploads\/sites\/7\/2022\/03\/28141438\/D47A8317-1-scaled-1.jpg\",\"width\":2560,\"height\":1707},{\"@type\":\"BreadcrumbList\",\"@id\":\"https:\/\/nutsyllaspallas.com\/fi\/juniors\/#breadcrumb\",\"itemListElement\":[{\"@type\":\"ListItem\",\"position\":1,\"name\":\"Etusivu\",\"item\":\"https:\/\/nutsyllaspallas.com\/fi\/\"},{\"@type\":\"ListItem\",\"position\":2,\"name\":\"NUTS Kids &amp; Juniors\"}]},{\"@type\":\"WebSite\",\"@id\":\"https:\/\/nutsyllaspallas.com\/fi\/#website\",\"url\":\"https:\/\/nutsyllaspallas.com\/fi\/\",\"name\":\"NUTS Yll\u00e4s Pallas Polkujuoksu\",\"description\":\"Polkujuoksu 15, 37, 66, 100 ja 160 km Tunturi-Lapissa\",\"publisher\":{\"@id\":\"https:\/\/nutsyllaspallas.com\/fi\/#organization\"},\"potentialAction\":[{\"@type\":\"SearchAction\",\"target\":{\"@type\":\"EntryPoint\",\"urlTemplate\":\"https:\/\/nutsyllaspallas.com\/fi\/?s={search_term_string}\"},\"query-input\":{\"@type\":\"PropertyValueSpecification\",\"valueRequired\":true,\"valueName\":\"search_term_string\"}}],\"inLanguage\":\"fi\"},{\"@type\":\"Organization\",\"@id\":\"https:\/\/nutsyllaspallas.com\/fi\/#organization\",\"name\":\"NUTS Yll\u00e4s Pallas Polkujuoksu\",\"url\":\"https:\/\/nutsyllaspallas.com\/fi\/\",\"logo\":{\"@type\":\"ImageObject\",\"inLanguage\":\"fi\",\"@id\":\"https:\/\/nutsyllaspallas.com\/fi\/#\/schema\/logo\/image\/\",\"url\":\"https:\/\/media.nuts.fi\/wp-content\/uploads\/sites\/7\/2025\/01\/28141425\/nuts-yllas-pallas-white.svg\",\"contentUrl\":\"https:\/\/media.nuts.fi\/wp-content\/uploads\/sites\/7\/2025\/01\/28141425\/nuts-yllas-pallas-white.svg\",\"caption\":\"NUTS Yll\u00e4s Pallas Polkujuoksu\"},\"image\":{\"@id\":\"https:\/\/nutsyllaspallas.com\/fi\/#\/schema\/logo\/image\/\"}}]}<\/script>\n<!-- \/ Yoast SEO plugin. -->","yoast_head_json":{"title":"NUTS Kids &amp; Juniors - NUTS Yll\u00e4s Pallas Polkujuoksu","robots":{"index":"index","follow":"follow","max-snippet":"max-snippet:-1","max-image-preview":"max-image-preview:large","max-video-preview":"max-video-preview:-1"},"canonical":"https:\/\/nutsyllaspallas.com\/fi\/juniors\/","og_locale":"fi_FI","og_type":"article","og_title":"NUTS Kids &amp; Juniors - NUTS Yll\u00e4s Pallas Polkujuoksu","og_description":"Nuorten juoksijoiden riemua: NUTS Yll\u00e4s Pallaksen yhteydess\u00e4 j\u00e4rjestet\u00e4\u00e4n lasten ja nuorten polkujuoksutapahtuma. T\u00e4ynn\u00e4 iloa ja liikunnan riemua, t\u00e4m\u00e4 tapahtuma on avoin kaikenik\u00e4isille ja -tasoisille nuorille. Tule mukaan nauttimaan ulkoilmasta ja haastamaan itsesi! Tapahtuma j\u00e4rjestet\u00e4\u00e4n \u00c4k\u00e4slompolon l\u00e4hiseudulla.","og_url":"https:\/\/nutsyllaspallas.com\/fi\/juniors\/","og_site_name":"NUTS Yll\u00e4s Pallas Polkujuoksu","article_modified_time":"2026-03-27T07:35:07+00:00","og_image":[{"width":2560,"height":1707,"url":"https:\/\/media.nuts.fi\/wp-content\/uploads\/sites\/7\/2022\/03\/28141438\/D47A8317-1-scaled-1.jpg","type":"image\/jpeg"}],"twitter_card":"summary_large_image","twitter_misc":{"Arvioitu lukuaika":"2 minuuttia"},"schema":{"@context":"https:\/\/schema.org","@graph":[{"@type":"WebPage","@id":"https:\/\/nutsyllaspallas.com\/fi\/juniors\/","url":"https:\/\/nutsyllaspallas.com\/fi\/juniors\/","name":"NUTS Kids &amp; Juniors - NUTS Yll\u00e4s Pallas Polkujuoksu","isPartOf":{"@id":"https:\/\/nutsyllaspallas.com\/fi\/#website"},"primaryImageOfPage":{"@id":"https:\/\/nutsyllaspallas.com\/fi\/juniors\/#primaryimage"},"image":{"@id":"https:\/\/nutsyllaspallas.com\/fi\/juniors\/#primaryimage"},"thumbnailUrl":"https:\/\/media.nuts.fi\/wp-content\/uploads\/sites\/7\/2022\/03\/28141438\/D47A8317-1-scaled-1.jpg","datePublished":"2022-03-15T12:06:12+00:00","dateModified":"2026-03-27T07:35:07+00:00","breadcrumb":{"@id":"https:\/\/nutsyllaspallas.com\/fi\/juniors\/#breadcrumb"},"inLanguage":"fi","potentialAction":[{"@type":"ReadAction","target":["https:\/\/nutsyllaspallas.com\/fi\/juniors\/"]}]},{"@type":"ImageObject","inLanguage":"fi","@id":"https:\/\/nutsyllaspallas.com\/fi\/juniors\/#primaryimage","url":"https:\/\/media.nuts.fi\/wp-content\/uploads\/sites\/7\/2022\/03\/28141438\/D47A8317-1-scaled-1.jpg","contentUrl":"https:\/\/media.nuts.fi\/wp-content\/uploads\/sites\/7\/2022\/03\/28141438\/D47A8317-1-scaled-1.jpg","width":2560,"height":1707},{"@type":"BreadcrumbList","@id":"https:\/\/nutsyllaspallas.com\/fi\/juniors\/#breadcrumb","itemListElement":[{"@type":"ListItem","position":1,"name":"Etusivu","item":"https:\/\/nutsyllaspallas.com\/fi\/"},{"@type":"ListItem","position":2,"name":"NUTS Kids &amp; Juniors"}]},{"@type":"WebSite","@id":"https:\/\/nutsyllaspallas.com\/fi\/#website","url":"https:\/\/nutsyllaspallas.com\/fi\/","name":"NUTS Yll\u00e4s Pallas Polkujuoksu","description":"Polkujuoksu 15, 37, 66, 100 ja 160 km Tunturi-Lapissa","publisher":{"@id":"https:\/\/nutsyllaspallas.com\/fi\/#organization"},"potentialAction":[{"@type":"SearchAction","target":{"@type":"EntryPoint","urlTemplate":"https:\/\/nutsyllaspallas.com\/fi\/?s={search_term_string}"},"query-input":{"@type":"PropertyValueSpecification","valueRequired":true,"valueName":"search_term_string"}}],"inLanguage":"fi"},{"@type":"Organization","@id":"https:\/\/nutsyllaspallas.com\/fi\/#organization","name":"NUTS Yll\u00e4s Pallas Polkujuoksu","url":"https:\/\/nutsyllaspallas.com\/fi\/","logo":{"@type":"ImageObject","inLanguage":"fi","@id":"https:\/\/nutsyllaspallas.com\/fi\/#\/schema\/logo\/image\/","url":"https:\/\/media.nuts.fi\/wp-content\/uploads\/sites\/7\/2025\/01\/28141425\/nuts-yllas-pallas-white.svg","contentUrl":"https:\/\/media.nuts.fi\/wp-content\/uploads\/sites\/7\/2025\/01\/28141425\/nuts-yllas-pallas-white.svg","caption":"NUTS Yll\u00e4s Pallas Polkujuoksu"},"image":{"@id":"https:\/\/nutsyllaspallas.com\/fi\/#\/schema\/logo\/image\/"}}]}},"taxonomy_info":[],"featured_image_src_large":["https:\/\/media.nuts.fi\/wp-content\/uploads\/sites\/7\/2022\/03\/28141438\/D47A8317-1-scaled-1-1024x683.jpg",1024,683,true],"author_info":{"display_name":"NUTS","author_link":"https:\/\/nutsyllaspallas.com\/fi\/author\/user\/"},"comment_info":0,"_links":{"self":[{"href":"https:\/\/nutsyllaspallas.com\/fi\/wp-json\/wp\/v2\/pages\/2896","targetHints":{"allow":["GET"]}}],"collection":[{"href":"https:\/\/nutsyllaspallas.com\/fi\/wp-json\/wp\/v2\/pages"}],"about":[{"href":"https:\/\/nutsyllaspallas.com\/fi\/wp-json\/wp\/v2\/types\/page"}],"author":[{"embeddable":true,"href":"https:\/\/nutsyllaspallas.com\/fi\/wp-json\/wp\/v2\/users\/1"}],"replies":[{"embeddable":true,"href":"https:\/\/nutsyllaspallas.com\/fi\/wp-json\/wp\/v2\/comments?post=2896"}],"version-history":[{"count":13,"href":"https:\/\/nutsyllaspallas.com\/fi\/wp-json\/wp\/v2\/pages\/2896\/revisions"}],"predecessor-version":[{"id":5216,"href":"https:\/\/nutsyllaspallas.com\/fi\/wp-json\/wp\/v2\/pages\/2896\/revisions\/5216"}],"wp:featuredmedia":[{"embeddable":true,"href":"https:\/\/nutsyllaspallas.com\/fi\/wp-json\/wp\/v2\/media\/2902"}],"wp:attachment":[{"href":"https:\/\/nutsyllaspallas.com\/fi\/wp-json\/wp\/v2\/media?parent=2896"}],"curies":[{"name":"wp","href":"https:\/\/api.w.org\/{rel}","templated":true}]}}