{"id":292,"date":"2016-03-27T14:34:50","date_gmt":"2016-03-27T12:34:50","guid":{"rendered":"http:\/\/www.nutsyllaspallas.com\/?page_id=292"},"modified":"2025-01-31T09:02:32","modified_gmt":"2025-01-31T09:02:32","slug":"2014-2","status":"publish","type":"page","link":"https:\/\/nutsyllaspallas.com\/fi\/historia\/2014-2\/","title":{"rendered":"2014"},"content":{"rendered":"\n<h3 class=\"wp-block-heading\">Tulokset<\/h3>\n\n\n\n<p>Tuloslistaan j\u00e4lkik\u00e4teiskorjaus oikeaan kirjoitusasuun,&nbsp;29. Jari L\u00e5ngstr\u00f6m \ud83d\ude42<\/p>\n\n\n\n<div class=\"wp-block-buttons is-layout-flex wp-block-buttons-is-layout-flex\">\n<div class=\"wp-block-button\"><a class=\"wp-block-button__link wp-element-button\" href=\"https:\/\/nuts.fi\/fi\/nuts_midnight_sun_trail_ultra_tulokset\/\">PDF<\/a><\/div>\n<\/div>\n\n\n\n<h3 class=\"wp-block-heading\">Videot<\/h3>\n\n\n\n<p>Virallinen BUFF\u00ae Trail Tour Finland -kisavideo<\/p>\n\n\n\n<p><a href=\"https:\/\/youtu.be\/yavDUPTqwSI\">https:\/\/youtu.be\/yavDUPTqwSI<\/a><\/p>\n\n\n\n<p>Juntit OK<\/p>\n\n\n\n<p><a href=\"http:\/\/youtu.be\/GNaRnW1w740\">http:\/\/youtu.be\/GNaRnW1w740<\/a><\/p>\n\n\n\n<h3 class=\"wp-block-heading\">Kuvia<\/h3>\n\n\n\n<p><a href=\"https:\/\/www.flickr.com\/photos\/jokkek\/albums\/72157646221738911\">Flickr-kuvagalleria<\/a> (Jouko Kaarteenaho)<\/p>\n\n\n\n<h3 class=\"wp-block-heading\">Blogit<\/h3>\n\n\n\n<p><a href=\"http:\/\/sambarunning.com\/nuts-pallas-hetta-25-26-7\/\">Samba Trail Running Club<\/a><\/p>\n\n\n\n<p><a href=\"http:\/\/lupusextreme.blogspot.fi\/2014\/07\/jannehn-nuts-pallas-penkin-alle.html\">Janne Hietala<\/a> (Lupus Extreme)<\/p>\n\n\n\n<p><a href=\"http:\/\/ninninpolut.blogspot.fi\/2014\/07\/nuts-midnight-sun-trail-ultra-55km.html\">Ninnin poluilla<\/a><\/p>\n\n\n\n<p><a href=\"http:\/\/matskutreenaa.blogspot.fi\/2014\/07\/nuts-midnight-sun-trail-ultra.html?spref=tw\">Matsku treenaa<\/a><\/p>\n\n\n\n<p><a href=\"http:\/\/unelmiia.blogspot.com.tr\/2014\/07\/midnight-sun-trail-ultra-55km.html\">Unelmiia<\/a><\/p>\n\n\n\n<p><a href=\"http:\/\/www.arcticsportaddicts.fi\/blogit\/juoksuelamyksia\/maratoonarista-ultrajuoksijaksi\/\">Juoksuel\u00e4myksi\u00e4<\/a>&nbsp;(ASA)<\/p>\n\n\n\n<p><a href=\"http:\/\/ajatuksiajuoksemisestajaelamasta.blogspot.fi\/2014\/07\/nuts-midnight-sun-trail-ultra-2672014.html\">Astan ajatuksia juoksemisesta ja el\u00e4m\u00e4st\u00e4<\/a><\/p>\n\n\n\n<p><a href=\"http:\/\/hazor.iki.fi\/2014\/nutspallas\/\">Tommi Lahtonen<\/a><\/p>\n\n\n\n<p><a href=\"http:\/\/retkeillen.wordpress.com\/2014\/07\/31\/kesalomaa-nuts-midnight-sun-55k-trail-ultra\/\">Anssin retkeillen<\/a><\/p>\n\n\n\n<p><a href=\"http:\/\/anttikorttinen.tumblr.com\/post\/93302307253\/verta-kivikkoa-ja-avotunturia-125-km\">Antin 125k blogi<\/a><\/p>\n\n\n\n<p><a href=\"http:\/\/pirunvuorenponnistus.blogspot.fi\/2014\/08\/2672014-nuts-pallas-hetta-trail-ultra.html\">Pirunvuoren Ponnistuksen parivaljakon tarinat<\/a><\/p>\n\n\n\n<p><a href=\"http:\/\/www.juntit.net\/kilpailut\/2014\/07\/nuts-pallas-hetta-55k-kisaraportti\/\">Juntit OK blogi<\/a><\/p>\n\n\n\n<p><a href=\"http:\/\/huumalehti.com\/2014\/08\/07\/juoksun-huumaa-midnight-sun-trail-ultra-pallas-yllastunturin-kansallispuistossa\/\">Katin Juoksun huumaa bloggaus<\/a><\/p>\n","protected":false},"excerpt":{"rendered":"<p>Tulokset Tuloslistaan j\u00e4lkik\u00e4teiskorjaus oikeaan kirjoitusasuun,&nbsp;29. Jari L\u00e5ngstr\u00f6m \ud83d\ude42 Videot Virallinen BUFF\u00ae Trail Tour Finland -kisavideo https:\/\/youtu.be\/yavDUPTqwSI Juntit OK http:\/\/youtu.be\/GNaRnW1w740 Kuvia Flickr-kuvagalleria (Jouko Kaarteenaho) Blogit Samba Trail Running Club Janne Hietala (Lupus Extreme) Ninnin poluilla Matsku treenaa Unelmiia Juoksuel\u00e4myksi\u00e4&nbsp;(ASA) Astan ajatuksia juoksemisesta ja el\u00e4m\u00e4st\u00e4 Tommi Lahtonen Anssin retkeillen Antin 125k blogi Pirunvuoren Ponnistuksen parivaljakon tarinat Juntit&#8230;<\/p>\n","protected":false},"author":1,"featured_media":397,"parent":277,"menu_order":30,"comment_status":"closed","ping_status":"closed","template":"","meta":{"_kad_blocks_custom_css":"","_kad_blocks_head_custom_js":"","_kad_blocks_body_custom_js":"","_kad_blocks_footer_custom_js":"","_kad_post_transparent":"","_kad_post_title":"","_kad_post_layout":"","_kad_post_sidebar_id":"","_kad_post_content_style":"","_kad_post_vertical_padding":"","_kad_post_feature":"","_kad_post_feature_position":"","_kad_post_header":false,"_kad_post_footer":false,"_kad_post_classname":"","footnotes":""},"class_list":["post-292","page","type-page","status-publish","has-post-thumbnail","hentry"],"yoast_head":"<!-- This site is optimized with the Yoast SEO plugin v26.8 - https:\/\/yoast.com\/product\/yoast-seo-wordpress\/ -->\n<title>2014 - NUTS Yll\u00e4s Pallas Polkujuoksu<\/title>\n<meta name=\"robots\" content=\"index, follow, max-snippet:-1, max-image-preview:large, max-video-preview:-1\" \/>\n<link rel=\"canonical\" href=\"https:\/\/nutsyllaspallas.com\/fi\/historia\/2014-2\/\" \/>\n<meta property=\"og:locale\" content=\"fi_FI\" \/>\n<meta property=\"og:type\" content=\"article\" \/>\n<meta property=\"og:title\" content=\"2014 - NUTS Yll\u00e4s Pallas Polkujuoksu\" \/>\n<meta property=\"og:description\" content=\"Tulokset Tuloslistaan j\u00e4lkik\u00e4teiskorjaus oikeaan kirjoitusasuun,&nbsp;29. Jari L\u00e5ngstr\u00f6m \ud83d\ude42 Videot Virallinen BUFF\u00ae Trail Tour Finland -kisavideo https:\/\/youtu.be\/yavDUPTqwSI Juntit OK http:\/\/youtu.be\/GNaRnW1w740 Kuvia Flickr-kuvagalleria (Jouko Kaarteenaho) Blogit Samba Trail Running Club Janne Hietala (Lupus Extreme) Ninnin poluilla Matsku treenaa Unelmiia Juoksuel\u00e4myksi\u00e4&nbsp;(ASA) Astan ajatuksia juoksemisesta ja el\u00e4m\u00e4st\u00e4 Tommi Lahtonen Anssin retkeillen Antin 125k blogi Pirunvuoren Ponnistuksen parivaljakon tarinat Juntit...\" \/>\n<meta property=\"og:url\" content=\"https:\/\/nutsyllaspallas.com\/fi\/historia\/2014-2\/\" \/>\n<meta property=\"og:site_name\" content=\"NUTS Yll\u00e4s Pallas Polkujuoksu\" \/>\n<meta property=\"article:modified_time\" content=\"2025-01-31T09:02:32+00:00\" \/>\n<meta property=\"og:image\" content=\"https:\/\/media.nuts.fi\/wp-content\/uploads\/sites\/7\/2015\/12\/28141540\/14846341732_d4a5e0210e_o.jpg\" \/>\n\t<meta property=\"og:image:width\" content=\"1200\" \/>\n\t<meta property=\"og:image:height\" content=\"800\" \/>\n\t<meta property=\"og:image:type\" content=\"image\/jpeg\" \/>\n<meta name=\"twitter:card\" content=\"summary_large_image\" \/>\n<script type=\"application\/ld+json\" class=\"yoast-schema-graph\">{\"@context\":\"https:\/\/schema.org\",\"@graph\":[{\"@type\":\"WebPage\",\"@id\":\"https:\/\/nutsyllaspallas.com\/fi\/historia\/2014-2\/\",\"url\":\"https:\/\/nutsyllaspallas.com\/fi\/historia\/2014-2\/\",\"name\":\"2014 - NUTS Yll\u00e4s Pallas Polkujuoksu\",\"isPartOf\":{\"@id\":\"https:\/\/nutsyllaspallas.com\/fi\/#website\"},\"primaryImageOfPage\":{\"@id\":\"https:\/\/nutsyllaspallas.com\/fi\/historia\/2014-2\/#primaryimage\"},\"image\":{\"@id\":\"https:\/\/nutsyllaspallas.com\/fi\/historia\/2014-2\/#primaryimage\"},\"thumbnailUrl\":\"https:\/\/media.nuts.fi\/wp-content\/uploads\/sites\/7\/2015\/12\/28141540\/14846341732_d4a5e0210e_o.jpg\",\"datePublished\":\"2016-03-27T12:34:50+00:00\",\"dateModified\":\"2025-01-31T09:02:32+00:00\",\"breadcrumb\":{\"@id\":\"https:\/\/nutsyllaspallas.com\/fi\/historia\/2014-2\/#breadcrumb\"},\"inLanguage\":\"fi\",\"potentialAction\":[{\"@type\":\"ReadAction\",\"target\":[\"https:\/\/nutsyllaspallas.com\/fi\/historia\/2014-2\/\"]}]},{\"@type\":\"ImageObject\",\"inLanguage\":\"fi\",\"@id\":\"https:\/\/nutsyllaspallas.com\/fi\/historia\/2014-2\/#primaryimage\",\"url\":\"https:\/\/media.nuts.fi\/wp-content\/uploads\/sites\/7\/2015\/12\/28141540\/14846341732_d4a5e0210e_o.jpg\",\"contentUrl\":\"https:\/\/media.nuts.fi\/wp-content\/uploads\/sites\/7\/2015\/12\/28141540\/14846341732_d4a5e0210e_o.jpg\",\"width\":1200,\"height\":800},{\"@type\":\"BreadcrumbList\",\"@id\":\"https:\/\/nutsyllaspallas.com\/fi\/historia\/2014-2\/#breadcrumb\",\"itemListElement\":[{\"@type\":\"ListItem\",\"position\":1,\"name\":\"Etusivu\",\"item\":\"https:\/\/nutsyllaspallas.com\/fi\/\"},{\"@type\":\"ListItem\",\"position\":2,\"name\":\"Historia\",\"item\":\"https:\/\/nutsyllaspallas.com\/fi\/historia\/\"},{\"@type\":\"ListItem\",\"position\":3,\"name\":\"2014\"}]},{\"@type\":\"WebSite\",\"@id\":\"https:\/\/nutsyllaspallas.com\/fi\/#website\",\"url\":\"https:\/\/nutsyllaspallas.com\/fi\/\",\"name\":\"NUTS Yll\u00e4s Pallas Polkujuoksu\",\"description\":\"Polkujuoksu 15, 37, 66, 100 ja 160 km Tunturi-Lapissa\",\"publisher\":{\"@id\":\"https:\/\/nutsyllaspallas.com\/fi\/#organization\"},\"potentialAction\":[{\"@type\":\"SearchAction\",\"target\":{\"@type\":\"EntryPoint\",\"urlTemplate\":\"https:\/\/nutsyllaspallas.com\/fi\/?s={search_term_string}\"},\"query-input\":{\"@type\":\"PropertyValueSpecification\",\"valueRequired\":true,\"valueName\":\"search_term_string\"}}],\"inLanguage\":\"fi\"},{\"@type\":\"Organization\",\"@id\":\"https:\/\/nutsyllaspallas.com\/fi\/#organization\",\"name\":\"NUTS Yll\u00e4s Pallas Polkujuoksu\",\"url\":\"https:\/\/nutsyllaspallas.com\/fi\/\",\"logo\":{\"@type\":\"ImageObject\",\"inLanguage\":\"fi\",\"@id\":\"https:\/\/nutsyllaspallas.com\/fi\/#\/schema\/logo\/image\/\",\"url\":\"https:\/\/media.nuts.fi\/wp-content\/uploads\/sites\/7\/2025\/01\/28141425\/nuts-yllas-pallas-white.svg\",\"contentUrl\":\"https:\/\/media.nuts.fi\/wp-content\/uploads\/sites\/7\/2025\/01\/28141425\/nuts-yllas-pallas-white.svg\",\"caption\":\"NUTS Yll\u00e4s Pallas Polkujuoksu\"},\"image\":{\"@id\":\"https:\/\/nutsyllaspallas.com\/fi\/#\/schema\/logo\/image\/\"}}]}<\/script>\n<!-- \/ Yoast SEO plugin. -->","yoast_head_json":{"title":"2014 - NUTS Yll\u00e4s Pallas Polkujuoksu","robots":{"index":"index","follow":"follow","max-snippet":"max-snippet:-1","max-image-preview":"max-image-preview:large","max-video-preview":"max-video-preview:-1"},"canonical":"https:\/\/nutsyllaspallas.com\/fi\/historia\/2014-2\/","og_locale":"fi_FI","og_type":"article","og_title":"2014 - NUTS Yll\u00e4s Pallas Polkujuoksu","og_description":"Tulokset Tuloslistaan j\u00e4lkik\u00e4teiskorjaus oikeaan kirjoitusasuun,&nbsp;29. Jari L\u00e5ngstr\u00f6m \ud83d\ude42 Videot Virallinen BUFF\u00ae Trail Tour Finland -kisavideo https:\/\/youtu.be\/yavDUPTqwSI Juntit OK http:\/\/youtu.be\/GNaRnW1w740 Kuvia Flickr-kuvagalleria (Jouko Kaarteenaho) Blogit Samba Trail Running Club Janne Hietala (Lupus Extreme) Ninnin poluilla Matsku treenaa Unelmiia Juoksuel\u00e4myksi\u00e4&nbsp;(ASA) Astan ajatuksia juoksemisesta ja el\u00e4m\u00e4st\u00e4 Tommi Lahtonen Anssin retkeillen Antin 125k blogi Pirunvuoren Ponnistuksen parivaljakon tarinat Juntit...","og_url":"https:\/\/nutsyllaspallas.com\/fi\/historia\/2014-2\/","og_site_name":"NUTS Yll\u00e4s Pallas Polkujuoksu","article_modified_time":"2025-01-31T09:02:32+00:00","og_image":[{"width":1200,"height":800,"url":"https:\/\/media.nuts.fi\/wp-content\/uploads\/sites\/7\/2015\/12\/28141540\/14846341732_d4a5e0210e_o.jpg","type":"image\/jpeg"}],"twitter_card":"summary_large_image","schema":{"@context":"https:\/\/schema.org","@graph":[{"@type":"WebPage","@id":"https:\/\/nutsyllaspallas.com\/fi\/historia\/2014-2\/","url":"https:\/\/nutsyllaspallas.com\/fi\/historia\/2014-2\/","name":"2014 - NUTS Yll\u00e4s Pallas Polkujuoksu","isPartOf":{"@id":"https:\/\/nutsyllaspallas.com\/fi\/#website"},"primaryImageOfPage":{"@id":"https:\/\/nutsyllaspallas.com\/fi\/historia\/2014-2\/#primaryimage"},"image":{"@id":"https:\/\/nutsyllaspallas.com\/fi\/historia\/2014-2\/#primaryimage"},"thumbnailUrl":"https:\/\/media.nuts.fi\/wp-content\/uploads\/sites\/7\/2015\/12\/28141540\/14846341732_d4a5e0210e_o.jpg","datePublished":"2016-03-27T12:34:50+00:00","dateModified":"2025-01-31T09:02:32+00:00","breadcrumb":{"@id":"https:\/\/nutsyllaspallas.com\/fi\/historia\/2014-2\/#breadcrumb"},"inLanguage":"fi","potentialAction":[{"@type":"ReadAction","target":["https:\/\/nutsyllaspallas.com\/fi\/historia\/2014-2\/"]}]},{"@type":"ImageObject","inLanguage":"fi","@id":"https:\/\/nutsyllaspallas.com\/fi\/historia\/2014-2\/#primaryimage","url":"https:\/\/media.nuts.fi\/wp-content\/uploads\/sites\/7\/2015\/12\/28141540\/14846341732_d4a5e0210e_o.jpg","contentUrl":"https:\/\/media.nuts.fi\/wp-content\/uploads\/sites\/7\/2015\/12\/28141540\/14846341732_d4a5e0210e_o.jpg","width":1200,"height":800},{"@type":"BreadcrumbList","@id":"https:\/\/nutsyllaspallas.com\/fi\/historia\/2014-2\/#breadcrumb","itemListElement":[{"@type":"ListItem","position":1,"name":"Etusivu","item":"https:\/\/nutsyllaspallas.com\/fi\/"},{"@type":"ListItem","position":2,"name":"Historia","item":"https:\/\/nutsyllaspallas.com\/fi\/historia\/"},{"@type":"ListItem","position":3,"name":"2014"}]},{"@type":"WebSite","@id":"https:\/\/nutsyllaspallas.com\/fi\/#website","url":"https:\/\/nutsyllaspallas.com\/fi\/","name":"NUTS Yll\u00e4s Pallas Polkujuoksu","description":"Polkujuoksu 15, 37, 66, 100 ja 160 km Tunturi-Lapissa","publisher":{"@id":"https:\/\/nutsyllaspallas.com\/fi\/#organization"},"potentialAction":[{"@type":"SearchAction","target":{"@type":"EntryPoint","urlTemplate":"https:\/\/nutsyllaspallas.com\/fi\/?s={search_term_string}"},"query-input":{"@type":"PropertyValueSpecification","valueRequired":true,"valueName":"search_term_string"}}],"inLanguage":"fi"},{"@type":"Organization","@id":"https:\/\/nutsyllaspallas.com\/fi\/#organization","name":"NUTS Yll\u00e4s Pallas Polkujuoksu","url":"https:\/\/nutsyllaspallas.com\/fi\/","logo":{"@type":"ImageObject","inLanguage":"fi","@id":"https:\/\/nutsyllaspallas.com\/fi\/#\/schema\/logo\/image\/","url":"https:\/\/media.nuts.fi\/wp-content\/uploads\/sites\/7\/2025\/01\/28141425\/nuts-yllas-pallas-white.svg","contentUrl":"https:\/\/media.nuts.fi\/wp-content\/uploads\/sites\/7\/2025\/01\/28141425\/nuts-yllas-pallas-white.svg","caption":"NUTS Yll\u00e4s Pallas Polkujuoksu"},"image":{"@id":"https:\/\/nutsyllaspallas.com\/fi\/#\/schema\/logo\/image\/"}}]}},"taxonomy_info":[],"featured_image_src_large":["https:\/\/media.nuts.fi\/wp-content\/uploads\/sites\/7\/2015\/12\/28141540\/14846341732_d4a5e0210e_o-1024x683.jpg",1024,683,true],"author_info":{"display_name":"NUTS","author_link":"https:\/\/nutsyllaspallas.com\/fi\/author\/user\/"},"comment_info":0,"_links":{"self":[{"href":"https:\/\/nutsyllaspallas.com\/fi\/wp-json\/wp\/v2\/pages\/292","targetHints":{"allow":["GET"]}}],"collection":[{"href":"https:\/\/nutsyllaspallas.com\/fi\/wp-json\/wp\/v2\/pages"}],"about":[{"href":"https:\/\/nutsyllaspallas.com\/fi\/wp-json\/wp\/v2\/types\/page"}],"author":[{"embeddable":true,"href":"https:\/\/nutsyllaspallas.com\/fi\/wp-json\/wp\/v2\/users\/1"}],"replies":[{"embeddable":true,"href":"https:\/\/nutsyllaspallas.com\/fi\/wp-json\/wp\/v2\/comments?post=292"}],"version-history":[{"count":3,"href":"https:\/\/nutsyllaspallas.com\/fi\/wp-json\/wp\/v2\/pages\/292\/revisions"}],"predecessor-version":[{"id":4303,"href":"https:\/\/nutsyllaspallas.com\/fi\/wp-json\/wp\/v2\/pages\/292\/revisions\/4303"}],"up":[{"embeddable":true,"href":"https:\/\/nutsyllaspallas.com\/fi\/wp-json\/wp\/v2\/pages\/277"}],"wp:featuredmedia":[{"embeddable":true,"href":"https:\/\/nutsyllaspallas.com\/fi\/wp-json\/wp\/v2\/media\/397"}],"wp:attachment":[{"href":"https:\/\/nutsyllaspallas.com\/fi\/wp-json\/wp\/v2\/media?parent=292"}],"curies":[{"name":"wp","href":"https:\/\/api.w.org\/{rel}","templated":true}]}}