{"id":3338,"date":"2023-06-27T13:45:20","date_gmt":"2023-06-27T10:45:20","guid":{"rendered":"https:\/\/nutsyllaspallas.com\/?page_id=3338"},"modified":"2026-04-02T09:05:04","modified_gmt":"2026-04-02T06:05:04","slug":"bussit-lahtoihin-ja-liityntapysakointi","status":"publish","type":"page","link":"https:\/\/nutsyllaspallas.com\/fi\/bussit-lahtoihin-ja-liityntapysakointi\/","title":{"rendered":"Bussit sek\u00e4 pys\u00e4k\u00f6inti"},"content":{"rendered":"\n<h2 class=\"wp-block-heading\">2026 aikataulut<\/h2>\n\n\n    <div id=\"ankkuripilvi\" class=\"nuts-ankkuripilvi\"><\/div>\n    <script>\n    document.addEventListener(\"DOMContentLoaded\", function () {\n        const container = document.querySelector(\".entry-content\");\n        if (!container) return;\n\n        \/\/ Etsit\u00e4\u00e4n H2:t, napit ja nyt my\u00f6s divit, joilla on id\n        const elements = container.querySelectorAll(\"h2[id], button[id], div[id]\");\n\n        const pilvi = document.getElementById(\"ankkuripilvi\");\n        const k\u00e4ytetytIDt = new Set(); \/\/ estet\u00e4\u00e4n duplikaatit\n\n        elements.forEach(el => {\n            const id = el.id;\n            if (!id || k\u00e4ytetytIDt.has(id)) return; \/\/ skipataan jos ei id:t\u00e4 tai jo k\u00e4ytetty\n            k\u00e4ytetytIDt.add(id);\n\n            const link = document.createElement(\"a\");\n            link.href = \"#\" + id;\n\n            \/\/ Yritet\u00e4\u00e4n l\u00f6yt\u00e4\u00e4 fiksu otsikkoelementti sis\u00e4ll\u00e4\n            let otsikko = el.querySelector(\".kt-blocks-accordion-title, h2, button\");\n            link.textContent = otsikko ? otsikko.textContent.trim() : el.textContent.trim();\n\n            \/\/ Skipataan jos otsikkoteksti on tyhj\u00e4 tai roskaa\n            if (!link.textContent || link.textContent.length < 2 || link.textContent.includes(\"scroll\") || link.textContent.includes(\"menu\")) return;\n\n            link.className = \"ankkuri-linkki\";\n            pilvi.appendChild(link);\n        });\n    });\n    <\/script>\n    <style>\n    .nuts-ankkuripilvi {\n        display: flex;\n        flex-wrap: wrap;\n        gap: 10px;\n        margin-bottom: 20px;\n    }\n    .nuts-ankkuripilvi .ankkuri-linkki {\n        background-color: #2d430d;\n        color: #ffffff;\n        padding: 6px 12px;\n        border-radius: 15px;\n        text-decoration: none;\n        font-size: 0.9em;\n    }\n    .nuts-ankkuripilvi .ankkuri-linkki:hover {\n        background-color: #3a5b1a;\n    }\n    <\/style>\n    \n\n\n\n<h2 class=\"wp-block-heading\" id=\"liityntapysakointi\">\ud83c\udd7f\ufe0f Pys\u00e4k\u00f6inti<\/h2>\n\n\n\n<p>\ud83c\udd7f\ufe0f\ud83c\udfc3\u200d\u2642\ufe0f<strong>JUOKSIJOIDEN PYS\u00c4K\u00d6INTI<\/strong><br>\u00c4k\u00e4slompolon alueella juoksijoille suositellaan ajoneuvojen&nbsp;pys\u00e4k\u00f6inti\u00e4<br>\ud83d\udc49P1 Lapland Hotelsin Yll\u00e4skaltion pys\u00e4k\u00f6intialuetta tai P2 Ihmisen Rinki parkkialuetta. L\u00e4ht\u00f6ihin vieviin kuljetuksiin p\u00e4\u00e4see t\u00e4m\u00e4n parkkialueen pohjois-\/alareunasta.<br><br>\u26a0\ufe0f Tapahtumakeskukseen Jounin Kaupalle <strong>ei ole osallistujille pys\u00e4k\u00f6inti\u00e4, pys\u00e4k\u00f6intialue on varattu kaupan asiakkaille.<\/strong><\/p>\n\n\n\n<p>\ud83d\udccd P1: Lapland Hotels Yll\u00e4skaltion pys\u00e4k\u00f6intialue <a href=\"https:\/\/goo.gl\/maps\/PNgQPf7x9nvrGF937\">Google Maps<strong>\u203a<\/strong><\/a><\/p>\n\n\n\n<p>\ud83d\udccd P2: Ihmisen Rinki, Tunturintie 56 parkkialue <a href=\"https:\/\/maps.app.goo.gl\/HG2wuGksU1ZR5GcV6\">Google Maps \u203a<\/a><br><br>\ud83d\ude4c\ud83c\udd7f\ufe0f<strong>KANNUSTAJIEN PYS\u00c4K\u00d6INTI<\/strong><br>Kannustus on luvallista ja jopa suotavaa! Tutustu parkkeeraukseen Yll\u00e4ksell\u00e4, Pallaksella sek\u00e4 huolloissa <a href=\"https:\/\/nutsyllaspallas.com\/fi\/kannustajille\/\">t\u00e4\u00e4lt\u00e4!<\/a><br><\/p>\n\n\n\n\n\n<h2 class=\"wp-block-heading\" id=\"bussitlahtoihin\">\ud83d\ude8c Bussit l\u00e4ht\u00f6ihin Hettaan ja Pallakselle<\/h2>\n\n\n\n<p>NUTS Yll\u00e4s Pallas bussien aikataulut matkoittain:<\/p>\n\n\n\n<h3 class=\"wp-block-heading\">160 km starttibussi Hettaan<\/h3>\n\n\n\n<p>Autoilla bussikyydityksille saapuvien liitynt\u00e4pys\u00e4k\u00f6inti Ihmisen Rinki parkkialueella (merkitty P2)<\/p>\n\n\n\n<ul class=\"wp-block-list\">\n<li>10.10 Yll\u00e4sj\u00e4rvi Lapland Hotel Saaga<\/li>\n\n\n\n<li>10.30 Ihmisen Rinki parkkialue (P2)<\/li>\n\n\n\n<li>10.40 \u00c4k\u00e4shotelli<\/li>\n\n\n\n<li>10.45 <a href=\"https:\/\/maps.app.goo.gl\/5SLgdHWtqiv6vNri9\">Jounin kauppa I Linja-autopys\u00e4kki<\/a><\/li>\n<\/ul>\n\n\n\n<h3 class=\"wp-block-heading\">66 km starttibussi Hettaan<\/h3>\n\n\n\n<p>Autoilla bussikyydityksille saapuvien liitynt\u00e4pys\u00e4k\u00f6inti Ihmisen Rinki parkkialueella (merkitty P2)<\/p>\n\n\n\n<ul class=\"wp-block-list\">\n<li>12.10 Yll\u00e4sj\u00e4rvi Lapland Hotel Saaga<\/li>\n\n\n\n<li>12.30 Ihmisen Rinki parkkialue (P2)<\/li>\n\n\n\n<li>12.40 \u00c4k\u00e4shotelli<\/li>\n\n\n\n<li>12.45 <a href=\"https:\/\/maps.app.goo.gl\/5SLgdHWtqiv6vNri9\">Jounin kauppa I Linja-autopys\u00e4kki<\/a><\/li>\n<\/ul>\n\n\n\n<h3 class=\"wp-block-heading\">100 km starttibussi Pallakselle<\/h3>\n\n\n\n<p>Autoilla bussikyydityksille saapuvien liitynt\u00e4pys\u00e4k\u00f6inti Ihmisen Rinki parkkialueella (merkitty P2)<\/p>\n\n\n\n<ul class=\"wp-block-list\">\n<li>21.00 Yll\u00e4sj\u00e4rvi Lapland Hotel Saaga<\/li>\n\n\n\n<li>21.20 Ihmisen Rinki parkkialue (P2)<\/li>\n\n\n\n<li>21.30 \u00c4k\u00e4shotelli \u00c4k\u00e4slompolo<\/li>\n\n\n\n<li>21.35 <a href=\"https:\/\/maps.app.goo.gl\/5SLgdHWtqiv6vNri9\">Jounin kauppa I Linja-autopys\u00e4kki<\/a><\/li>\n<\/ul>\n\n\n\n<h2 class=\"wp-block-heading\" id=\"maalibussi\">\u21a9\ufe0f\ud83d\ude8c66 km Matkalaisten Paluukyyditys Pallastunturilta \u00c4k\u00e4slompoloon ja Yll\u00e4sj\u00e4rvelle<\/h2>\n\n\n\n<p>66 km osallistujien paluukyydit maalialueelta (Pallakselta) Yll\u00e4kselle on j\u00e4rjestetty shuttle-busseina ja ne kuuluvat osallistumismaksuun. Bussit t\u00e4ytet\u00e4\u00e4n ennen l\u00e4ht\u00f6\u00e4 kohti Yll\u00e4st\u00e4, eli voit joutua odottamaan muutaman tovin bussin l\u00e4ht\u00f6\u00e4. Bussit kulkevat noin klo 23.00 ja 05.30 v\u00e4lisen\u00e4 aikana.<\/p>\n\n\n\n<p>Y\u00f6n viimeiset bussit odottavat kaikki juoksijat kyytiin, joten odotusajat saattavat olla pidempi\u00e4 kuin alkuillasta. Varaudu viisaasti: pakkaa maaliin kuljetettavaan pussiin ev\u00e4it\u00e4 ja vaihtovaatteita. Matka-aika Pallakselta Jounin Kaupalle \u00c4k\u00e4slompoloon on noin tunti.<\/p>\n\n\n\n<p><strong>Y\u00f6ll\u00e4 erillinen bussi kuljettaa jatkoyhteyten\u00e4 rullaavasti:<\/strong><br>Jounin kauppa \u2192 Lapland Hotels \u00c4k\u00e4shotelli \u2192 P2 Ihmisen Rinki parkkipaikka \u2192 Lapland Hotels Saaga, noin 30 minuutin kiertoajalla.<\/p>\n\n\n\n<figure class=\"wp-block-image size-large is-resized\"><img loading=\"lazy\" decoding=\"async\" width=\"1024\" height=\"724\" src=\"https:\/\/media.nuts.fi\/wp-content\/uploads\/sites\/7\/2026\/03\/31094719\/YP-2026-yobussi-1024x724.jpg\" alt=\"\" class=\"wp-image-5262\" style=\"aspect-ratio:1.4143745448434262;width:926px;height:auto\" srcset=\"https:\/\/media.nuts.fi\/wp-content\/uploads\/sites\/7\/2026\/03\/31094719\/YP-2026-yobussi-1024x724.jpg 1024w, https:\/\/media.nuts.fi\/wp-content\/uploads\/sites\/7\/2026\/03\/31094719\/YP-2026-yobussi-300x212.jpg 300w, https:\/\/media.nuts.fi\/wp-content\/uploads\/sites\/7\/2026\/03\/31094719\/YP-2026-yobussi-768x543.jpg 768w, https:\/\/media.nuts.fi\/wp-content\/uploads\/sites\/7\/2026\/03\/31094719\/YP-2026-yobussi-1536x1086.jpg 1536w, https:\/\/media.nuts.fi\/wp-content\/uploads\/sites\/7\/2026\/03\/31094719\/YP-2026-yobussi.jpg 2000w\" sizes=\"auto, (max-width: 1024px) 100vw, 1024px\" \/><\/figure>\n\n\n\n<h2 class=\"wp-block-heading\" id=\"yllasjarviakaslompoloshutle\">\ud83c\udd93 Ilmainen Yll\u00e4sj\u00e4rvi\u2013\u00c4k\u00e4slompolo Shuttle-bussi lauantaina:<\/h2>\n\n\n\n<p>Lauantaina sukkulabussi liikenn\u00f6i \u00c4k\u00e4slompolon tapahtumakeskuksen ja Yll\u00e4sj\u00e4rven huoltopisteen l\u00e4hell\u00e4 sijaitsevan Lapland Hotels Saagan v\u00e4lill\u00e4 klo 10\u201320. Voit siis huoletta j\u00e4tt\u00e4\u00e4 auton m\u00f6kin pihaan! Bussissa ei tarvita lippua, hypp\u00e4\u00e4 vain kyytiin!<\/p>\n\n\n\n<p><strong>Bussi ajaa reitti\u00e4 edestakaisin ja ottaa matkan varrella olevilta kaikilta pys\u00e4keilt\u00e4 kyytiin, reitti:<\/strong><br>Yll\u00e4sj\u00e4rvi Taiga \u2192 Lapland Hotel Saaga, Ihmisen Rinki P2 parkkialue (\u00c4k\u00e4slompolo), \u00c4k\u00e4shotelli, Lapland Hotels Yll\u00e4skaltio (P1 pys\u00e4k\u00f6inti), \u00c4k\u00e4slompolo Jounin kauppa I Linja-autopys\u00e4kki.<\/p>\n\n\n\n<figure class=\"wp-block-image size-large is-resized\"><img loading=\"lazy\" decoding=\"async\" width=\"1024\" height=\"724\" src=\"https:\/\/media.nuts.fi\/wp-content\/uploads\/sites\/7\/2026\/03\/31111237\/YP-shuttle-bus-2026-1024x724.jpg\" alt=\"\" class=\"wp-image-5283\" style=\"aspect-ratio:1.4143737166324435;width:933px;height:auto\" srcset=\"https:\/\/media.nuts.fi\/wp-content\/uploads\/sites\/7\/2026\/03\/31111237\/YP-shuttle-bus-2026-1024x724.jpg 1024w, https:\/\/media.nuts.fi\/wp-content\/uploads\/sites\/7\/2026\/03\/31111237\/YP-shuttle-bus-2026-300x212.jpg 300w, https:\/\/media.nuts.fi\/wp-content\/uploads\/sites\/7\/2026\/03\/31111237\/YP-shuttle-bus-2026-768x543.jpg 768w, https:\/\/media.nuts.fi\/wp-content\/uploads\/sites\/7\/2026\/03\/31111237\/YP-shuttle-bus-2026-1536x1086.jpg 1536w, https:\/\/media.nuts.fi\/wp-content\/uploads\/sites\/7\/2026\/03\/31111237\/YP-shuttle-bus-2026.jpg 2000w\" sizes=\"auto, (max-width: 1024px) 100vw, 1024px\" \/><\/figure>\n\n\n\n<figure class=\"wp-block-table is-style-stripes\"><table class=\"has-fixed-layout\"><thead><tr><th>L\u00e4ht\u00f6<\/th><th>Mist\u00e4?<\/th><th>L\u00e4ht\u00f6aika Taiga<\/th><th>L\u00e4ht\u00f6aika Yll\u00e4skaltio<\/th><\/tr><\/thead><tbody><tr><td>La 18.7 klo 10:00 &#8211; 14:00<\/td><td><em>Yll\u00e4sj\u00e4rvi Taiga \u2192 Hotel Saaga<\/em><br><br><em>Ihmisen Rinki P2<\/em><br><br><em>\u00c4k\u00e4shotelli<\/em><br><br><em>Yll\u00e4skaltio<\/em><br><\/td><td><em>Tasalta \/ On the hour<\/em><\/td><td><em>Puolelta \/ Every half hour<\/em><\/td><\/tr><tr><td><em>LA 18.7. klo 10.30 &#8211; 14.30<\/em><\/td><td><em>Yll\u00e4sj\u00e4rvi Taiga \u2192 Hotel Saaga<\/em><br><br><em>Ihmisen Rinki P2<\/em><br><br><em>\u00c4k\u00e4shotelli<\/em><br><br><em>Yll\u00e4skaltio<\/em><br><\/td><td><em>Puolelta \/ Every half hour<\/em><\/td><td><em>Tasalta \/ On the hour<\/em><\/td><\/tr><tr><td><em>LA 18.7. klo 15.30 &#8211; 20<\/em><\/td><td><em>Yll\u00e4sj\u00e4rvi Taiga \u2192 Hotel Saaga<\/em><br><br><em>Ihmisen Rinki P2<\/em><br><br><em>\u00c4k\u00e4shotelli<\/em><br><br><em>Yll\u00e4skaltio<\/em><br><\/td><td><em>Tasalta \/ On the hour<\/em><\/td><td><em>Puolelta \/ Every half hou<\/em><\/td><\/tr><tr><td><em>LA 18.7. klo 16 &#8211; 20.30<\/em><\/td><td><em>Yll\u00e4sj\u00e4rvi Taiga \u2192 Hotel Saaga<\/em><br><br><em>Ihmisen Rinki P2<\/em><br><br><em>\u00c4k\u00e4shotelli<\/em><br><br><em>Yll\u00e4skaltio<\/em><br><\/td><td><em>Puolelta \/ Every half hour<\/em><\/td><td><em>Tasalta \/ On the hour<\/em><\/td><\/tr><\/tbody><\/table><\/figure>\n\n\n\n<div class=\"wp-block-columns is-layout-flex wp-container-core-columns-is-layout-9d6595d7 wp-block-columns-is-layout-flex\">\n<div class=\"wp-block-column is-vertically-aligned-top is-layout-flow wp-block-column-is-layout-flow\" style=\"flex-basis:100%\">\n<div class=\"wp-block-group\"><div class=\"wp-block-group__inner-container is-layout-constrained wp-block-group-is-layout-constrained\">\n<div class=\"wp-block-group is-vertical is-layout-flex wp-container-core-group-is-layout-8cf370e7 wp-block-group-is-layout-flex\">\n<h2 class=\"wp-block-heading\" id=\"tapahtumabussi\">\ud83d\ude8cTapahtumabussi Oulusta &amp; Rovaniemelt\u00e4 Yll\u00e4kselle<\/h2>\n\n\n\n<p><strong>Pohjolan Matka <\/strong>j\u00e4rjest\u00e4\u00e4 bussikuljetukset Oulusta ja Rovaniemelt\u00e4 Yll\u00e4kselle.<\/p>\n<\/div>\n\n\n\n<div class=\"wp-block-group is-vertical is-layout-flex wp-container-core-group-is-layout-8cf370e7 wp-block-group-is-layout-flex\">\n<p>\ud83d\udc49<a href=\"https:\/\/pohjolanmatka.fi\/kohde\/#!\/nuts-yllas-pallas-2026\/departure\/OBNUTP1\/2026-7-16\/2026-7-19\/2\/0\/0\">Varaa matka t\u00e4\u00e4lt\u00e4!<\/a><\/p>\n<\/div>\n\n\n\n<figure class=\"wp-block-image size-large is-resized\"><img loading=\"lazy\" decoding=\"async\" width=\"1024\" height=\"724\" src=\"https:\/\/media.nuts.fi\/wp-content\/uploads\/sites\/7\/2026\/04\/02085943\/Pohjolan-matka-logo-1024x724.jpg\" alt=\"\" class=\"wp-image-5301\" style=\"aspect-ratio:1.414381890916187;width:386px;height:auto\" srcset=\"https:\/\/media.nuts.fi\/wp-content\/uploads\/sites\/7\/2026\/04\/02085943\/Pohjolan-matka-logo-1024x724.jpg 1024w, https:\/\/media.nuts.fi\/wp-content\/uploads\/sites\/7\/2026\/04\/02085943\/Pohjolan-matka-logo-300x212.jpg 300w, https:\/\/media.nuts.fi\/wp-content\/uploads\/sites\/7\/2026\/04\/02085943\/Pohjolan-matka-logo-768x543.jpg 768w, https:\/\/media.nuts.fi\/wp-content\/uploads\/sites\/7\/2026\/04\/02085943\/Pohjolan-matka-logo-1536x1086.jpg 1536w, https:\/\/media.nuts.fi\/wp-content\/uploads\/sites\/7\/2026\/04\/02085943\/Pohjolan-matka-logo.jpg 2000w\" sizes=\"auto, (max-width: 1024px) 100vw, 1024px\" \/><\/figure>\n<\/div><\/div>\n<\/div>\n<\/div>\n\n\n\n<h2 class=\"wp-block-heading\" id=\"osoitteet\">\ud83d\udccdOsoitteet<\/h2>\n\n\n\n<h3 class=\"wp-block-heading\">\u00c4k\u00e4slompolo<br>Tapahtumakeskus\/ Jounin Kauppa:<\/h3>\n\n\n\n<p>Sannanrannantie 3, 95970 \u00c4k\u00e4slompolo<br>\ud83d\udccd <a href=\"https:\/\/www.google.com\/maps\/place\/K-Market+Jounin+Kauppa\/@67.6041967,24.1553805,16.71z\/data=!4m6!3m5!1s0x45d3b8c886ec14ab:0x46f411eb46425ad8!8m2!3d67.6052778!4d24.1547222!16s%2Fg%2F1td51_qw?entry=ttu\">K-Market Jounin Kauppa<\/a><\/p>\n\n\n\n<p><strong>Ei pys\u00e4k\u00f6inti\u00e4, pys\u00e4k\u00f6intialue on varattu kaupan asiakkaille.<\/strong><\/p>\n\n\n\n<h3 class=\"wp-block-heading\">Ihmisen Rinki P2 pys\u00e4k\u00f6inti sek\u00e4 KIDS tapahtuma<\/h3>\n\n\n\n<p>Tunturintie 56 Pys\u00e4k\u00f6intialue<br>Tunturintie 56, 95970 Kolari<br>\ud83d\udccd <a href=\"https:\/\/maps.app.goo.gl\/wSdBC1TZ7HBe1W9s6\">https:\/\/maps.app.goo.gl\/wSdBC1TZ7HBe1W9s6<\/a><\/p>\n\n\n\n<h2 class=\"wp-block-heading\">Pallaksen kannustajille pys\u00e4k\u00f6inti<\/h2>\n\n\n\n<h3 class=\"wp-block-heading\">Lapland Hotel Pallas<\/h3>\n\n\n\n<p>Pallastunturintie 560, 99330 Pallastunturi<br>\ud83d\udccd <a href=\"https:\/\/goo.gl\/maps\/mc1CHoEic3bik2ai8\">https:\/\/goo.gl\/maps\/mc1CHoEic3bik2ai8<\/a><\/p>\n\n\n\n<p>\u26a0\ufe0f Hotellin pihassa ei ole tapahtumapys\u00e4k\u00f6inti\u00e4<\/p>\n\n\n\n<p>Pallas pys\u00e4k\u00f6inti Pallastunturintie 497<br>\ud83d\udccd <a href=\"https:\/\/goo.gl\/maps\/Wpu1m1j3frT7nuyMA\">https:\/\/goo.gl\/maps\/Wpu1m1j3frT7nuyMA<\/a><\/p>\n\n\n\n<h2 class=\"wp-block-heading\">Hetta<\/h2>\n\n\n\n<h3 class=\"wp-block-heading\">Enonteki\u00f6n koulukeskus<\/h3>\n\n\n\n<p>Puistom\u00e4entie 3, 99400 Enonteki\u00f6<br>\ud83d\udccd <a href=\"https:\/\/goo.gl\/maps\/nXLWaUqrqUreGAhA8\">https:\/\/goo.gl\/maps\/nXLWaUqrqUreGAhA8<\/a><br><br>\ud83d\udc49 Useimmat huoltopisteet on mets\u00e4autoteiden varrella vailla kunnollisia parkkeeraus mahdollisuuksia. Sen vuoksi kannustajien kimppakyytien k\u00e4ytt\u00f6 ja tarpeeton huoltopisteill\u00e4 asioinnin v\u00e4ltt\u00e4minen on suositeltavaa. Yll\u00e4sj\u00e4rven (Taiga)&nbsp; ja Kellokkaan (Ihmisen Rinki P2) huoltojen l\u00e4hiseudulta l\u00f6ytyy reilusti parkkipaikkoja<\/p>\n","protected":false},"excerpt":{"rendered":"<p>Array<\/p>\n","protected":false},"author":1,"featured_media":3386,"parent":0,"menu_order":0,"comment_status":"closed","ping_status":"closed","template":"","meta":{"_kad_blocks_custom_css":"","_kad_blocks_head_custom_js":"","_kad_blocks_body_custom_js":"","_kad_blocks_footer_custom_js":"","_kad_post_transparent":"","_kad_post_title":"","_kad_post_layout":"","_kad_post_sidebar_id":"","_kad_post_content_style":"","_kad_post_vertical_padding":"hide","_kad_post_feature":"","_kad_post_feature_position":"","_kad_post_header":false,"_kad_post_footer":false,"_kad_post_classname":"","footnotes":""},"class_list":["post-3338","page","type-page","status-publish","has-post-thumbnail","hentry"],"yoast_head":"<!-- This site is optimized with the Yoast SEO plugin v26.8 - https:\/\/yoast.com\/product\/yoast-seo-wordpress\/ -->\n<title>Bussit sek\u00e4 pys\u00e4k\u00f6inti - NUTS Yll\u00e4s Pallas Polkujuoksu<\/title>\n<meta name=\"robots\" content=\"index, follow, max-snippet:-1, max-image-preview:large, max-video-preview:-1\" \/>\n<link rel=\"canonical\" href=\"https:\/\/nutsyllaspallas.com\/fi\/bussit-lahtoihin-ja-liityntapysakointi\/\" \/>\n<meta property=\"og:locale\" content=\"fi_FI\" \/>\n<meta property=\"og:type\" content=\"article\" \/>\n<meta property=\"og:title\" content=\"Bussit sek\u00e4 pys\u00e4k\u00f6inti - NUTS Yll\u00e4s Pallas Polkujuoksu\" \/>\n<meta property=\"og:description\" content=\"Array\" \/>\n<meta property=\"og:url\" content=\"https:\/\/nutsyllaspallas.com\/fi\/bussit-lahtoihin-ja-liityntapysakointi\/\" \/>\n<meta property=\"og:site_name\" content=\"NUTS Yll\u00e4s Pallas Polkujuoksu\" \/>\n<meta property=\"article:modified_time\" content=\"2026-04-02T06:05:04+00:00\" \/>\n<meta property=\"og:image\" content=\"https:\/\/media.nuts.fi\/wp-content\/uploads\/sites\/7\/2023\/07\/28141430\/nuts-yllas-pallas-kannustajille2.jpg\" \/>\n\t<meta property=\"og:image:width\" content=\"1024\" \/>\n\t<meta property=\"og:image:height\" content=\"683\" \/>\n\t<meta property=\"og:image:type\" content=\"image\/jpeg\" \/>\n<meta name=\"twitter:card\" content=\"summary_large_image\" \/>\n<meta name=\"twitter:label1\" content=\"Arvioitu lukuaika\" \/>\n\t<meta name=\"twitter:data1\" content=\"5 minuuttia\" \/>\n<script type=\"application\/ld+json\" class=\"yoast-schema-graph\">{\"@context\":\"https:\/\/schema.org\",\"@graph\":[{\"@type\":\"WebPage\",\"@id\":\"https:\/\/nutsyllaspallas.com\/fi\/bussit-lahtoihin-ja-liityntapysakointi\/\",\"url\":\"https:\/\/nutsyllaspallas.com\/fi\/bussit-lahtoihin-ja-liityntapysakointi\/\",\"name\":\"Bussit sek\u00e4 pys\u00e4k\u00f6inti - NUTS Yll\u00e4s Pallas Polkujuoksu\",\"isPartOf\":{\"@id\":\"https:\/\/nutsyllaspallas.com\/fi\/#website\"},\"primaryImageOfPage\":{\"@id\":\"https:\/\/nutsyllaspallas.com\/fi\/bussit-lahtoihin-ja-liityntapysakointi\/#primaryimage\"},\"image\":{\"@id\":\"https:\/\/nutsyllaspallas.com\/fi\/bussit-lahtoihin-ja-liityntapysakointi\/#primaryimage\"},\"thumbnailUrl\":\"https:\/\/media.nuts.fi\/wp-content\/uploads\/sites\/7\/2023\/07\/28141430\/nuts-yllas-pallas-kannustajille2.jpg\",\"datePublished\":\"2023-06-27T10:45:20+00:00\",\"dateModified\":\"2026-04-02T06:05:04+00:00\",\"breadcrumb\":{\"@id\":\"https:\/\/nutsyllaspallas.com\/fi\/bussit-lahtoihin-ja-liityntapysakointi\/#breadcrumb\"},\"inLanguage\":\"fi\",\"potentialAction\":[{\"@type\":\"ReadAction\",\"target\":[\"https:\/\/nutsyllaspallas.com\/fi\/bussit-lahtoihin-ja-liityntapysakointi\/\"]}]},{\"@type\":\"ImageObject\",\"inLanguage\":\"fi\",\"@id\":\"https:\/\/nutsyllaspallas.com\/fi\/bussit-lahtoihin-ja-liityntapysakointi\/#primaryimage\",\"url\":\"https:\/\/media.nuts.fi\/wp-content\/uploads\/sites\/7\/2023\/07\/28141430\/nuts-yllas-pallas-kannustajille2.jpg\",\"contentUrl\":\"https:\/\/media.nuts.fi\/wp-content\/uploads\/sites\/7\/2023\/07\/28141430\/nuts-yllas-pallas-kannustajille2.jpg\",\"width\":1024,\"height\":683},{\"@type\":\"BreadcrumbList\",\"@id\":\"https:\/\/nutsyllaspallas.com\/fi\/bussit-lahtoihin-ja-liityntapysakointi\/#breadcrumb\",\"itemListElement\":[{\"@type\":\"ListItem\",\"position\":1,\"name\":\"Etusivu\",\"item\":\"https:\/\/nutsyllaspallas.com\/fi\/\"},{\"@type\":\"ListItem\",\"position\":2,\"name\":\"Bussit sek\u00e4 pys\u00e4k\u00f6inti\"}]},{\"@type\":\"WebSite\",\"@id\":\"https:\/\/nutsyllaspallas.com\/fi\/#website\",\"url\":\"https:\/\/nutsyllaspallas.com\/fi\/\",\"name\":\"NUTS Yll\u00e4s Pallas Polkujuoksu\",\"description\":\"Polkujuoksu 15, 37, 66, 100 ja 160 km Tunturi-Lapissa\",\"publisher\":{\"@id\":\"https:\/\/nutsyllaspallas.com\/fi\/#organization\"},\"potentialAction\":[{\"@type\":\"SearchAction\",\"target\":{\"@type\":\"EntryPoint\",\"urlTemplate\":\"https:\/\/nutsyllaspallas.com\/fi\/?s={search_term_string}\"},\"query-input\":{\"@type\":\"PropertyValueSpecification\",\"valueRequired\":true,\"valueName\":\"search_term_string\"}}],\"inLanguage\":\"fi\"},{\"@type\":\"Organization\",\"@id\":\"https:\/\/nutsyllaspallas.com\/fi\/#organization\",\"name\":\"NUTS Yll\u00e4s Pallas Polkujuoksu\",\"url\":\"https:\/\/nutsyllaspallas.com\/fi\/\",\"logo\":{\"@type\":\"ImageObject\",\"inLanguage\":\"fi\",\"@id\":\"https:\/\/nutsyllaspallas.com\/fi\/#\/schema\/logo\/image\/\",\"url\":\"https:\/\/media.nuts.fi\/wp-content\/uploads\/sites\/7\/2025\/01\/28141425\/nuts-yllas-pallas-white.svg\",\"contentUrl\":\"https:\/\/media.nuts.fi\/wp-content\/uploads\/sites\/7\/2025\/01\/28141425\/nuts-yllas-pallas-white.svg\",\"caption\":\"NUTS Yll\u00e4s Pallas Polkujuoksu\"},\"image\":{\"@id\":\"https:\/\/nutsyllaspallas.com\/fi\/#\/schema\/logo\/image\/\"}}]}<\/script>\n<!-- \/ Yoast SEO plugin. -->","yoast_head_json":{"title":"Bussit sek\u00e4 pys\u00e4k\u00f6inti - NUTS Yll\u00e4s Pallas Polkujuoksu","robots":{"index":"index","follow":"follow","max-snippet":"max-snippet:-1","max-image-preview":"max-image-preview:large","max-video-preview":"max-video-preview:-1"},"canonical":"https:\/\/nutsyllaspallas.com\/fi\/bussit-lahtoihin-ja-liityntapysakointi\/","og_locale":"fi_FI","og_type":"article","og_title":"Bussit sek\u00e4 pys\u00e4k\u00f6inti - NUTS Yll\u00e4s Pallas Polkujuoksu","og_description":"Array","og_url":"https:\/\/nutsyllaspallas.com\/fi\/bussit-lahtoihin-ja-liityntapysakointi\/","og_site_name":"NUTS Yll\u00e4s Pallas Polkujuoksu","article_modified_time":"2026-04-02T06:05:04+00:00","og_image":[{"width":1024,"height":683,"url":"https:\/\/media.nuts.fi\/wp-content\/uploads\/sites\/7\/2023\/07\/28141430\/nuts-yllas-pallas-kannustajille2.jpg","type":"image\/jpeg"}],"twitter_card":"summary_large_image","twitter_misc":{"Arvioitu lukuaika":"5 minuuttia"},"schema":{"@context":"https:\/\/schema.org","@graph":[{"@type":"WebPage","@id":"https:\/\/nutsyllaspallas.com\/fi\/bussit-lahtoihin-ja-liityntapysakointi\/","url":"https:\/\/nutsyllaspallas.com\/fi\/bussit-lahtoihin-ja-liityntapysakointi\/","name":"Bussit sek\u00e4 pys\u00e4k\u00f6inti - NUTS Yll\u00e4s Pallas Polkujuoksu","isPartOf":{"@id":"https:\/\/nutsyllaspallas.com\/fi\/#website"},"primaryImageOfPage":{"@id":"https:\/\/nutsyllaspallas.com\/fi\/bussit-lahtoihin-ja-liityntapysakointi\/#primaryimage"},"image":{"@id":"https:\/\/nutsyllaspallas.com\/fi\/bussit-lahtoihin-ja-liityntapysakointi\/#primaryimage"},"thumbnailUrl":"https:\/\/media.nuts.fi\/wp-content\/uploads\/sites\/7\/2023\/07\/28141430\/nuts-yllas-pallas-kannustajille2.jpg","datePublished":"2023-06-27T10:45:20+00:00","dateModified":"2026-04-02T06:05:04+00:00","breadcrumb":{"@id":"https:\/\/nutsyllaspallas.com\/fi\/bussit-lahtoihin-ja-liityntapysakointi\/#breadcrumb"},"inLanguage":"fi","potentialAction":[{"@type":"ReadAction","target":["https:\/\/nutsyllaspallas.com\/fi\/bussit-lahtoihin-ja-liityntapysakointi\/"]}]},{"@type":"ImageObject","inLanguage":"fi","@id":"https:\/\/nutsyllaspallas.com\/fi\/bussit-lahtoihin-ja-liityntapysakointi\/#primaryimage","url":"https:\/\/media.nuts.fi\/wp-content\/uploads\/sites\/7\/2023\/07\/28141430\/nuts-yllas-pallas-kannustajille2.jpg","contentUrl":"https:\/\/media.nuts.fi\/wp-content\/uploads\/sites\/7\/2023\/07\/28141430\/nuts-yllas-pallas-kannustajille2.jpg","width":1024,"height":683},{"@type":"BreadcrumbList","@id":"https:\/\/nutsyllaspallas.com\/fi\/bussit-lahtoihin-ja-liityntapysakointi\/#breadcrumb","itemListElement":[{"@type":"ListItem","position":1,"name":"Etusivu","item":"https:\/\/nutsyllaspallas.com\/fi\/"},{"@type":"ListItem","position":2,"name":"Bussit sek\u00e4 pys\u00e4k\u00f6inti"}]},{"@type":"WebSite","@id":"https:\/\/nutsyllaspallas.com\/fi\/#website","url":"https:\/\/nutsyllaspallas.com\/fi\/","name":"NUTS Yll\u00e4s Pallas Polkujuoksu","description":"Polkujuoksu 15, 37, 66, 100 ja 160 km Tunturi-Lapissa","publisher":{"@id":"https:\/\/nutsyllaspallas.com\/fi\/#organization"},"potentialAction":[{"@type":"SearchAction","target":{"@type":"EntryPoint","urlTemplate":"https:\/\/nutsyllaspallas.com\/fi\/?s={search_term_string}"},"query-input":{"@type":"PropertyValueSpecification","valueRequired":true,"valueName":"search_term_string"}}],"inLanguage":"fi"},{"@type":"Organization","@id":"https:\/\/nutsyllaspallas.com\/fi\/#organization","name":"NUTS Yll\u00e4s Pallas Polkujuoksu","url":"https:\/\/nutsyllaspallas.com\/fi\/","logo":{"@type":"ImageObject","inLanguage":"fi","@id":"https:\/\/nutsyllaspallas.com\/fi\/#\/schema\/logo\/image\/","url":"https:\/\/media.nuts.fi\/wp-content\/uploads\/sites\/7\/2025\/01\/28141425\/nuts-yllas-pallas-white.svg","contentUrl":"https:\/\/media.nuts.fi\/wp-content\/uploads\/sites\/7\/2025\/01\/28141425\/nuts-yllas-pallas-white.svg","caption":"NUTS Yll\u00e4s Pallas Polkujuoksu"},"image":{"@id":"https:\/\/nutsyllaspallas.com\/fi\/#\/schema\/logo\/image\/"}}]}},"taxonomy_info":[],"featured_image_src_large":["https:\/\/media.nuts.fi\/wp-content\/uploads\/sites\/7\/2023\/07\/28141430\/nuts-yllas-pallas-kannustajille2.jpg",1024,683,false],"author_info":{"display_name":"NUTS","author_link":"https:\/\/nutsyllaspallas.com\/fi\/author\/user\/"},"comment_info":0,"_links":{"self":[{"href":"https:\/\/nutsyllaspallas.com\/fi\/wp-json\/wp\/v2\/pages\/3338","targetHints":{"allow":["GET"]}}],"collection":[{"href":"https:\/\/nutsyllaspallas.com\/fi\/wp-json\/wp\/v2\/pages"}],"about":[{"href":"https:\/\/nutsyllaspallas.com\/fi\/wp-json\/wp\/v2\/types\/page"}],"author":[{"embeddable":true,"href":"https:\/\/nutsyllaspallas.com\/fi\/wp-json\/wp\/v2\/users\/1"}],"replies":[{"embeddable":true,"href":"https:\/\/nutsyllaspallas.com\/fi\/wp-json\/wp\/v2\/comments?post=3338"}],"version-history":[{"count":28,"href":"https:\/\/nutsyllaspallas.com\/fi\/wp-json\/wp\/v2\/pages\/3338\/revisions"}],"predecessor-version":[{"id":5303,"href":"https:\/\/nutsyllaspallas.com\/fi\/wp-json\/wp\/v2\/pages\/3338\/revisions\/5303"}],"wp:featuredmedia":[{"embeddable":true,"href":"https:\/\/nutsyllaspallas.com\/fi\/wp-json\/wp\/v2\/media\/3386"}],"wp:attachment":[{"href":"https:\/\/nutsyllaspallas.com\/fi\/wp-json\/wp\/v2\/media?parent=3338"}],"curies":[{"name":"wp","href":"https:\/\/api.w.org\/{rel}","templated":true}]}}