{"id":3372,"date":"2023-07-03T22:57:22","date_gmt":"2023-07-03T19:57:22","guid":{"rendered":"https:\/\/nutsyllaspallas.com\/?page_id=3372"},"modified":"2026-03-31T09:04:28","modified_gmt":"2026-03-31T06:04:28","slug":"kannustajille","status":"publish","type":"page","link":"https:\/\/nutsyllaspallas.com\/fi\/kannustajille\/","title":{"rendered":"Ohjeita kannustusjoukoille"},"content":{"rendered":"\n<h2 class=\"wp-block-heading\">\ud83d\ude4c Kannustus on luvallista ja jopa suotavaa!<\/h2>\n\n\n\n<p>Muistuksena, ett\u00e4 kilpailijoiden muu avustaminen ja huoltaminen on sallittua ainoastaan virallisilla huoltopisteill\u00e4. Noudatamme <a href=\"https:\/\/trailtourfinland.fi\/polkujuoksijan-etiketti-kilpailusaannot\/\">polkujuoksijan etiketti\u00e4<\/a>. Keskeytt\u00e4misest\u00e4 ilmoittaneita osallistujia saa toki auttaa.<\/p>\n\n\n\n<p>Yksityisautoilla liikkumista kannattaa v\u00e4ltt\u00e4\u00e4 \u00c4k\u00e4slompolossa Jounin Kaupan ymp\u00e4rist\u00f6ss\u00e4, sill\u00e4 pys\u00e4k\u00f6intipaikkoja on niukasti. Suositaan siis kulkemista kylille jalan tai py\u00f6r\u00e4ll\u00e4.<\/p>\n\n\n\n<p><br><strong>Juoksijan huoltaminen on sallittua ainoastaan virallisilla huoltopisteill\u00e4:<\/strong><br>\u26fa\ufe0f Mustavaara\/Pyh\u00e4kero (kulku vain jalan\/polkupy\u00f6r\u00e4ll\u00e4)<br>\u26fa\ufe0fKetomella<br>\u26fa\ufe0fPallas<br>\u26fa\ufe0fRauhala<br>\u26fa\ufe0fPeurakaltio<br>\u26fa\ufe0fYll\u00e4sj\u00e4rvi <br>\u26fa\ufe0fKellokas<br>\u274cPahtavuomassa omahuolto EI ole sallittu.<\/p>\n\n\n\n<h2 class=\"wp-block-heading\">\ud83c\udd7f\ufe0f <strong>Parkkeeraus Yll\u00e4ksell\u00e4<\/strong>, Pallaksella &amp; huolloissa<\/h2>\n\n\n\n<ul class=\"wp-block-list\">\n<li>Kaupan P-alue VAIN kaupassa asioiville.<\/li>\n\n\n\n<li>\u00c4k\u00e4slompolon toinen parkki:\n<ul class=\"wp-block-list\">\n<li><strong>P1<\/strong> Lapland Hotels Yll\u00e4skaltio<br>Kaltiontie 5,95970 Kolari<br>\ud83d\udccd <a href=\"https:\/\/goo.gl\/maps\/PNgQPf7x9nvrGF937\">https:\/\/goo.gl\/maps\/PNgQPf7x9nvrGF937<\/a><\/li>\n<\/ul>\n<\/li>\n\n\n\n<li>Lis\u00e4ksi kauempana:\n<ul class=\"wp-block-list\">\n<li><strong>P2<\/strong> Tunturintie 56 parking<br>Tunturintie 56, 95970 Kolari<br>\ud83d\udccd <a href=\"https:\/\/goo.gl\/maps\/AeVEmsSZiQpzLZEfA\">https:\/\/goo.gl\/maps\/AeVEmsSZiQpzLZEfA<\/a><\/li>\n<\/ul>\n<\/li>\n\n\n\n<li>Yll\u00e4sj\u00e4rvell\u00e4 my\u00f6s runsaasti P-paikoitusta omille autoille:\n<ul class=\"wp-block-list\">\n<li>Iso-Yll\u00e4ksentie 44, 95980 Kolari<br>\ud83d\udccd <a href=\"https:\/\/www.google.com\/maps\/place\/Yll%C3%A4s+Ski+Resort+Yll%C3%A4sj%C3%A4rvi+pys%C3%A4k%C3%B6intialue\/@67.5508275,24.2556087,17.75z\/data=!4m6!3m5!1s0x45d3bfe6c4c79561:0x982b11d18889abd8!8m2!3d67.5512056!4d24.2547805!16s%2Fg%2F11h6d73_4v?entry=ttu\">Yll\u00e4s Ski Resort Yll\u00e4j\u00e4rvi Parking Lot<\/a><\/li>\n<\/ul>\n<\/li>\n\n\n\n<li>Kellokas Luontokeskuksella omat autot vied\u00e4\u00e4n Y1- parkkiin (<strong>P2<\/strong>), josta k\u00e4vely huoltopisteelle n. 1km<br><strong>P2 parkki<\/strong>\n<ul class=\"wp-block-list\">\n<li>Tunturintie 56, 95970 Kolari<br>\ud83d\udccd <a href=\"https:\/\/goo.gl\/maps\/AeVEmsSZiQpzLZEfA\">https:\/\/goo.gl\/maps\/AeVEmsSZiQpzLZEfA<\/a><\/li>\n<\/ul>\n<\/li>\n<\/ul>\n\n\n\n<h2 class=\"wp-block-heading\">\ud83d\ude8c Ilmaisten Yll\u00e4sj\u00e4rvi\u2013\u00c4k\u00e4slompolo Shuttle-kannustusbussien aikataulu lauantaina<\/h2>\n\n\n\n<p>Lauantaina sukkulabussi kulkee \u00c4k\u00e4slompolon kisakeskuksen ja Yll\u00e4sj\u00e4rven huoltopisteen l\u00e4heisyydess\u00e4 olevan Lapland Hotels Saagan v\u00e4li\u00e4 <a href=\"https:\/\/nutsyllaspallas.com\/bussit-lahtoihin-ja-liityntapysakointi\/\">aikataulun<\/a> mukaisesti. Voit siis j\u00e4tt\u00e4\u00e4 oman auton m\u00f6kin pihaan huoletta! Bussiin ei lipun tarvetta, hypp\u00e4\u00e4 vain kyytiin!<\/p>\n\n\n\n<p>\ud83d\udc49 <a href=\"https:\/\/nutsyllaspallas.com\/bussit-lahtoihin-ja-liityntapysakointi\/#yllasjarviakaslompoloshutle\">Katso aikataulu \u203a<\/a><\/p>\n\n\n\n<h2 class=\"wp-block-heading\">\ud83d\ude4c\ud83c\udd7f\ufe0f Pallaksen kannustajille pys\u00e4k\u00f6inti<\/h2>\n\n\n\n<ul class=\"wp-block-list\">\n<li>Pallas pys\u00e4k\u00f6inti:<br>\ud83d\udccd <a href=\"https:\/\/goo.gl\/maps\/Wpu1m1j3frT7nuyMA\">https:\/\/goo.gl\/maps\/Wpu1m1j3frT7nuyMA<\/a><\/li>\n\n\n\n<li>Huomioi, ett\u00e4 Pallashotellin piha on varattu tapahtumaliikenteelle.&nbsp;<\/li>\n<\/ul>\n\n\n\n<h2 class=\"wp-block-heading\">\u26a0\ufe0fHuomaa<\/h2>\n\n\n\n<p><strong>Pahtavuoman<\/strong> huolto on suljettu kannustajilta huonon saavutettavuuden vuoksi.<\/p>\n","protected":false},"excerpt":{"rendered":"<p>\ud83d\ude4c Kannustus on luvallista ja jopa suotavaa! Muistuksena, ett\u00e4 kilpailijoiden muu avustaminen ja huoltaminen on sallittua ainoastaan virallisilla huoltopisteill\u00e4. Noudatamme polkujuoksijan etiketti\u00e4. Keskeytt\u00e4misest\u00e4 ilmoittaneita osallistujia saa toki auttaa. Yksityisautoilla liikkumista kannattaa v\u00e4ltt\u00e4\u00e4 \u00c4k\u00e4slompolossa Jounin Kaupan ymp\u00e4rist\u00f6ss\u00e4, sill\u00e4 pys\u00e4k\u00f6intipaikkoja on niukasti. Suositaan siis kulkemista kylille jalan tai py\u00f6r\u00e4ll\u00e4. Juoksijan huoltaminen on sallittua ainoastaan virallisilla huoltopisteill\u00e4:\u26fa\ufe0f Mustavaara\/Pyh\u00e4kero&#8230;<\/p>\n","protected":false},"author":1,"featured_media":3376,"parent":0,"menu_order":0,"comment_status":"closed","ping_status":"closed","template":"","meta":{"_kad_blocks_custom_css":"","_kad_blocks_head_custom_js":"","_kad_blocks_body_custom_js":"","_kad_blocks_footer_custom_js":"","_kad_post_transparent":"","_kad_post_title":"","_kad_post_layout":"","_kad_post_sidebar_id":"","_kad_post_content_style":"","_kad_post_vertical_padding":"default","_kad_post_feature":"","_kad_post_feature_position":"","_kad_post_header":false,"_kad_post_footer":false,"_kad_post_classname":"","footnotes":""},"class_list":["post-3372","page","type-page","status-publish","has-post-thumbnail","hentry"],"yoast_head":"<!-- This site is optimized with the Yoast SEO plugin v26.8 - https:\/\/yoast.com\/product\/yoast-seo-wordpress\/ -->\n<title>Ohjeita kannustusjoukoille - NUTS Yll\u00e4s Pallas Polkujuoksu<\/title>\n<meta name=\"robots\" content=\"index, follow, max-snippet:-1, max-image-preview:large, max-video-preview:-1\" \/>\n<link rel=\"canonical\" href=\"https:\/\/nutsyllaspallas.com\/fi\/kannustajille\/\" \/>\n<meta property=\"og:locale\" content=\"fi_FI\" \/>\n<meta property=\"og:type\" content=\"article\" \/>\n<meta property=\"og:title\" content=\"Ohjeita kannustusjoukoille - NUTS Yll\u00e4s Pallas Polkujuoksu\" \/>\n<meta property=\"og:description\" content=\"\ud83d\ude4c Kannustus on luvallista ja jopa suotavaa! Muistuksena, ett\u00e4 kilpailijoiden muu avustaminen ja huoltaminen on sallittua ainoastaan virallisilla huoltopisteill\u00e4. Noudatamme polkujuoksijan etiketti\u00e4. Keskeytt\u00e4misest\u00e4 ilmoittaneita osallistujia saa toki auttaa. Yksityisautoilla liikkumista kannattaa v\u00e4ltt\u00e4\u00e4 \u00c4k\u00e4slompolossa Jounin Kaupan ymp\u00e4rist\u00f6ss\u00e4, sill\u00e4 pys\u00e4k\u00f6intipaikkoja on niukasti. Suositaan siis kulkemista kylille jalan tai py\u00f6r\u00e4ll\u00e4. Juoksijan huoltaminen on sallittua ainoastaan virallisilla huoltopisteill\u00e4:\u26fa\ufe0f Mustavaara\/Pyh\u00e4kero...\" \/>\n<meta property=\"og:url\" content=\"https:\/\/nutsyllaspallas.com\/fi\/kannustajille\/\" \/>\n<meta property=\"og:site_name\" content=\"NUTS Yll\u00e4s Pallas Polkujuoksu\" \/>\n<meta property=\"article:modified_time\" content=\"2026-03-31T06:04:28+00:00\" \/>\n<meta property=\"og:image\" content=\"https:\/\/media.nuts.fi\/wp-content\/uploads\/sites\/7\/2023\/07\/28141431\/nuts-yllas-pallas-kannustajille.jpg\" \/>\n\t<meta property=\"og:image:width\" content=\"1024\" \/>\n\t<meta property=\"og:image:height\" content=\"768\" \/>\n\t<meta property=\"og:image:type\" content=\"image\/jpeg\" \/>\n<meta name=\"twitter:card\" content=\"summary_large_image\" \/>\n<meta name=\"twitter:label1\" content=\"Arvioitu lukuaika\" \/>\n\t<meta name=\"twitter:data1\" content=\"2 minuuttia\" \/>\n<script type=\"application\/ld+json\" class=\"yoast-schema-graph\">{\"@context\":\"https:\/\/schema.org\",\"@graph\":[{\"@type\":\"WebPage\",\"@id\":\"https:\/\/nutsyllaspallas.com\/fi\/kannustajille\/\",\"url\":\"https:\/\/nutsyllaspallas.com\/fi\/kannustajille\/\",\"name\":\"Ohjeita kannustusjoukoille - NUTS Yll\u00e4s Pallas Polkujuoksu\",\"isPartOf\":{\"@id\":\"https:\/\/nutsyllaspallas.com\/fi\/#website\"},\"primaryImageOfPage\":{\"@id\":\"https:\/\/nutsyllaspallas.com\/fi\/kannustajille\/#primaryimage\"},\"image\":{\"@id\":\"https:\/\/nutsyllaspallas.com\/fi\/kannustajille\/#primaryimage\"},\"thumbnailUrl\":\"https:\/\/media.nuts.fi\/wp-content\/uploads\/sites\/7\/2023\/07\/28141431\/nuts-yllas-pallas-kannustajille.jpg\",\"datePublished\":\"2023-07-03T19:57:22+00:00\",\"dateModified\":\"2026-03-31T06:04:28+00:00\",\"breadcrumb\":{\"@id\":\"https:\/\/nutsyllaspallas.com\/fi\/kannustajille\/#breadcrumb\"},\"inLanguage\":\"fi\",\"potentialAction\":[{\"@type\":\"ReadAction\",\"target\":[\"https:\/\/nutsyllaspallas.com\/fi\/kannustajille\/\"]}]},{\"@type\":\"ImageObject\",\"inLanguage\":\"fi\",\"@id\":\"https:\/\/nutsyllaspallas.com\/fi\/kannustajille\/#primaryimage\",\"url\":\"https:\/\/media.nuts.fi\/wp-content\/uploads\/sites\/7\/2023\/07\/28141431\/nuts-yllas-pallas-kannustajille.jpg\",\"contentUrl\":\"https:\/\/media.nuts.fi\/wp-content\/uploads\/sites\/7\/2023\/07\/28141431\/nuts-yllas-pallas-kannustajille.jpg\",\"width\":1024,\"height\":768},{\"@type\":\"BreadcrumbList\",\"@id\":\"https:\/\/nutsyllaspallas.com\/fi\/kannustajille\/#breadcrumb\",\"itemListElement\":[{\"@type\":\"ListItem\",\"position\":1,\"name\":\"Etusivu\",\"item\":\"https:\/\/nutsyllaspallas.com\/fi\/\"},{\"@type\":\"ListItem\",\"position\":2,\"name\":\"Ohjeita kannustusjoukoille\"}]},{\"@type\":\"WebSite\",\"@id\":\"https:\/\/nutsyllaspallas.com\/fi\/#website\",\"url\":\"https:\/\/nutsyllaspallas.com\/fi\/\",\"name\":\"NUTS Yll\u00e4s Pallas Polkujuoksu\",\"description\":\"Polkujuoksu 15, 37, 66, 100 ja 160 km Tunturi-Lapissa\",\"publisher\":{\"@id\":\"https:\/\/nutsyllaspallas.com\/fi\/#organization\"},\"potentialAction\":[{\"@type\":\"SearchAction\",\"target\":{\"@type\":\"EntryPoint\",\"urlTemplate\":\"https:\/\/nutsyllaspallas.com\/fi\/?s={search_term_string}\"},\"query-input\":{\"@type\":\"PropertyValueSpecification\",\"valueRequired\":true,\"valueName\":\"search_term_string\"}}],\"inLanguage\":\"fi\"},{\"@type\":\"Organization\",\"@id\":\"https:\/\/nutsyllaspallas.com\/fi\/#organization\",\"name\":\"NUTS Yll\u00e4s Pallas Polkujuoksu\",\"url\":\"https:\/\/nutsyllaspallas.com\/fi\/\",\"logo\":{\"@type\":\"ImageObject\",\"inLanguage\":\"fi\",\"@id\":\"https:\/\/nutsyllaspallas.com\/fi\/#\/schema\/logo\/image\/\",\"url\":\"https:\/\/media.nuts.fi\/wp-content\/uploads\/sites\/7\/2025\/01\/28141425\/nuts-yllas-pallas-white.svg\",\"contentUrl\":\"https:\/\/media.nuts.fi\/wp-content\/uploads\/sites\/7\/2025\/01\/28141425\/nuts-yllas-pallas-white.svg\",\"caption\":\"NUTS Yll\u00e4s Pallas Polkujuoksu\"},\"image\":{\"@id\":\"https:\/\/nutsyllaspallas.com\/fi\/#\/schema\/logo\/image\/\"}}]}<\/script>\n<!-- \/ Yoast SEO plugin. -->","yoast_head_json":{"title":"Ohjeita kannustusjoukoille - NUTS Yll\u00e4s Pallas Polkujuoksu","robots":{"index":"index","follow":"follow","max-snippet":"max-snippet:-1","max-image-preview":"max-image-preview:large","max-video-preview":"max-video-preview:-1"},"canonical":"https:\/\/nutsyllaspallas.com\/fi\/kannustajille\/","og_locale":"fi_FI","og_type":"article","og_title":"Ohjeita kannustusjoukoille - NUTS Yll\u00e4s Pallas Polkujuoksu","og_description":"\ud83d\ude4c Kannustus on luvallista ja jopa suotavaa! Muistuksena, ett\u00e4 kilpailijoiden muu avustaminen ja huoltaminen on sallittua ainoastaan virallisilla huoltopisteill\u00e4. Noudatamme polkujuoksijan etiketti\u00e4. Keskeytt\u00e4misest\u00e4 ilmoittaneita osallistujia saa toki auttaa. Yksityisautoilla liikkumista kannattaa v\u00e4ltt\u00e4\u00e4 \u00c4k\u00e4slompolossa Jounin Kaupan ymp\u00e4rist\u00f6ss\u00e4, sill\u00e4 pys\u00e4k\u00f6intipaikkoja on niukasti. Suositaan siis kulkemista kylille jalan tai py\u00f6r\u00e4ll\u00e4. Juoksijan huoltaminen on sallittua ainoastaan virallisilla huoltopisteill\u00e4:\u26fa\ufe0f Mustavaara\/Pyh\u00e4kero...","og_url":"https:\/\/nutsyllaspallas.com\/fi\/kannustajille\/","og_site_name":"NUTS Yll\u00e4s Pallas Polkujuoksu","article_modified_time":"2026-03-31T06:04:28+00:00","og_image":[{"width":1024,"height":768,"url":"https:\/\/media.nuts.fi\/wp-content\/uploads\/sites\/7\/2023\/07\/28141431\/nuts-yllas-pallas-kannustajille.jpg","type":"image\/jpeg"}],"twitter_card":"summary_large_image","twitter_misc":{"Arvioitu lukuaika":"2 minuuttia"},"schema":{"@context":"https:\/\/schema.org","@graph":[{"@type":"WebPage","@id":"https:\/\/nutsyllaspallas.com\/fi\/kannustajille\/","url":"https:\/\/nutsyllaspallas.com\/fi\/kannustajille\/","name":"Ohjeita kannustusjoukoille - NUTS Yll\u00e4s Pallas Polkujuoksu","isPartOf":{"@id":"https:\/\/nutsyllaspallas.com\/fi\/#website"},"primaryImageOfPage":{"@id":"https:\/\/nutsyllaspallas.com\/fi\/kannustajille\/#primaryimage"},"image":{"@id":"https:\/\/nutsyllaspallas.com\/fi\/kannustajille\/#primaryimage"},"thumbnailUrl":"https:\/\/media.nuts.fi\/wp-content\/uploads\/sites\/7\/2023\/07\/28141431\/nuts-yllas-pallas-kannustajille.jpg","datePublished":"2023-07-03T19:57:22+00:00","dateModified":"2026-03-31T06:04:28+00:00","breadcrumb":{"@id":"https:\/\/nutsyllaspallas.com\/fi\/kannustajille\/#breadcrumb"},"inLanguage":"fi","potentialAction":[{"@type":"ReadAction","target":["https:\/\/nutsyllaspallas.com\/fi\/kannustajille\/"]}]},{"@type":"ImageObject","inLanguage":"fi","@id":"https:\/\/nutsyllaspallas.com\/fi\/kannustajille\/#primaryimage","url":"https:\/\/media.nuts.fi\/wp-content\/uploads\/sites\/7\/2023\/07\/28141431\/nuts-yllas-pallas-kannustajille.jpg","contentUrl":"https:\/\/media.nuts.fi\/wp-content\/uploads\/sites\/7\/2023\/07\/28141431\/nuts-yllas-pallas-kannustajille.jpg","width":1024,"height":768},{"@type":"BreadcrumbList","@id":"https:\/\/nutsyllaspallas.com\/fi\/kannustajille\/#breadcrumb","itemListElement":[{"@type":"ListItem","position":1,"name":"Etusivu","item":"https:\/\/nutsyllaspallas.com\/fi\/"},{"@type":"ListItem","position":2,"name":"Ohjeita kannustusjoukoille"}]},{"@type":"WebSite","@id":"https:\/\/nutsyllaspallas.com\/fi\/#website","url":"https:\/\/nutsyllaspallas.com\/fi\/","name":"NUTS Yll\u00e4s Pallas Polkujuoksu","description":"Polkujuoksu 15, 37, 66, 100 ja 160 km Tunturi-Lapissa","publisher":{"@id":"https:\/\/nutsyllaspallas.com\/fi\/#organization"},"potentialAction":[{"@type":"SearchAction","target":{"@type":"EntryPoint","urlTemplate":"https:\/\/nutsyllaspallas.com\/fi\/?s={search_term_string}"},"query-input":{"@type":"PropertyValueSpecification","valueRequired":true,"valueName":"search_term_string"}}],"inLanguage":"fi"},{"@type":"Organization","@id":"https:\/\/nutsyllaspallas.com\/fi\/#organization","name":"NUTS Yll\u00e4s Pallas Polkujuoksu","url":"https:\/\/nutsyllaspallas.com\/fi\/","logo":{"@type":"ImageObject","inLanguage":"fi","@id":"https:\/\/nutsyllaspallas.com\/fi\/#\/schema\/logo\/image\/","url":"https:\/\/media.nuts.fi\/wp-content\/uploads\/sites\/7\/2025\/01\/28141425\/nuts-yllas-pallas-white.svg","contentUrl":"https:\/\/media.nuts.fi\/wp-content\/uploads\/sites\/7\/2025\/01\/28141425\/nuts-yllas-pallas-white.svg","caption":"NUTS Yll\u00e4s Pallas Polkujuoksu"},"image":{"@id":"https:\/\/nutsyllaspallas.com\/fi\/#\/schema\/logo\/image\/"}}]}},"taxonomy_info":[],"featured_image_src_large":["https:\/\/media.nuts.fi\/wp-content\/uploads\/sites\/7\/2023\/07\/28141431\/nuts-yllas-pallas-kannustajille.jpg",1024,768,false],"author_info":{"display_name":"NUTS","author_link":"https:\/\/nutsyllaspallas.com\/fi\/author\/user\/"},"comment_info":0,"_links":{"self":[{"href":"https:\/\/nutsyllaspallas.com\/fi\/wp-json\/wp\/v2\/pages\/3372","targetHints":{"allow":["GET"]}}],"collection":[{"href":"https:\/\/nutsyllaspallas.com\/fi\/wp-json\/wp\/v2\/pages"}],"about":[{"href":"https:\/\/nutsyllaspallas.com\/fi\/wp-json\/wp\/v2\/types\/page"}],"author":[{"embeddable":true,"href":"https:\/\/nutsyllaspallas.com\/fi\/wp-json\/wp\/v2\/users\/1"}],"replies":[{"embeddable":true,"href":"https:\/\/nutsyllaspallas.com\/fi\/wp-json\/wp\/v2\/comments?post=3372"}],"version-history":[{"count":16,"href":"https:\/\/nutsyllaspallas.com\/fi\/wp-json\/wp\/v2\/pages\/3372\/revisions"}],"predecessor-version":[{"id":5255,"href":"https:\/\/nutsyllaspallas.com\/fi\/wp-json\/wp\/v2\/pages\/3372\/revisions\/5255"}],"wp:featuredmedia":[{"embeddable":true,"href":"https:\/\/nutsyllaspallas.com\/fi\/wp-json\/wp\/v2\/media\/3376"}],"wp:attachment":[{"href":"https:\/\/nutsyllaspallas.com\/fi\/wp-json\/wp\/v2\/media?parent=3372"}],"curies":[{"name":"wp","href":"https:\/\/api.w.org\/{rel}","templated":true}]}}