{"id":489,"date":"2016-06-30T19:25:27","date_gmt":"2016-06-30T19:25:27","guid":{"rendered":"http:\/\/www.nutsyllaspallas.com\/?page_id=489"},"modified":"2026-03-31T10:49:48","modified_gmt":"2026-03-31T07:49:48","slug":"pallas-yllastunturin-kansallispuisto","status":"publish","type":"page","link":"https:\/\/nutsyllaspallas.com\/fi\/pallas-yllastunturin-kansallispuisto\/","title":{"rendered":"Pallas-Yll\u00e4stunturin kansallispuisto"},"content":{"rendered":"<p><strong><img loading=\"lazy\" decoding=\"async\" class=\"alignleft wp-image-494 size-medium\" src=\"http:\/\/www.nutsyllaspallas.com\/wp-content\/uploads\/2016\/06\/1208869_608355035853900_1078112514_n-300x300.jpg\" alt=\"Pallas-Yll\u00e4stunturin kansallispuisto\" width=\"300\" height=\"300\" srcset=\"https:\/\/media.nuts.fi\/wp-content\/uploads\/sites\/7\/2016\/06\/28141538\/1208869_608355035853900_1078112514_n-300x300.jpg 300w, https:\/\/media.nuts.fi\/wp-content\/uploads\/sites\/7\/2016\/06\/28141538\/1208869_608355035853900_1078112514_n-150x150.jpg 150w, https:\/\/media.nuts.fi\/wp-content\/uploads\/sites\/7\/2016\/06\/28141538\/1208869_608355035853900_1078112514_n-768x768.jpg 768w, https:\/\/media.nuts.fi\/wp-content\/uploads\/sites\/7\/2016\/06\/28141538\/1208869_608355035853900_1078112514_n.jpg 800w\" sizes=\"auto, (max-width: 300px) 100vw, 300px\" \/>Pallas-Yll\u00e4stunturin kansallispuistossa Tunturi-Lapin taival vie sinut huipuilta huipuille ja el\u00e4viin tunturikyliin. Patikoit, retkeilet ja hiihd\u00e4t Suomen vanhimmilla vaellusreiteill\u00e4 hyvien palvelujen ymp\u00e4r\u00f6im\u00e4n\u00e4. T\u00e4\u00e4ll\u00e4 hengit\u00e4t Euroopan puhtainta ilmaa huimissa tunturimaisemissa ja taigametsien keskell\u00e4. Eip\u00e4 ihme, ett\u00e4 juuri Pallas-Yll\u00e4stunturi on Suomen kansallispuistoista k\u00e4vij\u00e4m\u00e4\u00e4rilt\u00e4\u00e4n suosituin.<br \/>\n<\/strong><\/p>\n<p>Kansallispuiston alueella voit nauttia luonnonrauhasta vaeltaen tai vaikkapa hiiht\u00e4en. Kansallispuisto antaa parastaan vuoden ymp\u00e4ri. Talvisin p\u00e4\u00e4set hiiht\u00e4m\u00e4\u00e4n ja lumikenk\u00e4ilem\u00e4\u00e4n maisemissa, joista etel\u00e4ss\u00e4 voidaan vain haaveilla. Alkukes\u00e4ll\u00e4 saat todistaa, kuinka luonto puhkeaa r\u00e4j\u00e4hdysm\u00e4isesti eloon talven j\u00e4lkeen.<br \/>\nKes\u00e4isin n\u00e4et, kuinka aurinko paistaa y\u00f6ll\u00e4 ja vinolla, keltaisella valollaan v\u00e4rj\u00e4\u00e4 tunturit satumaisen kultaisiksi. Haasta itsesi pulahtamaan vaikkapa tunturimaisemissa levitt\u00e4ytyv\u00e4n Hietaj\u00e4rven sinisiin aaltoihin sill\u00e4 aikaa, kun rannalla olevassa kodassa nuotio hiillostuu ja makkaranpaisto voi alkaa!<br \/>\nTai saavu paikalle ruska-aikaan, kun ensimm\u00e4iset y\u00f6pakkaset ovat jo h\u00e4tist\u00e4neet hyttyset pakosalle, ja koet punaisen ruskan leimun upeampana kuin osasit edes kuvitella.<\/p>\n<h2>Luontokeskusten yhteystiedot<\/h2>\n<h3>Yll\u00e4stunturin luontokeskus Kellokas<\/h3>\n<p>\ud83d\udccd Tunturintie 54, 95970 \u00c4k\u00e4slompolo (Kolari)<br \/>\n\ud83d\udcf1 0206 39 7039<br \/>\n\u2709\ufe0f kellokas@metsa.fi<\/p>\n<h3>Pallastunturin luontokeskus<\/h3>\n<p>\ud83d\udccd Pallastunturintie 557, 99330 Pallastunturi (Muonio)<br \/>\n\ud83d\udcf1 0206 39 4630<br \/>\n\u2709\ufe0f tunturi-lappi@metsa.fi<\/p>\n<h3>Tunturi-Lapin luontokeskus<\/h3>\n<p>\ud83d\udccd Peuratie 15, 99400 Enonteki\u00f6<br \/>\n\ud83d\udcf1\u00a00206 39 7950<br \/>\n\u2709\ufe0f tunturi-lappi@metsa.fi<\/p>\n","protected":false},"excerpt":{"rendered":"<p>Pallas-Yll\u00e4stunturin kansallispuistossa Tunturi-Lapin taival vie sinut huipuilta huipuille ja el\u00e4viin tunturikyliin. Patikoit, retkeilet ja hiihd\u00e4t Suomen vanhimmilla vaellusreiteill\u00e4 hyvien palvelujen ymp\u00e4r\u00f6im\u00e4n\u00e4. T\u00e4\u00e4ll\u00e4 hengit\u00e4t Euroopan puhtainta ilmaa huimissa tunturimaisemissa ja taigametsien keskell\u00e4. Eip\u00e4 ihme, ett\u00e4 juuri Pallas-Yll\u00e4stunturi on Suomen kansallispuistoista k\u00e4vij\u00e4m\u00e4\u00e4rilt\u00e4\u00e4n suosituin. Kansallispuiston alueella voit nauttia luonnonrauhasta vaeltaen tai vaikkapa hiiht\u00e4en. Kansallispuisto antaa parastaan vuoden ymp\u00e4ri&#8230;.<\/p>\n","protected":false},"author":1,"featured_media":5265,"parent":0,"menu_order":0,"comment_status":"closed","ping_status":"closed","template":"","meta":{"_kad_blocks_custom_css":"","_kad_blocks_head_custom_js":"","_kad_blocks_body_custom_js":"","_kad_blocks_footer_custom_js":"","_kad_post_transparent":"","_kad_post_title":"","_kad_post_layout":"","_kad_post_sidebar_id":"","_kad_post_content_style":"","_kad_post_vertical_padding":"","_kad_post_feature":"","_kad_post_feature_position":"","_kad_post_header":false,"_kad_post_footer":false,"_kad_post_classname":"","footnotes":""},"class_list":["post-489","page","type-page","status-publish","has-post-thumbnail","hentry"],"yoast_head":"<!-- This site is optimized with the Yoast SEO plugin v26.8 - https:\/\/yoast.com\/product\/yoast-seo-wordpress\/ -->\n<title>Pallas-Yll\u00e4stunturin kansallispuisto - NUTS Yll\u00e4s Pallas Polkujuoksu<\/title>\n<meta name=\"description\" content=\"{:fi}Pallas-Yll\u00e4stunturin kansallispuisto on yksi Suomen vanhimmista kansallispuistoista. se tarjoaa loistavat olosuhteet ulkoiluun: vaeltaminen, polkujuoksu...{:}\" \/>\n<meta name=\"robots\" content=\"index, follow, max-snippet:-1, max-image-preview:large, max-video-preview:-1\" \/>\n<link rel=\"canonical\" href=\"https:\/\/nutsyllaspallas.com\/fi\/pallas-yllastunturin-kansallispuisto\/\" \/>\n<meta property=\"og:locale\" content=\"fi_FI\" \/>\n<meta property=\"og:type\" content=\"article\" \/>\n<meta property=\"og:title\" content=\"Pallas-Yll\u00e4stunturin kansallispuisto - NUTS Yll\u00e4s Pallas Polkujuoksu\" \/>\n<meta property=\"og:description\" content=\"{:fi}Pallas-Yll\u00e4stunturin kansallispuisto on yksi Suomen vanhimmista kansallispuistoista. se tarjoaa loistavat olosuhteet ulkoiluun: vaeltaminen, polkujuoksu...{:}\" \/>\n<meta property=\"og:url\" content=\"https:\/\/nutsyllaspallas.com\/fi\/pallas-yllastunturin-kansallispuisto\/\" \/>\n<meta property=\"og:site_name\" content=\"NUTS Yll\u00e4s Pallas Polkujuoksu\" \/>\n<meta property=\"article:modified_time\" content=\"2026-03-31T07:49:48+00:00\" \/>\n<meta property=\"og:image\" content=\"https:\/\/media.nuts.fi\/wp-content\/uploads\/sites\/7\/2026\/03\/31095516\/YP-kansalispuisto-e1774940148594.jpg\" \/>\n\t<meta property=\"og:image:width\" content=\"1993\" \/>\n\t<meta property=\"og:image:height\" content=\"1307\" \/>\n\t<meta property=\"og:image:type\" content=\"image\/jpeg\" \/>\n<meta name=\"twitter:card\" content=\"summary_large_image\" \/>\n<meta name=\"twitter:label1\" content=\"Arvioitu lukuaika\" \/>\n\t<meta name=\"twitter:data1\" content=\"2 minuuttia\" \/>\n<script type=\"application\/ld+json\" class=\"yoast-schema-graph\">{\"@context\":\"https:\/\/schema.org\",\"@graph\":[{\"@type\":\"WebPage\",\"@id\":\"https:\/\/nutsyllaspallas.com\/fi\/pallas-yllastunturin-kansallispuisto\/\",\"url\":\"https:\/\/nutsyllaspallas.com\/fi\/pallas-yllastunturin-kansallispuisto\/\",\"name\":\"Pallas-Yll\u00e4stunturin kansallispuisto - NUTS Yll\u00e4s Pallas Polkujuoksu\",\"isPartOf\":{\"@id\":\"https:\/\/nutsyllaspallas.com\/fi\/#website\"},\"primaryImageOfPage\":{\"@id\":\"https:\/\/nutsyllaspallas.com\/fi\/pallas-yllastunturin-kansallispuisto\/#primaryimage\"},\"image\":{\"@id\":\"https:\/\/nutsyllaspallas.com\/fi\/pallas-yllastunturin-kansallispuisto\/#primaryimage\"},\"thumbnailUrl\":\"https:\/\/media.nuts.fi\/wp-content\/uploads\/sites\/7\/2026\/03\/31095516\/YP-kansalispuisto-e1774940148594.jpg\",\"datePublished\":\"2016-06-30T19:25:27+00:00\",\"dateModified\":\"2026-03-31T07:49:48+00:00\",\"description\":\"{:fi}Pallas-Yll\u00e4stunturin kansallispuisto on yksi Suomen vanhimmista kansallispuistoista. se tarjoaa loistavat olosuhteet ulkoiluun: vaeltaminen, polkujuoksu...{:}\",\"breadcrumb\":{\"@id\":\"https:\/\/nutsyllaspallas.com\/fi\/pallas-yllastunturin-kansallispuisto\/#breadcrumb\"},\"inLanguage\":\"fi\",\"potentialAction\":[{\"@type\":\"ReadAction\",\"target\":[\"https:\/\/nutsyllaspallas.com\/fi\/pallas-yllastunturin-kansallispuisto\/\"]}]},{\"@type\":\"ImageObject\",\"inLanguage\":\"fi\",\"@id\":\"https:\/\/nutsyllaspallas.com\/fi\/pallas-yllastunturin-kansallispuisto\/#primaryimage\",\"url\":\"https:\/\/media.nuts.fi\/wp-content\/uploads\/sites\/7\/2026\/03\/31095516\/YP-kansalispuisto-e1774940148594.jpg\",\"contentUrl\":\"https:\/\/media.nuts.fi\/wp-content\/uploads\/sites\/7\/2026\/03\/31095516\/YP-kansalispuisto-e1774940148594.jpg\",\"width\":1993,\"height\":1307},{\"@type\":\"BreadcrumbList\",\"@id\":\"https:\/\/nutsyllaspallas.com\/fi\/pallas-yllastunturin-kansallispuisto\/#breadcrumb\",\"itemListElement\":[{\"@type\":\"ListItem\",\"position\":1,\"name\":\"Etusivu\",\"item\":\"https:\/\/nutsyllaspallas.com\/fi\/\"},{\"@type\":\"ListItem\",\"position\":2,\"name\":\"Pallas-Yll\u00e4stunturin kansallispuisto\"}]},{\"@type\":\"WebSite\",\"@id\":\"https:\/\/nutsyllaspallas.com\/fi\/#website\",\"url\":\"https:\/\/nutsyllaspallas.com\/fi\/\",\"name\":\"NUTS Yll\u00e4s Pallas Polkujuoksu\",\"description\":\"Polkujuoksu 15, 37, 66, 100 ja 160 km Tunturi-Lapissa\",\"publisher\":{\"@id\":\"https:\/\/nutsyllaspallas.com\/fi\/#organization\"},\"potentialAction\":[{\"@type\":\"SearchAction\",\"target\":{\"@type\":\"EntryPoint\",\"urlTemplate\":\"https:\/\/nutsyllaspallas.com\/fi\/?s={search_term_string}\"},\"query-input\":{\"@type\":\"PropertyValueSpecification\",\"valueRequired\":true,\"valueName\":\"search_term_string\"}}],\"inLanguage\":\"fi\"},{\"@type\":\"Organization\",\"@id\":\"https:\/\/nutsyllaspallas.com\/fi\/#organization\",\"name\":\"NUTS Yll\u00e4s Pallas Polkujuoksu\",\"url\":\"https:\/\/nutsyllaspallas.com\/fi\/\",\"logo\":{\"@type\":\"ImageObject\",\"inLanguage\":\"fi\",\"@id\":\"https:\/\/nutsyllaspallas.com\/fi\/#\/schema\/logo\/image\/\",\"url\":\"https:\/\/media.nuts.fi\/wp-content\/uploads\/sites\/7\/2025\/01\/28141425\/nuts-yllas-pallas-white.svg\",\"contentUrl\":\"https:\/\/media.nuts.fi\/wp-content\/uploads\/sites\/7\/2025\/01\/28141425\/nuts-yllas-pallas-white.svg\",\"caption\":\"NUTS Yll\u00e4s Pallas Polkujuoksu\"},\"image\":{\"@id\":\"https:\/\/nutsyllaspallas.com\/fi\/#\/schema\/logo\/image\/\"}}]}<\/script>\n<!-- \/ Yoast SEO plugin. -->","yoast_head_json":{"title":"Pallas-Yll\u00e4stunturin kansallispuisto - NUTS Yll\u00e4s Pallas Polkujuoksu","description":"{:fi}Pallas-Yll\u00e4stunturin kansallispuisto on yksi Suomen vanhimmista kansallispuistoista. se tarjoaa loistavat olosuhteet ulkoiluun: vaeltaminen, polkujuoksu...{:}","robots":{"index":"index","follow":"follow","max-snippet":"max-snippet:-1","max-image-preview":"max-image-preview:large","max-video-preview":"max-video-preview:-1"},"canonical":"https:\/\/nutsyllaspallas.com\/fi\/pallas-yllastunturin-kansallispuisto\/","og_locale":"fi_FI","og_type":"article","og_title":"Pallas-Yll\u00e4stunturin kansallispuisto - NUTS Yll\u00e4s Pallas Polkujuoksu","og_description":"{:fi}Pallas-Yll\u00e4stunturin kansallispuisto on yksi Suomen vanhimmista kansallispuistoista. se tarjoaa loistavat olosuhteet ulkoiluun: vaeltaminen, polkujuoksu...{:}","og_url":"https:\/\/nutsyllaspallas.com\/fi\/pallas-yllastunturin-kansallispuisto\/","og_site_name":"NUTS Yll\u00e4s Pallas Polkujuoksu","article_modified_time":"2026-03-31T07:49:48+00:00","og_image":[{"width":1993,"height":1307,"url":"https:\/\/media.nuts.fi\/wp-content\/uploads\/sites\/7\/2026\/03\/31095516\/YP-kansalispuisto-e1774940148594.jpg","type":"image\/jpeg"}],"twitter_card":"summary_large_image","twitter_misc":{"Arvioitu lukuaika":"2 minuuttia"},"schema":{"@context":"https:\/\/schema.org","@graph":[{"@type":"WebPage","@id":"https:\/\/nutsyllaspallas.com\/fi\/pallas-yllastunturin-kansallispuisto\/","url":"https:\/\/nutsyllaspallas.com\/fi\/pallas-yllastunturin-kansallispuisto\/","name":"Pallas-Yll\u00e4stunturin kansallispuisto - NUTS Yll\u00e4s Pallas Polkujuoksu","isPartOf":{"@id":"https:\/\/nutsyllaspallas.com\/fi\/#website"},"primaryImageOfPage":{"@id":"https:\/\/nutsyllaspallas.com\/fi\/pallas-yllastunturin-kansallispuisto\/#primaryimage"},"image":{"@id":"https:\/\/nutsyllaspallas.com\/fi\/pallas-yllastunturin-kansallispuisto\/#primaryimage"},"thumbnailUrl":"https:\/\/media.nuts.fi\/wp-content\/uploads\/sites\/7\/2026\/03\/31095516\/YP-kansalispuisto-e1774940148594.jpg","datePublished":"2016-06-30T19:25:27+00:00","dateModified":"2026-03-31T07:49:48+00:00","description":"{:fi}Pallas-Yll\u00e4stunturin kansallispuisto on yksi Suomen vanhimmista kansallispuistoista. se tarjoaa loistavat olosuhteet ulkoiluun: vaeltaminen, polkujuoksu...{:}","breadcrumb":{"@id":"https:\/\/nutsyllaspallas.com\/fi\/pallas-yllastunturin-kansallispuisto\/#breadcrumb"},"inLanguage":"fi","potentialAction":[{"@type":"ReadAction","target":["https:\/\/nutsyllaspallas.com\/fi\/pallas-yllastunturin-kansallispuisto\/"]}]},{"@type":"ImageObject","inLanguage":"fi","@id":"https:\/\/nutsyllaspallas.com\/fi\/pallas-yllastunturin-kansallispuisto\/#primaryimage","url":"https:\/\/media.nuts.fi\/wp-content\/uploads\/sites\/7\/2026\/03\/31095516\/YP-kansalispuisto-e1774940148594.jpg","contentUrl":"https:\/\/media.nuts.fi\/wp-content\/uploads\/sites\/7\/2026\/03\/31095516\/YP-kansalispuisto-e1774940148594.jpg","width":1993,"height":1307},{"@type":"BreadcrumbList","@id":"https:\/\/nutsyllaspallas.com\/fi\/pallas-yllastunturin-kansallispuisto\/#breadcrumb","itemListElement":[{"@type":"ListItem","position":1,"name":"Etusivu","item":"https:\/\/nutsyllaspallas.com\/fi\/"},{"@type":"ListItem","position":2,"name":"Pallas-Yll\u00e4stunturin kansallispuisto"}]},{"@type":"WebSite","@id":"https:\/\/nutsyllaspallas.com\/fi\/#website","url":"https:\/\/nutsyllaspallas.com\/fi\/","name":"NUTS Yll\u00e4s Pallas Polkujuoksu","description":"Polkujuoksu 15, 37, 66, 100 ja 160 km Tunturi-Lapissa","publisher":{"@id":"https:\/\/nutsyllaspallas.com\/fi\/#organization"},"potentialAction":[{"@type":"SearchAction","target":{"@type":"EntryPoint","urlTemplate":"https:\/\/nutsyllaspallas.com\/fi\/?s={search_term_string}"},"query-input":{"@type":"PropertyValueSpecification","valueRequired":true,"valueName":"search_term_string"}}],"inLanguage":"fi"},{"@type":"Organization","@id":"https:\/\/nutsyllaspallas.com\/fi\/#organization","name":"NUTS Yll\u00e4s Pallas Polkujuoksu","url":"https:\/\/nutsyllaspallas.com\/fi\/","logo":{"@type":"ImageObject","inLanguage":"fi","@id":"https:\/\/nutsyllaspallas.com\/fi\/#\/schema\/logo\/image\/","url":"https:\/\/media.nuts.fi\/wp-content\/uploads\/sites\/7\/2025\/01\/28141425\/nuts-yllas-pallas-white.svg","contentUrl":"https:\/\/media.nuts.fi\/wp-content\/uploads\/sites\/7\/2025\/01\/28141425\/nuts-yllas-pallas-white.svg","caption":"NUTS Yll\u00e4s Pallas Polkujuoksu"},"image":{"@id":"https:\/\/nutsyllaspallas.com\/fi\/#\/schema\/logo\/image\/"}}]}},"taxonomy_info":[],"featured_image_src_large":["https:\/\/media.nuts.fi\/wp-content\/uploads\/sites\/7\/2026\/03\/31095516\/YP-kansalispuisto-e1774940148594-1024x672.jpg",1024,672,true],"author_info":{"display_name":"NUTS","author_link":"https:\/\/nutsyllaspallas.com\/fi\/author\/user\/"},"comment_info":0,"_links":{"self":[{"href":"https:\/\/nutsyllaspallas.com\/fi\/wp-json\/wp\/v2\/pages\/489","targetHints":{"allow":["GET"]}}],"collection":[{"href":"https:\/\/nutsyllaspallas.com\/fi\/wp-json\/wp\/v2\/pages"}],"about":[{"href":"https:\/\/nutsyllaspallas.com\/fi\/wp-json\/wp\/v2\/types\/page"}],"author":[{"embeddable":true,"href":"https:\/\/nutsyllaspallas.com\/fi\/wp-json\/wp\/v2\/users\/1"}],"replies":[{"embeddable":true,"href":"https:\/\/nutsyllaspallas.com\/fi\/wp-json\/wp\/v2\/comments?post=489"}],"version-history":[{"count":2,"href":"https:\/\/nutsyllaspallas.com\/fi\/wp-json\/wp\/v2\/pages\/489\/revisions"}],"predecessor-version":[{"id":5269,"href":"https:\/\/nutsyllaspallas.com\/fi\/wp-json\/wp\/v2\/pages\/489\/revisions\/5269"}],"wp:featuredmedia":[{"embeddable":true,"href":"https:\/\/nutsyllaspallas.com\/fi\/wp-json\/wp\/v2\/media\/5265"}],"wp:attachment":[{"href":"https:\/\/nutsyllaspallas.com\/fi\/wp-json\/wp\/v2\/media?parent=489"}],"curies":[{"name":"wp","href":"https:\/\/api.w.org\/{rel}","templated":true}]}}