{"id":536,"date":"2016-10-30T17:57:22","date_gmt":"2016-10-30T15:57:22","guid":{"rendered":"http:\/\/www.nutsyllaspallas.com\/?page_id=536"},"modified":"2025-01-31T08:54:33","modified_gmt":"2025-01-31T08:54:33","slug":"2016-2","status":"publish","type":"page","link":"https:\/\/nutsyllaspallas.com\/fi\/historia\/2016-2\/","title":{"rendered":"2016"},"content":{"rendered":"\n<!--more-->\n\n\n\n<h2 class=\"wp-block-heading\">Tulokset<\/h2>\n\n\n<div id=\"divRRPublish\" class=\"RRPublish\"><\/div><script type=\"text\/javascript\" src=\"https:\/\/my.raceresult.com\/RRPublish\/load.js.php?lang=fi\"><\/script><script type=\"text\/javascript\">\n                var rrp=new RRPublish(document.getElementById(\"divRRPublish\"), 52201, \"results\");\n                rrp.ShowTimerLogo=true;\n                rrp.ShowInfoText=false;\n            <\/script>\n\n\n\n<h2 class=\"wp-block-heading\">Videoita, kuvia<\/h2>\n\n\n\n<figure class=\"wp-block-embed is-type-video is-provider-youtube wp-block-embed-youtube wp-embed-aspect-16-9 wp-has-aspect-ratio\"><div class=\"wp-block-embed__wrapper\">\n<iframe loading=\"lazy\" title=\"Buff Trail Tour Finland 2016 - NUTS Pallas\" width=\"720\" height=\"405\" src=\"https:\/\/www.youtube.com\/embed\/GTFVOucL8-4?feature=oembed\" frameborder=\"0\" allow=\"accelerometer; autoplay; clipboard-write; encrypted-media; gyroscope; picture-in-picture; web-share\" referrerpolicy=\"strict-origin-when-cross-origin\" allowfullscreen><\/iframe>\n<\/div><\/figure>\n\n\n\n<figure class=\"wp-block-embed is-type-rich is-provider-flickr wp-block-embed-flickr\"><div class=\"wp-block-embed__wrapper\">\n<a data-flickr-embed='true' href='https:\/\/www.flickr.com\/photos\/nutsfi\/albums\/72157668313009534' title='NUTS Pallas 2016 by NUTSfi, on Flickr'><img src='https:\/\/live.staticflickr.com\/7498\/28349435306_b9a849606a_z.jpg' width='800' height='600' alt='FQ4A3109'><\/a><script async src='https:\/\/embedr.flickr.com\/assets\/client-code.js' charset='utf-8'><\/script>\n<\/div><\/figure>\n\n\n\n<p><a href=\"https:\/\/www.flickr.com\/photos\/nutsfi\/albums\/72157668313009534\">Aapo Laihon kuvakirjasto<\/a><\/p>\n\n\n\n<h2 class=\"wp-block-heading\">Blogeja<\/h2>\n\n\n\n<h3 class=\"wp-block-heading\">134 km<\/h3>\n\n\n\n<p><a href=\"http:\/\/ultra-stanleypark.blogspot.fi\/2016\/07\/viikko-28-ja-nutspallas-raportti.html\">http:\/\/ultra-stanleypark.blogspot.fi\/2016\/07\/viikko-28-ja-nutspallas-raportti.html<\/a><\/p>\n\n\n\n<p><a href=\"http:\/\/www.juoksufoorumi.fi\/blogs\/entry\/934-yll%C3%A4s-pallas-hetta-134km\/\">http:\/\/www.juoksufoorumi.fi\/blogs\/entry\/934-yll%C3%A4s-pallas-hetta-134km\/<\/a><\/p>\n\n\n\n<figure class=\"wp-block-embed is-type-wp-embed is-provider-hyv-ll-h-kill-jalkamatkailijan-tarinoita-ja-ajatuksia wp-block-embed-hyv-ll-h-kill-jalkamatkailijan-tarinoita-ja-ajatuksia\"><div class=\"wp-block-embed__wrapper\">\n<blockquote class=\"wp-embedded-content\" data-secret=\"hKoOwvF6pH\"><a href=\"https:\/\/hyvallahookilla.wordpress.com\/2016\/07\/21\/nuts-pallas-134km\/\">NUTS Pallas 134km<\/a><\/blockquote><iframe loading=\"lazy\" class=\"wp-embedded-content\" sandbox=\"allow-scripts\" security=\"restricted\" style=\"position: absolute; visibility: hidden;\" title=\"&#8221;NUTS Pallas 134km&#8221; &#8212; Hyv\u00e4ll\u00e4 H\u00f6\u00f6kill\u00e4 - Jalkamatkailijan tarinoita ja ajatuksia\" src=\"https:\/\/hyvallahookilla.wordpress.com\/2016\/07\/21\/nuts-pallas-134km\/embed\/#?secret=Yt44mDkwFm#?secret=hKoOwvF6pH\" data-secret=\"hKoOwvF6pH\" width=\"600\" height=\"338\" frameborder=\"0\" marginwidth=\"0\" marginheight=\"0\" scrolling=\"no\"><\/iframe>\n<\/div><\/figure>\n\n\n\n<figure class=\"wp-block-embed\"><div class=\"wp-block-embed__wrapper\">\nhttps:\/\/medium.com\/@villetuure\/raportti-nuts-pallas-134km-suomen-kes%C3%A4-koko-komeudessaan-yhdess%C3%A4-vuorokaudessa-fb1defb1a3e#.635006a3o\n<\/div><\/figure>\n\n\n\n<p><a href=\"http:\/\/www.juntit.net\/kilpailut\/2016\/07\/nuts-pallas-134-km\/\">http:\/\/www.juntit.net\/kilpailut\/2016\/07\/nuts-pallas-134-km\/<\/a><\/p>\n\n\n\n<h3 class=\"wp-block-heading\">55 km<\/h3>\n\n\n\n<p><a href=\"http:\/\/closecallsandlonghauls.blogspot.fi\/2016\/07\/nuts-pallas-55-km-1572016.html\">Jani Rintala<\/a><\/p>\n\n\n\n<figure class=\"wp-block-embed is-type-wp-embed is-provider-oksanen wp-block-embed-oksanen\"><div class=\"wp-block-embed__wrapper\">\n<blockquote class=\"wp-embedded-content\" data-secret=\"1scE2bRmZ6\"><a href=\"https:\/\/outdoor-oksanen.com\/2016\/07\/17\/nuts-pallas-55-km-tunturi-pisti-tuulemaan\/\">NUTS Pallas 55 km &#8211; tunturi pisti&nbsp;tuulemaan<\/a><\/blockquote><iframe loading=\"lazy\" class=\"wp-embedded-content\" sandbox=\"allow-scripts\" security=\"restricted\" style=\"position: absolute; visibility: hidden;\" title=\"&#8221;NUTS Pallas 55 km &#8211; tunturi pisti&nbsp;tuulemaan&#8221; &#8212; OKSANEN\" src=\"https:\/\/outdoor-oksanen.com\/2016\/07\/17\/nuts-pallas-55-km-tunturi-pisti-tuulemaan\/embed\/#?secret=m4LpWpUmzv#?secret=1scE2bRmZ6\" data-secret=\"1scE2bRmZ6\" width=\"600\" height=\"338\" frameborder=\"0\" marginwidth=\"0\" marginheight=\"0\" scrolling=\"no\"><\/iframe>\n<\/div><\/figure>\n\n\n\n<figure class=\"wp-block-embed is-type-wp-embed is-provider-juoksuvarvas wp-block-embed-juoksuvarvas\"><div class=\"wp-block-embed__wrapper\">\n<blockquote class=\"wp-embedded-content\" data-secret=\"0HVBS77zHu\"><a href=\"https:\/\/juoksuvarvas.wordpress.com\/2016\/07\/18\/nuts-pallas\/\">NUTS Pallas 55<\/a><\/blockquote><iframe loading=\"lazy\" class=\"wp-embedded-content\" sandbox=\"allow-scripts\" security=\"restricted\" style=\"position: absolute; visibility: hidden;\" title=\"&#8221;NUTS Pallas 55&#8221; &#8212; juoksuvarvas\" src=\"https:\/\/juoksuvarvas.wordpress.com\/2016\/07\/18\/nuts-pallas\/embed\/#?secret=1oqcmu1hKk#?secret=0HVBS77zHu\" data-secret=\"0HVBS77zHu\" width=\"600\" height=\"338\" frameborder=\"0\" marginwidth=\"0\" marginheight=\"0\" scrolling=\"no\"><\/iframe>\n<\/div><\/figure>\n\n\n\n<p><a href=\"http:\/\/www.lily.fi\/blogit\/kantapaaopistossa\/nuts-pallas-2016-55km-kisaraportti\">http:\/\/www.lily.fi\/blogit\/kantapaaopistossa\/nuts-pallas-2016-55km-kisaraportti<\/a><\/p>\n\n\n\n<p><blockquote class=\"wp-embedded-content\" data-secret=\"mffJcOy4BU\"><a href=\"http:\/\/sambarunning.com\/nuts-pallas-muuta-kuin-kotipolut\/\">NUTS Pallas \u2013 muuta kuin kotipolut<\/a><\/blockquote><iframe loading=\"lazy\" class=\"wp-embedded-content\" sandbox=\"allow-scripts\" security=\"restricted\" style=\"position: absolute; visibility: hidden;\" title=\"&#8220;NUTS Pallas \u2013 muuta kuin kotipolut&#8221; &#8212; Samba Trail Running Club\" src=\"http:\/\/sambarunning.com\/nuts-pallas-muuta-kuin-kotipolut\/embed\/#?secret=mffJcOy4BU\" data-secret=\"mffJcOy4BU\" width=\"600\" height=\"338\" frameborder=\"0\" marginwidth=\"0\" marginheight=\"0\" scrolling=\"no\"><\/iframe><\/p>\n\n\n\n<p><a href=\"http:\/\/muddytales.blogspot.fi\/2016\/07\/nutspallas-55k-magical-lapland-another.html\">http:\/\/muddytales.blogspot.fi\/2016\/07\/nutspallas-55k-magical-lapland-another.html<\/a><\/p>\n\n\n\n<p><a href=\"http:\/\/matti-kivinen.blogspot.fi\/2016\/07\/nuts-pallas-2016-sadetta-ja-sumua.html\">http:\/\/matti-kivinen.blogspot.fi\/2016\/07\/nuts-pallas-2016-sadetta-ja-sumua.html<\/a><\/p>\n\n\n\n<p><a href=\"http:\/\/oddotto.tumblr.com\/post\/147693366447\/for-the-king-for-the-land-for-the-mountains\">http:\/\/oddotto.tumblr.com\/post\/147693366447\/for-the-king-for-the-land-for-the-mountains<\/a><\/p>\n\n\n\n<p><a href=\"http:\/\/maastojuoksu.tumblr.com\/post\/147797149185\/sumuinen-nuts-pallas-55-km-2016\">http:\/\/maastojuoksu.tumblr.com\/post\/147797149185\/sumuinen-nuts-pallas-55-km-2016<\/a><\/p>\n\n\n\n<p><a href=\"http:\/\/paripolkua.blogspot.fi\/2016\/07\/nutspallas-55km-elamani-ensimmainen.html\">http:\/\/paripolkua.blogspot.fi\/2016\/07\/nutspallas-55km-elamani-ensimmainen.html<\/a><\/p>\n\n\n\n<h3 class=\"wp-block-heading\">26 km<\/h3>\n\n\n\n<p><a href=\"http:\/\/endorphinist42195.blogspot.fi\/2016\/07\/going-nuts-at-nuts-pallas-tunkaten.html\">http:\/\/endorphinist42195.blogspot.fi\/2016\/07\/going-nuts-at-nuts-pallas-tunkaten.html<\/a><\/p>\n","protected":false},"excerpt":{"rendered":"","protected":false},"author":1,"featured_media":539,"parent":277,"menu_order":10,"comment_status":"closed","ping_status":"closed","template":"","meta":{"_kad_blocks_custom_css":"","_kad_blocks_head_custom_js":"","_kad_blocks_body_custom_js":"","_kad_blocks_footer_custom_js":"","_kad_post_transparent":"","_kad_post_title":"","_kad_post_layout":"","_kad_post_sidebar_id":"","_kad_post_content_style":"","_kad_post_vertical_padding":"","_kad_post_feature":"","_kad_post_feature_position":"","_kad_post_header":false,"_kad_post_footer":false,"_kad_post_classname":"","footnotes":""},"class_list":["post-536","page","type-page","status-publish","has-post-thumbnail","hentry"],"yoast_head":"<!-- This site is optimized with the Yoast SEO plugin v26.8 - https:\/\/yoast.com\/product\/yoast-seo-wordpress\/ -->\n<title>2016 - NUTS Yll\u00e4s Pallas Polkujuoksu<\/title>\n<meta name=\"robots\" content=\"index, follow, max-snippet:-1, max-image-preview:large, max-video-preview:-1\" \/>\n<link rel=\"canonical\" href=\"https:\/\/nutsyllaspallas.com\/fi\/historia\/2016-2\/\" \/>\n<meta property=\"og:locale\" content=\"fi_FI\" \/>\n<meta property=\"og:type\" content=\"article\" \/>\n<meta property=\"og:title\" content=\"2016 - NUTS Yll\u00e4s Pallas Polkujuoksu\" \/>\n<meta property=\"og:url\" content=\"https:\/\/nutsyllaspallas.com\/fi\/historia\/2016-2\/\" \/>\n<meta property=\"og:site_name\" content=\"NUTS Yll\u00e4s Pallas Polkujuoksu\" \/>\n<meta property=\"article:modified_time\" content=\"2025-01-31T08:54:33+00:00\" \/>\n<meta property=\"og:image\" content=\"https:\/\/media.nuts.fi\/wp-content\/uploads\/sites\/7\/2016\/10\/28141537\/27766905693_a43b3f885f_k.jpg\" \/>\n\t<meta property=\"og:image:width\" content=\"2048\" \/>\n\t<meta property=\"og:image:height\" content=\"1169\" \/>\n\t<meta property=\"og:image:type\" content=\"image\/jpeg\" \/>\n<meta name=\"twitter:card\" content=\"summary_large_image\" \/>\n<meta name=\"twitter:label1\" content=\"Arvioitu lukuaika\" \/>\n\t<meta name=\"twitter:data1\" content=\"1 minuutti\" \/>\n<script type=\"application\/ld+json\" class=\"yoast-schema-graph\">{\"@context\":\"https:\/\/schema.org\",\"@graph\":[{\"@type\":\"WebPage\",\"@id\":\"https:\/\/nutsyllaspallas.com\/fi\/historia\/2016-2\/\",\"url\":\"https:\/\/nutsyllaspallas.com\/fi\/historia\/2016-2\/\",\"name\":\"2016 - NUTS Yll\u00e4s Pallas Polkujuoksu\",\"isPartOf\":{\"@id\":\"https:\/\/nutsyllaspallas.com\/fi\/#website\"},\"primaryImageOfPage\":{\"@id\":\"https:\/\/nutsyllaspallas.com\/fi\/historia\/2016-2\/#primaryimage\"},\"image\":{\"@id\":\"https:\/\/nutsyllaspallas.com\/fi\/historia\/2016-2\/#primaryimage\"},\"thumbnailUrl\":\"https:\/\/media.nuts.fi\/wp-content\/uploads\/sites\/7\/2016\/10\/28141537\/27766905693_a43b3f885f_k.jpg\",\"datePublished\":\"2016-10-30T15:57:22+00:00\",\"dateModified\":\"2025-01-31T08:54:33+00:00\",\"breadcrumb\":{\"@id\":\"https:\/\/nutsyllaspallas.com\/fi\/historia\/2016-2\/#breadcrumb\"},\"inLanguage\":\"fi\",\"potentialAction\":[{\"@type\":\"ReadAction\",\"target\":[\"https:\/\/nutsyllaspallas.com\/fi\/historia\/2016-2\/\"]}]},{\"@type\":\"ImageObject\",\"inLanguage\":\"fi\",\"@id\":\"https:\/\/nutsyllaspallas.com\/fi\/historia\/2016-2\/#primaryimage\",\"url\":\"https:\/\/media.nuts.fi\/wp-content\/uploads\/sites\/7\/2016\/10\/28141537\/27766905693_a43b3f885f_k.jpg\",\"contentUrl\":\"https:\/\/media.nuts.fi\/wp-content\/uploads\/sites\/7\/2016\/10\/28141537\/27766905693_a43b3f885f_k.jpg\",\"width\":2048,\"height\":1169},{\"@type\":\"BreadcrumbList\",\"@id\":\"https:\/\/nutsyllaspallas.com\/fi\/historia\/2016-2\/#breadcrumb\",\"itemListElement\":[{\"@type\":\"ListItem\",\"position\":1,\"name\":\"Etusivu\",\"item\":\"https:\/\/nutsyllaspallas.com\/fi\/\"},{\"@type\":\"ListItem\",\"position\":2,\"name\":\"Historia\",\"item\":\"https:\/\/nutsyllaspallas.com\/fi\/historia\/\"},{\"@type\":\"ListItem\",\"position\":3,\"name\":\"2016\"}]},{\"@type\":\"WebSite\",\"@id\":\"https:\/\/nutsyllaspallas.com\/fi\/#website\",\"url\":\"https:\/\/nutsyllaspallas.com\/fi\/\",\"name\":\"NUTS Yll\u00e4s Pallas Polkujuoksu\",\"description\":\"Polkujuoksu 15, 37, 66, 100 ja 160 km Tunturi-Lapissa\",\"publisher\":{\"@id\":\"https:\/\/nutsyllaspallas.com\/fi\/#organization\"},\"potentialAction\":[{\"@type\":\"SearchAction\",\"target\":{\"@type\":\"EntryPoint\",\"urlTemplate\":\"https:\/\/nutsyllaspallas.com\/fi\/?s={search_term_string}\"},\"query-input\":{\"@type\":\"PropertyValueSpecification\",\"valueRequired\":true,\"valueName\":\"search_term_string\"}}],\"inLanguage\":\"fi\"},{\"@type\":\"Organization\",\"@id\":\"https:\/\/nutsyllaspallas.com\/fi\/#organization\",\"name\":\"NUTS Yll\u00e4s Pallas Polkujuoksu\",\"url\":\"https:\/\/nutsyllaspallas.com\/fi\/\",\"logo\":{\"@type\":\"ImageObject\",\"inLanguage\":\"fi\",\"@id\":\"https:\/\/nutsyllaspallas.com\/fi\/#\/schema\/logo\/image\/\",\"url\":\"https:\/\/media.nuts.fi\/wp-content\/uploads\/sites\/7\/2025\/01\/28141425\/nuts-yllas-pallas-white.svg\",\"contentUrl\":\"https:\/\/media.nuts.fi\/wp-content\/uploads\/sites\/7\/2025\/01\/28141425\/nuts-yllas-pallas-white.svg\",\"caption\":\"NUTS Yll\u00e4s Pallas Polkujuoksu\"},\"image\":{\"@id\":\"https:\/\/nutsyllaspallas.com\/fi\/#\/schema\/logo\/image\/\"}}]}<\/script>\n<!-- \/ Yoast SEO plugin. -->","yoast_head_json":{"title":"2016 - NUTS Yll\u00e4s Pallas Polkujuoksu","robots":{"index":"index","follow":"follow","max-snippet":"max-snippet:-1","max-image-preview":"max-image-preview:large","max-video-preview":"max-video-preview:-1"},"canonical":"https:\/\/nutsyllaspallas.com\/fi\/historia\/2016-2\/","og_locale":"fi_FI","og_type":"article","og_title":"2016 - NUTS Yll\u00e4s Pallas Polkujuoksu","og_url":"https:\/\/nutsyllaspallas.com\/fi\/historia\/2016-2\/","og_site_name":"NUTS Yll\u00e4s Pallas Polkujuoksu","article_modified_time":"2025-01-31T08:54:33+00:00","og_image":[{"width":2048,"height":1169,"url":"https:\/\/media.nuts.fi\/wp-content\/uploads\/sites\/7\/2016\/10\/28141537\/27766905693_a43b3f885f_k.jpg","type":"image\/jpeg"}],"twitter_card":"summary_large_image","twitter_misc":{"Arvioitu lukuaika":"1 minuutti"},"schema":{"@context":"https:\/\/schema.org","@graph":[{"@type":"WebPage","@id":"https:\/\/nutsyllaspallas.com\/fi\/historia\/2016-2\/","url":"https:\/\/nutsyllaspallas.com\/fi\/historia\/2016-2\/","name":"2016 - NUTS Yll\u00e4s Pallas Polkujuoksu","isPartOf":{"@id":"https:\/\/nutsyllaspallas.com\/fi\/#website"},"primaryImageOfPage":{"@id":"https:\/\/nutsyllaspallas.com\/fi\/historia\/2016-2\/#primaryimage"},"image":{"@id":"https:\/\/nutsyllaspallas.com\/fi\/historia\/2016-2\/#primaryimage"},"thumbnailUrl":"https:\/\/media.nuts.fi\/wp-content\/uploads\/sites\/7\/2016\/10\/28141537\/27766905693_a43b3f885f_k.jpg","datePublished":"2016-10-30T15:57:22+00:00","dateModified":"2025-01-31T08:54:33+00:00","breadcrumb":{"@id":"https:\/\/nutsyllaspallas.com\/fi\/historia\/2016-2\/#breadcrumb"},"inLanguage":"fi","potentialAction":[{"@type":"ReadAction","target":["https:\/\/nutsyllaspallas.com\/fi\/historia\/2016-2\/"]}]},{"@type":"ImageObject","inLanguage":"fi","@id":"https:\/\/nutsyllaspallas.com\/fi\/historia\/2016-2\/#primaryimage","url":"https:\/\/media.nuts.fi\/wp-content\/uploads\/sites\/7\/2016\/10\/28141537\/27766905693_a43b3f885f_k.jpg","contentUrl":"https:\/\/media.nuts.fi\/wp-content\/uploads\/sites\/7\/2016\/10\/28141537\/27766905693_a43b3f885f_k.jpg","width":2048,"height":1169},{"@type":"BreadcrumbList","@id":"https:\/\/nutsyllaspallas.com\/fi\/historia\/2016-2\/#breadcrumb","itemListElement":[{"@type":"ListItem","position":1,"name":"Etusivu","item":"https:\/\/nutsyllaspallas.com\/fi\/"},{"@type":"ListItem","position":2,"name":"Historia","item":"https:\/\/nutsyllaspallas.com\/fi\/historia\/"},{"@type":"ListItem","position":3,"name":"2016"}]},{"@type":"WebSite","@id":"https:\/\/nutsyllaspallas.com\/fi\/#website","url":"https:\/\/nutsyllaspallas.com\/fi\/","name":"NUTS Yll\u00e4s Pallas Polkujuoksu","description":"Polkujuoksu 15, 37, 66, 100 ja 160 km Tunturi-Lapissa","publisher":{"@id":"https:\/\/nutsyllaspallas.com\/fi\/#organization"},"potentialAction":[{"@type":"SearchAction","target":{"@type":"EntryPoint","urlTemplate":"https:\/\/nutsyllaspallas.com\/fi\/?s={search_term_string}"},"query-input":{"@type":"PropertyValueSpecification","valueRequired":true,"valueName":"search_term_string"}}],"inLanguage":"fi"},{"@type":"Organization","@id":"https:\/\/nutsyllaspallas.com\/fi\/#organization","name":"NUTS Yll\u00e4s Pallas Polkujuoksu","url":"https:\/\/nutsyllaspallas.com\/fi\/","logo":{"@type":"ImageObject","inLanguage":"fi","@id":"https:\/\/nutsyllaspallas.com\/fi\/#\/schema\/logo\/image\/","url":"https:\/\/media.nuts.fi\/wp-content\/uploads\/sites\/7\/2025\/01\/28141425\/nuts-yllas-pallas-white.svg","contentUrl":"https:\/\/media.nuts.fi\/wp-content\/uploads\/sites\/7\/2025\/01\/28141425\/nuts-yllas-pallas-white.svg","caption":"NUTS Yll\u00e4s Pallas Polkujuoksu"},"image":{"@id":"https:\/\/nutsyllaspallas.com\/fi\/#\/schema\/logo\/image\/"}}]}},"taxonomy_info":[],"featured_image_src_large":["https:\/\/media.nuts.fi\/wp-content\/uploads\/sites\/7\/2016\/10\/28141537\/27766905693_a43b3f885f_k-1024x585.jpg",1024,585,true],"author_info":{"display_name":"NUTS","author_link":"https:\/\/nutsyllaspallas.com\/fi\/author\/user\/"},"comment_info":0,"_links":{"self":[{"href":"https:\/\/nutsyllaspallas.com\/fi\/wp-json\/wp\/v2\/pages\/536","targetHints":{"allow":["GET"]}}],"collection":[{"href":"https:\/\/nutsyllaspallas.com\/fi\/wp-json\/wp\/v2\/pages"}],"about":[{"href":"https:\/\/nutsyllaspallas.com\/fi\/wp-json\/wp\/v2\/types\/page"}],"author":[{"embeddable":true,"href":"https:\/\/nutsyllaspallas.com\/fi\/wp-json\/wp\/v2\/users\/1"}],"replies":[{"embeddable":true,"href":"https:\/\/nutsyllaspallas.com\/fi\/wp-json\/wp\/v2\/comments?post=536"}],"version-history":[{"count":2,"href":"https:\/\/nutsyllaspallas.com\/fi\/wp-json\/wp\/v2\/pages\/536\/revisions"}],"predecessor-version":[{"id":4295,"href":"https:\/\/nutsyllaspallas.com\/fi\/wp-json\/wp\/v2\/pages\/536\/revisions\/4295"}],"up":[{"embeddable":true,"href":"https:\/\/nutsyllaspallas.com\/fi\/wp-json\/wp\/v2\/pages\/277"}],"wp:featuredmedia":[{"embeddable":true,"href":"https:\/\/nutsyllaspallas.com\/fi\/wp-json\/wp\/v2\/media\/539"}],"wp:attachment":[{"href":"https:\/\/nutsyllaspallas.com\/fi\/wp-json\/wp\/v2\/media?parent=536"}],"curies":[{"name":"wp","href":"https:\/\/api.w.org\/{rel}","templated":true}]}}